{"id":7082,"date":"2024-03-13T01:21:06","date_gmt":"2024-03-13T01:21:06","guid":{"rendered":"https:\/\/imia.com.cn\/?post_type=product&#038;p=7082"},"modified":"2024-11-01T01:55:47","modified_gmt":"2024-11-01T01:55:47","slug":"european-travel-adapter","status":"publish","type":"product","link":"https:\/\/imiapower.com\/es\/products\/travel-adapter\/european-travel-adapter\/","title":{"rendered":"Adaptador de viaje europeo Beauty 20W"},"content":{"rendered":"<ul>\n<li><strong>adaptador de viaje europeo<\/strong><\/li>\n<li><strong>Entrada de CA:<\/strong> 100-250 V\/CA 50-60 Hz<\/li>\n<li><strong>Salida de CA:<\/strong> 6A m\u00e1x. (600W\/100V o 1500W\/250V)<\/li>\n<li><strong>Salida USB-A:<\/strong> 5V3A, 9V2A, 12V 1,5A (control de calidad 3,0 18W)<\/li>\n<li><strong>Tipo C:<\/strong> 5V3A, 9V2.22A, 12V1.67A (20W m\u00e1x.)<\/li>\n<li><strong>Enchufar :<\/strong> Tama\u00f1o UE\/AUS\/UK\/EE. UU.: 64,5x53x61,5mm<\/li>\n<li><strong>Material :<\/strong> ABS + metal de cobre<\/li>\n<li><strong>Pa\u00edses:<\/strong> EU\/AU\/UK\/US todo en uno se puede utilizar en m\u00e1s de 170 pa\u00edses<\/li>\n<li><strong>Certificado :<\/strong> CE, RoHS<\/li>\n<\/ul>","protected":false},"excerpt":{"rendered":"<p>Este tratamiento de superficie de adaptador de viaje europeo puede elegir pintura al \u00f3leo, lo que har\u00e1 que el producto se sienta muy bien en la mano.<\/p>\n<p>El tama\u00f1o de este adaptador no es grande, en comparaci\u00f3n con el modelo del mismo tama\u00f1o, ser\u00e1 un dise\u00f1o de 5w o 12w.<\/p>\n<p>En este modelo, en comparaci\u00f3n con el adaptador de viaje cl\u00e1sico, el bot\u00f3n pulsador es m\u00e1s conveniente.<\/p>\n<p>Cuatro enchufes en un adaptador para EE. UU. (JP), Australia, UE y Reino Unido<\/p>\n<p><span style=\"font-size: 16px;\"><img fetchpriority=\"high\" decoding=\"async\" class=\"alignnone size-medium wp-image-8509\" src=\"https:\/\/imiapower.com\/wp-content\/uploads\/Travel-Adapter-6-300x300.jpg\" alt=\"adaptador de viaje europeo\" width=\"300\" height=\"300\" srcset=\"https:\/\/imiapower.com\/wp-content\/uploads\/Travel-Adapter-6-300x300.jpg 300w, https:\/\/imiapower.com\/wp-content\/uploads\/Travel-Adapter-6-100x100.jpg 100w, https:\/\/imiapower.com\/wp-content\/uploads\/Travel-Adapter-6-600x600.jpg 600w, https:\/\/imiapower.com\/wp-content\/uploads\/Travel-Adapter-6-64x64.jpg 64w, https:\/\/imiapower.com\/wp-content\/uploads\/Travel-Adapter-6-150x150.jpg 150w, https:\/\/imiapower.com\/wp-content\/uploads\/Travel-Adapter-6-768x768.jpg 768w, https:\/\/imiapower.com\/wp-content\/uploads\/Travel-Adapter-6-12x12.jpg 12w, https:\/\/imiapower.com\/wp-content\/uploads\/Travel-Adapter-6.jpg 800w\" sizes=\"(max-width: 300px) 100vw, 300px\" \/>\u00a0<\/span><\/p>\n<p>&nbsp;<\/p>\n<p>&nbsp;<\/p>\n<p>&nbsp;<\/p>","protected":false},"featured_media":7982,"comment_status":"open","ping_status":"closed","template":"","meta":{"rank_math_lock_modified_date":false,"site-sidebar-layout":"default","site-content-layout":"","ast-site-content-layout":"default","site-content-style":"default","site-sidebar-style":"default","ast-global-header-display":"","ast-banner-title-visibility":"","ast-main-header-display":"","ast-hfb-above-header-display":"","ast-hfb-below-header-display":"","ast-hfb-mobile-header-display":"","site-post-title":"","ast-breadcrumbs-content":"","ast-featured-img":"","footer-sml-layout":"","ast-disable-related-posts":"","theme-transparent-header-meta":"default","adv-header-id-meta":"","stick-header-meta":"","header-above-stick-meta":"","header-main-stick-meta":"","header-below-stick-meta":"","astra-migrate-meta-layouts":"set","ast-page-background-enabled":"default","ast-page-background-meta":{"desktop":{"background-color":"","background-image":"","background-repeat":"repeat","background-position":"center center","background-size":"auto","background-attachment":"scroll","background-type":"","background-media":"","overlay-type":"","overlay-color":"","overlay-opacity":"","overlay-gradient":""},"tablet":{"background-color":"","background-image":"","background-repeat":"repeat","background-position":"center center","background-size":"auto","background-attachment":"scroll","background-type":"","background-media":"","overlay-type":"","overlay-color":"","overlay-opacity":"","overlay-gradient":""},"mobile":{"background-color":"","background-image":"","background-repeat":"repeat","background-position":"center center","background-size":"auto","background-attachment":"scroll","background-type":"","background-media":"","overlay-type":"","overlay-color":"","overlay-opacity":"","overlay-gradient":""}},"ast-content-background-meta":{"desktop":{"background-color":"var(--ast-global-color-5)","background-image":"","background-repeat":"repeat","background-position":"center center","background-size":"auto","background-attachment":"scroll","background-type":"","background-media":"","overlay-type":"","overlay-color":"","overlay-opacity":"","overlay-gradient":""},"tablet":{"background-color":"var(--ast-global-color-5)","background-image":"","background-repeat":"repeat","background-position":"center center","background-size":"auto","background-attachment":"scroll","background-type":"","background-media":"","overlay-type":"","overlay-color":"","overlay-opacity":"","overlay-gradient":""},"mobile":{"background-color":"var(--ast-global-color-5)","background-image":"","background-repeat":"repeat","background-position":"center center","background-size":"auto","background-attachment":"scroll","background-type":"","background-media":"","overlay-type":"","overlay-color":"","overlay-opacity":"","overlay-gradient":""}}},"product_cat":[64],"product_tag":[],"class_list":{"0":"post-7082","1":"product","2":"type-product","3":"status-publish","4":"has-post-thumbnail","6":"product_cat-travel-adapter","7":"desktop-align-center","8":"tablet-align-center","9":"mobile-align-center","11":"first","12":"instock","13":"shipping-taxable","14":"product-type-simple"},"_links":{"self":[{"href":"https:\/\/imiapower.com\/es\/wp-json\/wp\/v2\/product\/7082","targetHints":{"allow":["GET"]}}],"collection":[{"href":"https:\/\/imiapower.com\/es\/wp-json\/wp\/v2\/product"}],"about":[{"href":"https:\/\/imiapower.com\/es\/wp-json\/wp\/v2\/types\/product"}],"replies":[{"embeddable":true,"href":"https:\/\/imiapower.com\/es\/wp-json\/wp\/v2\/comments?post=7082"}],"version-history":[{"count":5,"href":"https:\/\/imiapower.com\/es\/wp-json\/wp\/v2\/product\/7082\/revisions"}],"predecessor-version":[{"id":7984,"href":"https:\/\/imiapower.com\/es\/wp-json\/wp\/v2\/product\/7082\/revisions\/7984"}],"wp:featuredmedia":[{"embeddable":true,"href":"https:\/\/imiapower.com\/es\/wp-json\/wp\/v2\/media\/7982"}],"wp:attachment":[{"href":"https:\/\/imiapower.com\/es\/wp-json\/wp\/v2\/media?parent=7082"}],"wp:term":[{"taxonomy":"product_cat","embeddable":true,"href":"https:\/\/imiapower.com\/es\/wp-json\/wp\/v2\/product_cat?post=7082"},{"taxonomy":"product_tag","embeddable":true,"href":"https:\/\/imiapower.com\/es\/wp-json\/wp\/v2\/product_tag?post=7082"}],"curies":[{"name":"wp","href":"https:\/\/api.w.org\/{rel}","templated":true}]}}