{"id":7122,"date":"2024-03-15T03:50:30","date_gmt":"2024-03-15T03:50:30","guid":{"rendered":"https:\/\/imia.com.cn\/?post_type=product&#038;p=7122"},"modified":"2026-01-05T08:15:11","modified_gmt":"2026-01-05T08:15:11","slug":"65w-usb-c-laptop-charger","status":"publish","type":"product","link":"https:\/\/imiapower.com\/es\/products\/wall-charger\/65w-usb-c-laptop-charger\/","title":{"rendered":"Cargador creativo para port\u00e1til USB C de 65 W con cable de 1,2 m"},"content":{"rendered":"<ul>\n<li><strong>cargador del ordenador port\u00e1til de 65w USB C<\/strong><\/li>\n<li><strong>Dimensi\u00f3n:<\/strong>65*65*29MM<\/li>\n<li><strong>Caracter\u00edstica:<\/strong> Enchufe plegable de EE. UU.<\/li>\n<li><strong>Producci\u00f3n<\/strong> 5V\/3A, 9V\/3A, 12V\/3A, 15V\/3A, 20V\/3,25A (65w m\u00e1x.)<\/li>\n<li><strong>Color:<\/strong> Blanco negro<\/li>\n<li><strong>Aporte :<\/strong> 100-240 VCA 50\/60 HZ<\/li>\n<li><strong>Certificado :<\/strong> UL\/FCC\/CE\/CB\/UKCA\/PSE<\/li>\n<li><strong>Extra:<\/strong> Cable tipo C de 1,2M<\/li>\n<li><strong>Cubrir:<\/strong> Material resistente al fuego<\/li>\n<\/ul>","protected":false},"excerpt":{"rendered":"<p>Este adaptador de corriente de 65 vatios tiene certificaci\u00f3n mundial. Los clientes que nos lo compren pueden venderlo en cualquier pa\u00eds y es una buena opci\u00f3n para cargar una computadora port\u00e1til con alta velocidad.<\/p>\n<p>Es un reemplazo s\u00faper delgado y compacto para adaptadores de corriente originales defectuosos o perdidos. Tambi\u00e9n es ideal para un segundo adaptador de corriente en la oficina, de viaje o en casa.<\/p>\n<p>Compatible con los \u00faltimos port\u00e1tiles\/port\u00e1tiles\/tel\u00e9fonos inteligentes que se cargan mediante un conector USB-C<\/p>\n<p>Enchufes EE. UU.\/REINO UNIDO\/UE\/AUS disponibles<\/p>\n<p>Se pueden proporcionar muestras gratuitas.<\/p>\n<p>En comparaci\u00f3n con otros, este cargador para computadora port\u00e1til USB C de 65 W ofrece 3 a\u00f1os de garant\u00eda.<\/p>\n<p>&nbsp;<\/p>\n<p>&nbsp;<\/p>\n<p>&nbsp;<\/p>\n<p>&nbsp;<\/p>","protected":false},"featured_media":7390,"comment_status":"open","ping_status":"closed","template":"","meta":{"rank_math_lock_modified_date":false,"site-sidebar-layout":"default","site-content-layout":"","ast-site-content-layout":"default","site-content-style":"default","site-sidebar-style":"default","ast-global-header-display":"","ast-banner-title-visibility":"","ast-main-header-display":"","ast-hfb-above-header-display":"","ast-hfb-below-header-display":"","ast-hfb-mobile-header-display":"","site-post-title":"","ast-breadcrumbs-content":"","ast-featured-img":"","footer-sml-layout":"","ast-disable-related-posts":"","theme-transparent-header-meta":"default","adv-header-id-meta":"","stick-header-meta":"","header-above-stick-meta":"","header-main-stick-meta":"","header-below-stick-meta":"","astra-migrate-meta-layouts":"set","ast-page-background-enabled":"default","ast-page-background-meta":{"desktop":{"background-color":"","background-image":"","background-repeat":"repeat","background-position":"center center","background-size":"auto","background-attachment":"scroll","background-type":"","background-media":"","overlay-type":"","overlay-color":"","overlay-opacity":"","overlay-gradient":""},"tablet":{"background-color":"","background-image":"","background-repeat":"repeat","background-position":"center center","background-size":"auto","background-attachment":"scroll","background-type":"","background-media":"","overlay-type":"","overlay-color":"","overlay-opacity":"","overlay-gradient":""},"mobile":{"background-color":"","background-image":"","background-repeat":"repeat","background-position":"center center","background-size":"auto","background-attachment":"scroll","background-type":"","background-media":"","overlay-type":"","overlay-color":"","overlay-opacity":"","overlay-gradient":""}},"ast-content-background-meta":{"desktop":{"background-color":"var(--ast-global-color-5)","background-image":"","background-repeat":"repeat","background-position":"center center","background-size":"auto","background-attachment":"scroll","background-type":"","background-media":"","overlay-type":"","overlay-color":"","overlay-opacity":"","overlay-gradient":""},"tablet":{"background-color":"var(--ast-global-color-5)","background-image":"","background-repeat":"repeat","background-position":"center center","background-size":"auto","background-attachment":"scroll","background-type":"","background-media":"","overlay-type":"","overlay-color":"","overlay-opacity":"","overlay-gradient":""},"mobile":{"background-color":"var(--ast-global-color-5)","background-image":"","background-repeat":"repeat","background-position":"center center","background-size":"auto","background-attachment":"scroll","background-type":"","background-media":"","overlay-type":"","overlay-color":"","overlay-opacity":"","overlay-gradient":""}}},"product_cat":[43],"product_tag":[],"class_list":{"0":"post-7122","1":"product","2":"type-product","3":"status-publish","4":"has-post-thumbnail","6":"product_cat-wall-charger","7":"desktop-align-center","8":"tablet-align-center","9":"mobile-align-center","11":"first","12":"instock","13":"featured","14":"shipping-taxable","15":"product-type-simple"},"_links":{"self":[{"href":"https:\/\/imiapower.com\/es\/wp-json\/wp\/v2\/product\/7122","targetHints":{"allow":["GET"]}}],"collection":[{"href":"https:\/\/imiapower.com\/es\/wp-json\/wp\/v2\/product"}],"about":[{"href":"https:\/\/imiapower.com\/es\/wp-json\/wp\/v2\/types\/product"}],"replies":[{"embeddable":true,"href":"https:\/\/imiapower.com\/es\/wp-json\/wp\/v2\/comments?post=7122"}],"version-history":[{"count":3,"href":"https:\/\/imiapower.com\/es\/wp-json\/wp\/v2\/product\/7122\/revisions"}],"predecessor-version":[{"id":7904,"href":"https:\/\/imiapower.com\/es\/wp-json\/wp\/v2\/product\/7122\/revisions\/7904"}],"wp:featuredmedia":[{"embeddable":true,"href":"https:\/\/imiapower.com\/es\/wp-json\/wp\/v2\/media\/7390"}],"wp:attachment":[{"href":"https:\/\/imiapower.com\/es\/wp-json\/wp\/v2\/media?parent=7122"}],"wp:term":[{"taxonomy":"product_cat","embeddable":true,"href":"https:\/\/imiapower.com\/es\/wp-json\/wp\/v2\/product_cat?post=7122"},{"taxonomy":"product_tag","embeddable":true,"href":"https:\/\/imiapower.com\/es\/wp-json\/wp\/v2\/product_tag?post=7122"}],"curies":[{"name":"wp","href":"https:\/\/api.w.org\/{rel}","templated":true}]}}