{"id":7141,"date":"2024-03-18T01:08:25","date_gmt":"2024-03-18T01:08:25","guid":{"rendered":"https:\/\/imia.com.cn\/?post_type=product&#038;p=7141"},"modified":"2024-11-29T01:37:07","modified_gmt":"2024-11-29T01:37:07","slug":"china-usb-charger-manufacturer","status":"publish","type":"product","link":"https:\/\/imiapower.com\/es\/products\/wall-charger\/china-usb-charger-manufacturer\/","title":{"rendered":"Potente fabricante de cargador USB mini 33w de china"},"content":{"rendered":"<ul>\n<li><strong>fabricante de cargador USB de China<\/strong><\/li>\n<li><strong>Aporte :<\/strong> 110-240 VCA 50-60 HZ<\/li>\n<li><strong>Producci\u00f3n<\/strong> USB A: 5V3A\/9V2A\/12V1.5A QC18W<\/li>\n<li><strong>Tipo C1:<\/strong> 5V3A\/9V3A\/12V1.5A\/15V2A\/20V1.5A<\/li>\n<li><strong>PPD:<\/strong> 3.3V-11V 3A 3.3V-16V2A 33W M\u00c1X. A+C: 5V3A<\/li>\n<li><strong>Material :<\/strong> material ign\u00edfugo de PC<\/li>\n<li><strong>Tama\u00f1o:<\/strong> 30*30*68cm<\/li>\n<li><strong>Color:<\/strong> Rosa, Azul, Verde<\/li>\n<li><strong>Certificado :<\/strong> KC, CE, FCC, ROHS<\/li>\n<\/ul>","protected":false},"excerpt":{"rendered":"<p>Como fabricante de cargadores USB de China, siempre ofrecemos diferentes series de productos relacionados con la energ\u00eda.<\/p>\n<p>Este es un gran dispositivo que puedes usar f\u00e1cilmente porque la tecnolog\u00eda cuida la bater\u00eda de tu tel\u00e9fono de la mejor manera.<\/p>\n<p>Equipado con tecnolog\u00eda PD, carga eficientemente sus dispositivos hasta 3 veces m\u00e1s r\u00e1pido que los cargadores est\u00e1ndar.<\/p>\n<p>Compatible con una amplia gama de dispositivos telef\u00f3nicos de distintas marcas. Siempre utilizamos tel\u00e9fonos inteligentes de distintas marcas para realizar las pruebas y asegurarnos de que sean compatibles. La tecnolog\u00eda de carga inteligente se adapta autom\u00e1ticamente para proporcionar la energ\u00eda \u00f3ptima para su dispositivo.<\/p>\n<p>&nbsp;<\/p>","protected":false},"featured_media":8240,"comment_status":"open","ping_status":"closed","template":"","meta":{"rank_math_lock_modified_date":false,"site-sidebar-layout":"default","site-content-layout":"","ast-site-content-layout":"default","site-content-style":"default","site-sidebar-style":"default","ast-global-header-display":"","ast-banner-title-visibility":"","ast-main-header-display":"","ast-hfb-above-header-display":"","ast-hfb-below-header-display":"","ast-hfb-mobile-header-display":"","site-post-title":"","ast-breadcrumbs-content":"","ast-featured-img":"","footer-sml-layout":"","ast-disable-related-posts":"","theme-transparent-header-meta":"default","adv-header-id-meta":"","stick-header-meta":"","header-above-stick-meta":"","header-main-stick-meta":"","header-below-stick-meta":"","astra-migrate-meta-layouts":"set","ast-page-background-enabled":"default","ast-page-background-meta":{"desktop":{"background-color":"","background-image":"","background-repeat":"repeat","background-position":"center center","background-size":"auto","background-attachment":"scroll","background-type":"","background-media":"","overlay-type":"","overlay-color":"","overlay-opacity":"","overlay-gradient":""},"tablet":{"background-color":"","background-image":"","background-repeat":"repeat","background-position":"center center","background-size":"auto","background-attachment":"scroll","background-type":"","background-media":"","overlay-type":"","overlay-color":"","overlay-opacity":"","overlay-gradient":""},"mobile":{"background-color":"","background-image":"","background-repeat":"repeat","background-position":"center center","background-size":"auto","background-attachment":"scroll","background-type":"","background-media":"","overlay-type":"","overlay-color":"","overlay-opacity":"","overlay-gradient":""}},"ast-content-background-meta":{"desktop":{"background-color":"var(--ast-global-color-5)","background-image":"","background-repeat":"repeat","background-position":"center center","background-size":"auto","background-attachment":"scroll","background-type":"","background-media":"","overlay-type":"","overlay-color":"","overlay-opacity":"","overlay-gradient":""},"tablet":{"background-color":"var(--ast-global-color-5)","background-image":"","background-repeat":"repeat","background-position":"center center","background-size":"auto","background-attachment":"scroll","background-type":"","background-media":"","overlay-type":"","overlay-color":"","overlay-opacity":"","overlay-gradient":""},"mobile":{"background-color":"var(--ast-global-color-5)","background-image":"","background-repeat":"repeat","background-position":"center center","background-size":"auto","background-attachment":"scroll","background-type":"","background-media":"","overlay-type":"","overlay-color":"","overlay-opacity":"","overlay-gradient":""}}},"product_cat":[43],"product_tag":[],"class_list":{"0":"post-7141","1":"product","2":"type-product","3":"status-publish","4":"has-post-thumbnail","6":"product_cat-wall-charger","7":"desktop-align-center","8":"tablet-align-center","9":"mobile-align-center","11":"first","12":"instock","13":"shipping-taxable","14":"product-type-simple"},"_links":{"self":[{"href":"https:\/\/imiapower.com\/es\/wp-json\/wp\/v2\/product\/7141","targetHints":{"allow":["GET"]}}],"collection":[{"href":"https:\/\/imiapower.com\/es\/wp-json\/wp\/v2\/product"}],"about":[{"href":"https:\/\/imiapower.com\/es\/wp-json\/wp\/v2\/types\/product"}],"replies":[{"embeddable":true,"href":"https:\/\/imiapower.com\/es\/wp-json\/wp\/v2\/comments?post=7141"}],"version-history":[{"count":5,"href":"https:\/\/imiapower.com\/es\/wp-json\/wp\/v2\/product\/7141\/revisions"}],"predecessor-version":[{"id":8706,"href":"https:\/\/imiapower.com\/es\/wp-json\/wp\/v2\/product\/7141\/revisions\/8706"}],"wp:featuredmedia":[{"embeddable":true,"href":"https:\/\/imiapower.com\/es\/wp-json\/wp\/v2\/media\/8240"}],"wp:attachment":[{"href":"https:\/\/imiapower.com\/es\/wp-json\/wp\/v2\/media?parent=7141"}],"wp:term":[{"taxonomy":"product_cat","embeddable":true,"href":"https:\/\/imiapower.com\/es\/wp-json\/wp\/v2\/product_cat?post=7141"},{"taxonomy":"product_tag","embeddable":true,"href":"https:\/\/imiapower.com\/es\/wp-json\/wp\/v2\/product_tag?post=7141"}],"curies":[{"name":"wp","href":"https:\/\/api.w.org\/{rel}","templated":true}]}}