{"id":7234,"date":"2024-03-23T01:39:56","date_gmt":"2024-03-23T01:39:56","guid":{"rendered":"https:\/\/imia.com.cn\/?post_type=product&#038;p=7234"},"modified":"2025-07-21T08:57:02","modified_gmt":"2025-07-21T08:57:02","slug":"usb-c-charger-65w","status":"publish","type":"product","link":"https:\/\/imiapower.com\/es\/products\/wall-charger\/usb-c-charger-65w\/","title":{"rendered":"cargador usb c 65w con precio barato"},"content":{"rendered":"<ul>\n<li><strong>Cargador USB C 65w<\/strong><\/li>\n<li><strong>Aporte :<\/strong> 110-240 VCA 50-60 HZ<\/li>\n<li><strong>Tipo C1\/C2:<\/strong> 5V3A\/9V3A\/12V3A\/15V3A\/20V3.25A<\/li>\n<li><strong>USB:<\/strong> 4.5V5A\/3V4A\/9V3A\/12V2.5A\/20V1.5A<\/li>\n<li><strong>C1+C2:<\/strong> 45W+20W<\/li>\n<li><strong>C1+USB:<\/strong> 45W+18W<\/li>\n<li><strong>C2+USB:<\/strong> 5V3A(15W)<\/li>\n<li><strong>C1+C2\/USB:<\/strong> 45W+15W<\/li>\n<li><strong>Certificado :<\/strong> CE, KC<\/li>\n<li><strong>Plazo de ejecuci\u00f3n de producci\u00f3n:<\/strong> 25-30 d\u00edas<\/li>\n<\/ul>","protected":false},"excerpt":{"rendered":"<p>https:\/\/youtu.be\/N_ZkLYpTEQM<\/p>\n<p>Este cargador de 65w puede cargar 3 dispositivos al mismo tiempo con una alta velocidad de carga<\/p>\n<p>El cargador USB C de 65 vatios ahora se vuelve m\u00e1s popular que antes, este cargador puede ahorrar tiempo de carga de tel\u00e9fonos m\u00f3viles, tabletas, computadoras port\u00e1tiles, etc.<\/p>\n<p>Este <mark>cargador 65w<\/mark> es el cargador de 65w m\u00e1s barato, ofrecemos un precio de $4.8 y el dise\u00f1o personalizado tambi\u00e9n es aceptable. Tambi\u00e9n podemos proporcionar SKD (semidesmontado) a un precio m\u00e1s bajo para que algunos clientes satisfagan su solicitud.<\/p>\n<p>Este modelo adopta un voltaje \u00fanico (alto voltaje) que puede usarse en la mayor\u00eda de los pa\u00edses.<\/p>\n<p>Se puede proporcionar certificaci\u00f3n<\/p>\n<p>Siempre proporcionamos muestras gratuitas a nuestros valiosos clientes para pruebas y auditor\u00edas de f\u00e1brica antes de realizar un pedido.<\/p>\n<p>Se pueden elegir varios colores, blanco, negro, rosa, verde, amarillo.<\/p>\n<p><img fetchpriority=\"high\" decoding=\"async\" class=\"alignnone wp-image-9485 size-large\" src=\"https:\/\/imiapower.com\/wp-content\/uploads\/converted-8-1-1024x683.webp\" alt=\"Cargador PD de 65 W\" width=\"1024\" height=\"683\" srcset=\"https:\/\/imiapower.com\/wp-content\/uploads\/converted-8-1-1024x683.webp 1024w, https:\/\/imiapower.com\/wp-content\/uploads\/converted-8-1-300x200.webp 300w, https:\/\/imiapower.com\/wp-content\/uploads\/converted-8-1-768x512.webp 768w, https:\/\/imiapower.com\/wp-content\/uploads\/converted-8-1-18x12.webp 18w, https:\/\/imiapower.com\/wp-content\/uploads\/converted-8-1-600x400.webp 600w, https:\/\/imiapower.com\/wp-content\/uploads\/converted-8-1-64x43.webp 64w, https:\/\/imiapower.com\/wp-content\/uploads\/converted-8-1.webp 1536w\" sizes=\"(max-width: 1024px) 100vw, 1024px\" \/><\/p>\n<p>&nbsp;<\/p>","protected":false},"featured_media":9481,"comment_status":"open","ping_status":"closed","template":"","meta":{"rank_math_lock_modified_date":false,"site-sidebar-layout":"default","site-content-layout":"","ast-site-content-layout":"default","site-content-style":"default","site-sidebar-style":"default","ast-global-header-display":"","ast-banner-title-visibility":"","ast-main-header-display":"","ast-hfb-above-header-display":"","ast-hfb-below-header-display":"","ast-hfb-mobile-header-display":"","site-post-title":"","ast-breadcrumbs-content":"","ast-featured-img":"","footer-sml-layout":"","ast-disable-related-posts":"","theme-transparent-header-meta":"default","adv-header-id-meta":"","stick-header-meta":"","header-above-stick-meta":"","header-main-stick-meta":"","header-below-stick-meta":"","astra-migrate-meta-layouts":"set","ast-page-background-enabled":"default","ast-page-background-meta":{"desktop":{"background-color":"","background-image":"","background-repeat":"repeat","background-position":"center center","background-size":"auto","background-attachment":"scroll","background-type":"","background-media":"","overlay-type":"","overlay-color":"","overlay-opacity":"","overlay-gradient":""},"tablet":{"background-color":"","background-image":"","background-repeat":"repeat","background-position":"center center","background-size":"auto","background-attachment":"scroll","background-type":"","background-media":"","overlay-type":"","overlay-color":"","overlay-opacity":"","overlay-gradient":""},"mobile":{"background-color":"","background-image":"","background-repeat":"repeat","background-position":"center center","background-size":"auto","background-attachment":"scroll","background-type":"","background-media":"","overlay-type":"","overlay-color":"","overlay-opacity":"","overlay-gradient":""}},"ast-content-background-meta":{"desktop":{"background-color":"var(--ast-global-color-5)","background-image":"","background-repeat":"repeat","background-position":"center center","background-size":"auto","background-attachment":"scroll","background-type":"","background-media":"","overlay-type":"","overlay-color":"","overlay-opacity":"","overlay-gradient":""},"tablet":{"background-color":"var(--ast-global-color-5)","background-image":"","background-repeat":"repeat","background-position":"center center","background-size":"auto","background-attachment":"scroll","background-type":"","background-media":"","overlay-type":"","overlay-color":"","overlay-opacity":"","overlay-gradient":""},"mobile":{"background-color":"var(--ast-global-color-5)","background-image":"","background-repeat":"repeat","background-position":"center center","background-size":"auto","background-attachment":"scroll","background-type":"","background-media":"","overlay-type":"","overlay-color":"","overlay-opacity":"","overlay-gradient":""}}},"product_cat":[43],"product_tag":[],"class_list":{"0":"post-7234","1":"product","2":"type-product","3":"status-publish","4":"has-post-thumbnail","6":"product_cat-wall-charger","7":"desktop-align-center","8":"tablet-align-center","9":"mobile-align-center","11":"first","12":"instock","13":"featured","14":"shipping-taxable","15":"product-type-simple"},"_links":{"self":[{"href":"https:\/\/imiapower.com\/es\/wp-json\/wp\/v2\/product\/7234","targetHints":{"allow":["GET"]}}],"collection":[{"href":"https:\/\/imiapower.com\/es\/wp-json\/wp\/v2\/product"}],"about":[{"href":"https:\/\/imiapower.com\/es\/wp-json\/wp\/v2\/types\/product"}],"replies":[{"embeddable":true,"href":"https:\/\/imiapower.com\/es\/wp-json\/wp\/v2\/comments?post=7234"}],"version-history":[{"count":9,"href":"https:\/\/imiapower.com\/es\/wp-json\/wp\/v2\/product\/7234\/revisions"}],"predecessor-version":[{"id":9522,"href":"https:\/\/imiapower.com\/es\/wp-json\/wp\/v2\/product\/7234\/revisions\/9522"}],"wp:featuredmedia":[{"embeddable":true,"href":"https:\/\/imiapower.com\/es\/wp-json\/wp\/v2\/media\/9481"}],"wp:attachment":[{"href":"https:\/\/imiapower.com\/es\/wp-json\/wp\/v2\/media?parent=7234"}],"wp:term":[{"taxonomy":"product_cat","embeddable":true,"href":"https:\/\/imiapower.com\/es\/wp-json\/wp\/v2\/product_cat?post=7234"},{"taxonomy":"product_tag","embeddable":true,"href":"https:\/\/imiapower.com\/es\/wp-json\/wp\/v2\/product_tag?post=7234"}],"curies":[{"name":"wp","href":"https:\/\/api.w.org\/{rel}","templated":true}]}}