{"id":7242,"date":"2024-03-23T03:14:21","date_gmt":"2024-03-23T03:14:21","guid":{"rendered":"https:\/\/imia.com.cn\/?post_type=product&#038;p=7242"},"modified":"2026-01-05T08:19:03","modified_gmt":"2026-01-05T08:19:03","slug":"100w-usb-c-charger","status":"publish","type":"product","link":"https:\/\/imiapower.com\/es\/products\/wall-charger\/100w-usb-c-charger\/","title":{"rendered":"Cargador USB C absolutamente de 100 vatios para computadora port\u00e1til con cable de 1,5 m"},"content":{"rendered":"<ul>\n<li><strong>Cargador USB C de 100 vatios<\/strong><\/li>\n<li><strong>Aporte :<\/strong> 100-240 VCA 50\/60 HZ<\/li>\n<li><strong>Producci\u00f3n<\/strong> 5,1 V 5 A 9 V 3 A 12 V 3 A 15 V 3 A 20 V 5 A<\/li>\n<li><strong>Dimensi\u00f3n: <\/strong>65*65*29MM<\/li>\n<li><strong>Dise\u00f1o:<\/strong> doblar\/desplegar el enchufe de EE. UU.<\/li>\n<li><strong>Color:<\/strong> Negro<\/li>\n<li><strong>Certificado :<\/strong> UL FCC CE CB UKCA<\/li>\n<li><strong>Cable:<\/strong> Cable tipo C de 1,5M<\/li>\n<li><strong>Plazo de ejecuci\u00f3n de producci\u00f3n:<\/strong> 30 d\u00edas<\/li>\n<li><strong>Garantizar:<\/strong> 2 a\u00f1os<\/li>\n<\/ul>","protected":false},"excerpt":{"rendered":"<p>El cargador USB C de 100 W proporciona hasta 100 vatios de potencia para cargar su computadora port\u00e1til. Esta potencia es suficiente para muchas computadoras port\u00e1tiles modernas, incluidas las computadoras port\u00e1tiles para juegos y aquellas con procesadores y tarjetas gr\u00e1ficas que consumen mucha energ\u00eda.<\/p>\n<p>Este cargador de port\u00e1til tiene certificaci\u00f3n mundial.<\/p>\n<p>El enchufe estadounidense puede dise\u00f1arse como plegable o desplegable.<\/p>\n<p>Este cargador para computadora port\u00e1til ofrece enchufes intercambiables de EE. UU., UE, Reino Unido y Australia, y se puede utilizar para viajes de negocios a diferentes pa\u00edses, sin necesidad de preocuparse por problemas con los enchufes de CA de los diferentes pa\u00edses.<\/p>","protected":false},"featured_media":7319,"comment_status":"open","ping_status":"closed","template":"","meta":{"rank_math_lock_modified_date":false,"site-sidebar-layout":"default","site-content-layout":"","ast-site-content-layout":"default","site-content-style":"default","site-sidebar-style":"default","ast-global-header-display":"","ast-banner-title-visibility":"","ast-main-header-display":"","ast-hfb-above-header-display":"","ast-hfb-below-header-display":"","ast-hfb-mobile-header-display":"","site-post-title":"","ast-breadcrumbs-content":"","ast-featured-img":"","footer-sml-layout":"","ast-disable-related-posts":"","theme-transparent-header-meta":"default","adv-header-id-meta":"","stick-header-meta":"","header-above-stick-meta":"","header-main-stick-meta":"","header-below-stick-meta":"","astra-migrate-meta-layouts":"set","ast-page-background-enabled":"default","ast-page-background-meta":{"desktop":{"background-color":"","background-image":"","background-repeat":"repeat","background-position":"center center","background-size":"auto","background-attachment":"scroll","background-type":"","background-media":"","overlay-type":"","overlay-color":"","overlay-opacity":"","overlay-gradient":""},"tablet":{"background-color":"","background-image":"","background-repeat":"repeat","background-position":"center center","background-size":"auto","background-attachment":"scroll","background-type":"","background-media":"","overlay-type":"","overlay-color":"","overlay-opacity":"","overlay-gradient":""},"mobile":{"background-color":"","background-image":"","background-repeat":"repeat","background-position":"center center","background-size":"auto","background-attachment":"scroll","background-type":"","background-media":"","overlay-type":"","overlay-color":"","overlay-opacity":"","overlay-gradient":""}},"ast-content-background-meta":{"desktop":{"background-color":"var(--ast-global-color-5)","background-image":"","background-repeat":"repeat","background-position":"center center","background-size":"auto","background-attachment":"scroll","background-type":"","background-media":"","overlay-type":"","overlay-color":"","overlay-opacity":"","overlay-gradient":""},"tablet":{"background-color":"var(--ast-global-color-5)","background-image":"","background-repeat":"repeat","background-position":"center center","background-size":"auto","background-attachment":"scroll","background-type":"","background-media":"","overlay-type":"","overlay-color":"","overlay-opacity":"","overlay-gradient":""},"mobile":{"background-color":"var(--ast-global-color-5)","background-image":"","background-repeat":"repeat","background-position":"center center","background-size":"auto","background-attachment":"scroll","background-type":"","background-media":"","overlay-type":"","overlay-color":"","overlay-opacity":"","overlay-gradient":""}}},"product_cat":[43],"product_tag":[],"class_list":{"0":"post-7242","1":"product","2":"type-product","3":"status-publish","4":"has-post-thumbnail","6":"product_cat-wall-charger","7":"desktop-align-center","8":"tablet-align-center","9":"mobile-align-center","11":"first","12":"instock","13":"shipping-taxable","14":"product-type-simple"},"_links":{"self":[{"href":"https:\/\/imiapower.com\/es\/wp-json\/wp\/v2\/product\/7242","targetHints":{"allow":["GET"]}}],"collection":[{"href":"https:\/\/imiapower.com\/es\/wp-json\/wp\/v2\/product"}],"about":[{"href":"https:\/\/imiapower.com\/es\/wp-json\/wp\/v2\/types\/product"}],"replies":[{"embeddable":true,"href":"https:\/\/imiapower.com\/es\/wp-json\/wp\/v2\/comments?post=7242"}],"version-history":[{"count":4,"href":"https:\/\/imiapower.com\/es\/wp-json\/wp\/v2\/product\/7242\/revisions"}],"predecessor-version":[{"id":8277,"href":"https:\/\/imiapower.com\/es\/wp-json\/wp\/v2\/product\/7242\/revisions\/8277"}],"wp:featuredmedia":[{"embeddable":true,"href":"https:\/\/imiapower.com\/es\/wp-json\/wp\/v2\/media\/7319"}],"wp:attachment":[{"href":"https:\/\/imiapower.com\/es\/wp-json\/wp\/v2\/media?parent=7242"}],"wp:term":[{"taxonomy":"product_cat","embeddable":true,"href":"https:\/\/imiapower.com\/es\/wp-json\/wp\/v2\/product_cat?post=7242"},{"taxonomy":"product_tag","embeddable":true,"href":"https:\/\/imiapower.com\/es\/wp-json\/wp\/v2\/product_tag?post=7242"}],"curies":[{"name":"wp","href":"https:\/\/api.w.org\/{rel}","templated":true}]}}