{"id":7278,"date":"2024-03-26T00:35:17","date_gmt":"2024-03-26T00:35:17","guid":{"rendered":"https:\/\/imia.com.cn\/?post_type=product&#038;p=7278"},"modified":"2024-04-30T08:36:35","modified_gmt":"2024-04-30T08:36:35","slug":"cargador-multiusb","status":"publish","type":"product","link":"https:\/\/imiapower.com\/es\/products\/wall-charger\/multi-usb-charger\/","title":{"rendered":"Cargador multiusb de 12W de calidad"},"content":{"rendered":"<ul>\n<li><strong>cargador multiusb<\/strong><\/li>\n<li><strong>Aporte : <\/strong>100-250 V\/CA 50-60 Hz<\/li>\n<li><strong>Producci\u00f3n<\/strong> USB1+USB2: 5V2.4A<\/li>\n<li><strong>Material :<\/strong> abdominales<\/li>\n<li><strong>Color:<\/strong> Blanco<\/li>\n<li><strong>Plazo de ejecuci\u00f3n de producci\u00f3n:<\/strong> 25-30 d\u00edas<\/li>\n<\/ul>","protected":false},"excerpt":{"rendered":"<p>Este cargador de 12 vatios con dise\u00f1o de 2 USB y dise\u00f1o de 2 colores lo hace popular en el mercado africano por su precio econ\u00f3mico y buena calidad.<\/p>","protected":false},"featured_media":7373,"comment_status":"open","ping_status":"closed","template":"","meta":{"rank_math_lock_modified_date":false,"site-sidebar-layout":"default","site-content-layout":"","ast-site-content-layout":"default","site-content-style":"default","site-sidebar-style":"default","ast-global-header-display":"","ast-banner-title-visibility":"","ast-main-header-display":"","ast-hfb-above-header-display":"","ast-hfb-below-header-display":"","ast-hfb-mobile-header-display":"","site-post-title":"","ast-breadcrumbs-content":"","ast-featured-img":"","footer-sml-layout":"","ast-disable-related-posts":"","theme-transparent-header-meta":"default","adv-header-id-meta":"","stick-header-meta":"","header-above-stick-meta":"","header-main-stick-meta":"","header-below-stick-meta":"","astra-migrate-meta-layouts":"set","ast-page-background-enabled":"default","ast-page-background-meta":{"desktop":{"background-color":"","background-image":"","background-repeat":"repeat","background-position":"center center","background-size":"auto","background-attachment":"scroll","background-type":"","background-media":"","overlay-type":"","overlay-color":"","overlay-opacity":"","overlay-gradient":""},"tablet":{"background-color":"","background-image":"","background-repeat":"repeat","background-position":"center center","background-size":"auto","background-attachment":"scroll","background-type":"","background-media":"","overlay-type":"","overlay-color":"","overlay-opacity":"","overlay-gradient":""},"mobile":{"background-color":"","background-image":"","background-repeat":"repeat","background-position":"center center","background-size":"auto","background-attachment":"scroll","background-type":"","background-media":"","overlay-type":"","overlay-color":"","overlay-opacity":"","overlay-gradient":""}},"ast-content-background-meta":{"desktop":{"background-color":"var(--ast-global-color-5)","background-image":"","background-repeat":"repeat","background-position":"center center","background-size":"auto","background-attachment":"scroll","background-type":"","background-media":"","overlay-type":"","overlay-color":"","overlay-opacity":"","overlay-gradient":""},"tablet":{"background-color":"var(--ast-global-color-5)","background-image":"","background-repeat":"repeat","background-position":"center center","background-size":"auto","background-attachment":"scroll","background-type":"","background-media":"","overlay-type":"","overlay-color":"","overlay-opacity":"","overlay-gradient":""},"mobile":{"background-color":"var(--ast-global-color-5)","background-image":"","background-repeat":"repeat","background-position":"center center","background-size":"auto","background-attachment":"scroll","background-type":"","background-media":"","overlay-type":"","overlay-color":"","overlay-opacity":"","overlay-gradient":""}}},"product_cat":[43],"product_tag":[],"class_list":{"0":"post-7278","1":"product","2":"type-product","3":"status-publish","4":"has-post-thumbnail","6":"product_cat-wall-charger","7":"desktop-align-center","8":"tablet-align-center","9":"mobile-align-center","11":"first","12":"instock","13":"shipping-taxable","14":"product-type-simple"},"_links":{"self":[{"href":"https:\/\/imiapower.com\/es\/wp-json\/wp\/v2\/product\/7278","targetHints":{"allow":["GET"]}}],"collection":[{"href":"https:\/\/imiapower.com\/es\/wp-json\/wp\/v2\/product"}],"about":[{"href":"https:\/\/imiapower.com\/es\/wp-json\/wp\/v2\/types\/product"}],"replies":[{"embeddable":true,"href":"https:\/\/imiapower.com\/es\/wp-json\/wp\/v2\/comments?post=7278"}],"version-history":[{"count":0,"href":"https:\/\/imiapower.com\/es\/wp-json\/wp\/v2\/product\/7278\/revisions"}],"wp:featuredmedia":[{"embeddable":true,"href":"https:\/\/imiapower.com\/es\/wp-json\/wp\/v2\/media\/7373"}],"wp:attachment":[{"href":"https:\/\/imiapower.com\/es\/wp-json\/wp\/v2\/media?parent=7278"}],"wp:term":[{"taxonomy":"product_cat","embeddable":true,"href":"https:\/\/imiapower.com\/es\/wp-json\/wp\/v2\/product_cat?post=7278"},{"taxonomy":"product_tag","embeddable":true,"href":"https:\/\/imiapower.com\/es\/wp-json\/wp\/v2\/product_tag?post=7278"}],"curies":[{"name":"wp","href":"https:\/\/api.w.org\/{rel}","templated":true}]}}