{"id":7489,"date":"2024-04-26T03:02:32","date_gmt":"2024-04-26T03:02:32","guid":{"rendered":"https:\/\/imiapower.com\/?post_type=product&#038;p=7489"},"modified":"2025-05-26T06:34:09","modified_gmt":"2025-05-26T06:34:09","slug":"all-in-one-travel-adapter","status":"publish","type":"product","link":"https:\/\/imiapower.com\/es\/products\/travel-adapter\/all-in-one-travel-adapter\/","title":{"rendered":"Adaptador de viaje todo en uno m\u00e1s vendido"},"content":{"rendered":"<ul>\n<li><strong>Adaptador de viaje todo en uno<\/strong><\/li>\n<li><strong>Entrada de CA:<\/strong>\u00a0 6A m\u00e1x. 100-240 Vca<\/li>\n<li><strong>Salida USB:<\/strong>5 V 3100 mA<\/li>\n<li><strong>Enchufar:<\/strong> UE\/AU\/REINO UNIDO\/EE.UU.<\/li>\n<li><strong>Color:<\/strong> Blanco negro<\/li>\n<li><strong>Tama\u00f1o:<\/strong>60*45*55mm<\/li>\n<li><strong>Material :<\/strong> ABS + metal de cobre + aceite de caucho<\/li>\n<li><strong>Observaci\u00f3n:<\/strong> EU\/AU\/UK\/US todo en uno se puede utilizar en m\u00e1s de 170 pa\u00edses<\/li>\n<li><strong>Certificado :<\/strong> CE, RoHS<\/li>\n<\/ul>","protected":false},"excerpt":{"rendered":"<p>Este es un producto necesario para viajar a diferentes pa\u00edses, porque en diferentes pa\u00edses, el enchufe de carga es diferente, este adaptador de viaje todo en uno, que incluye enchufes de UE, EE. UU., Australia y Reino Unido, puede satisfacer las solicitudes de enchufe de la mayor\u00eda de los pa\u00edses.<\/p>\n<p>Este producto tiene 1 puerto de carga USB A y 1 puerto de carga tipo C que puede satisfacer las solicitudes de carga de viajes personales.<\/p>\n<p>Este modelo es un art\u00edculo de viaje cl\u00e1sico por su precio econ\u00f3mico y se convirti\u00f3 en un modelo de gran venta en el mundo durante muchos a\u00f1os.<\/p>\n<p>Se pueden proporcionar muestras gratuitas a nuestro valioso cliente.<\/p>\n<p>&nbsp;<\/p>","protected":false},"featured_media":7490,"comment_status":"closed","ping_status":"closed","template":"","meta":{"rank_math_lock_modified_date":false,"site-sidebar-layout":"default","site-content-layout":"","ast-site-content-layout":"default","site-content-style":"default","site-sidebar-style":"default","ast-global-header-display":"","ast-banner-title-visibility":"","ast-main-header-display":"","ast-hfb-above-header-display":"","ast-hfb-below-header-display":"","ast-hfb-mobile-header-display":"","site-post-title":"","ast-breadcrumbs-content":"","ast-featured-img":"","footer-sml-layout":"","ast-disable-related-posts":"","theme-transparent-header-meta":"default","adv-header-id-meta":"","stick-header-meta":"","header-above-stick-meta":"","header-main-stick-meta":"","header-below-stick-meta":"","astra-migrate-meta-layouts":"set","ast-page-background-enabled":"default","ast-page-background-meta":{"desktop":{"background-color":"","background-image":"","background-repeat":"repeat","background-position":"center center","background-size":"auto","background-attachment":"scroll","background-type":"","background-media":"","overlay-type":"","overlay-color":"","overlay-opacity":"","overlay-gradient":""},"tablet":{"background-color":"","background-image":"","background-repeat":"repeat","background-position":"center center","background-size":"auto","background-attachment":"scroll","background-type":"","background-media":"","overlay-type":"","overlay-color":"","overlay-opacity":"","overlay-gradient":""},"mobile":{"background-color":"","background-image":"","background-repeat":"repeat","background-position":"center center","background-size":"auto","background-attachment":"scroll","background-type":"","background-media":"","overlay-type":"","overlay-color":"","overlay-opacity":"","overlay-gradient":""}},"ast-content-background-meta":{"desktop":{"background-color":"var(--ast-global-color-5)","background-image":"","background-repeat":"repeat","background-position":"center center","background-size":"auto","background-attachment":"scroll","background-type":"","background-media":"","overlay-type":"","overlay-color":"","overlay-opacity":"","overlay-gradient":""},"tablet":{"background-color":"var(--ast-global-color-5)","background-image":"","background-repeat":"repeat","background-position":"center center","background-size":"auto","background-attachment":"scroll","background-type":"","background-media":"","overlay-type":"","overlay-color":"","overlay-opacity":"","overlay-gradient":""},"mobile":{"background-color":"var(--ast-global-color-5)","background-image":"","background-repeat":"repeat","background-position":"center center","background-size":"auto","background-attachment":"scroll","background-type":"","background-media":"","overlay-type":"","overlay-color":"","overlay-opacity":"","overlay-gradient":""}}},"product_cat":[64],"product_tag":[],"class_list":{"0":"post-7489","1":"product","2":"type-product","3":"status-publish","4":"has-post-thumbnail","6":"product_cat-travel-adapter","7":"desktop-align-center","8":"tablet-align-center","9":"mobile-align-center","11":"first","12":"instock","13":"shipping-taxable","14":"product-type-simple"},"_links":{"self":[{"href":"https:\/\/imiapower.com\/es\/wp-json\/wp\/v2\/product\/7489","targetHints":{"allow":["GET"]}}],"collection":[{"href":"https:\/\/imiapower.com\/es\/wp-json\/wp\/v2\/product"}],"about":[{"href":"https:\/\/imiapower.com\/es\/wp-json\/wp\/v2\/types\/product"}],"replies":[{"embeddable":true,"href":"https:\/\/imiapower.com\/es\/wp-json\/wp\/v2\/comments?post=7489"}],"version-history":[{"count":2,"href":"https:\/\/imiapower.com\/es\/wp-json\/wp\/v2\/product\/7489\/revisions"}],"predecessor-version":[{"id":9197,"href":"https:\/\/imiapower.com\/es\/wp-json\/wp\/v2\/product\/7489\/revisions\/9197"}],"wp:featuredmedia":[{"embeddable":true,"href":"https:\/\/imiapower.com\/es\/wp-json\/wp\/v2\/media\/7490"}],"wp:attachment":[{"href":"https:\/\/imiapower.com\/es\/wp-json\/wp\/v2\/media?parent=7489"}],"wp:term":[{"taxonomy":"product_cat","embeddable":true,"href":"https:\/\/imiapower.com\/es\/wp-json\/wp\/v2\/product_cat?post=7489"},{"taxonomy":"product_tag","embeddable":true,"href":"https:\/\/imiapower.com\/es\/wp-json\/wp\/v2\/product_tag?post=7489"}],"curies":[{"name":"wp","href":"https:\/\/api.w.org\/{rel}","templated":true}]}}