{"id":7695,"date":"2024-05-22T08:49:10","date_gmt":"2024-05-22T08:49:10","guid":{"rendered":"https:\/\/imiapower.com\/?post_type=product&#038;p=7695"},"modified":"2024-06-07T03:54:10","modified_gmt":"2024-06-07T03:54:10","slug":"world-travel-adapter","status":"publish","type":"product","link":"https:\/\/imiapower.com\/es\/products\/travel-adapter\/world-travel-adapter\/","title":{"rendered":"Nuevo adaptador de viaje mundial de 45w"},"content":{"rendered":"<ul>\n<li><strong>adaptador de viaje mundial<\/strong><\/li>\n<li><strong>Aporte :<\/strong> Entrada de CA: 100 ~ 250 V\/CA 50-60 Hz 0,8 A Salida<\/li>\n<li><strong>Tipo de salida \u00fanica C1:<\/strong>5V3A \/ 9V3A \/ 12V3A \/ 15V3A \/ 20V2.25A 45W m\u00e1x.<\/li>\n<li><strong>PPD:<\/strong>3,3 V-16 V 3,0 A 3,3 V-21 V 2,25 A 45 W<\/li>\n<li><strong>Tipo-C2\/Tipo-C3\/Tipo-C4\/USB-A1:<\/strong>5V3A 15W m\u00e1x.<\/li>\n<li><strong>Salida m\u00faltiple Tipo-C1+Tipo-C2:<\/strong>30W+15W<\/li>\n<li><strong>Tipo C1:<\/strong>5V3A\/9V3A\/12V1.5A\/15V2A\/20V1.5A 30W<\/li>\n<li><strong>PPD:<\/strong>3,3-16V2A<\/li>\n<li><strong>Tipo C2:<\/strong> 5V3A 15W<\/li>\n<li><strong>Tipo C1+Tipo C2\/Tipo C3\/Tipo C4\/USB-A1:<\/strong>PD30W+15W<\/li>\n<li><strong>Tipo C1:<\/strong>5V3A\/9V3A\/12V1.5A\/15V2A\/20V1.5A 30W<\/li>\n<li><strong>PPD:<\/strong> 3,3-16V2A<\/li>\n<li><strong>Tipo-C2\/Tipo-C3\/Tipo-C4\/USB-A1:<\/strong>5V3A 15W m\u00e1x.<\/li>\n<li><strong>Material :<\/strong> PC cocida + metal Cooper<\/li>\n<li><strong>Tama\u00f1o:<\/strong> 76*50,5*57mm<\/li>\n<li><strong>Uso:<\/strong> EU\/AU\/UK\/US todo en uno se puede utilizar en m\u00e1s de 170 pa\u00edses<\/li>\n<li><strong>Certificado :<\/strong> CE, Rohs, FCC, UKCA, alcance, ERP<\/li>\n<\/ul>","protected":false},"excerpt":{"rendered":"<p>Este adaptador de viaje mundial adopta soluciones de distribuci\u00f3n de energ\u00eda, esta es la soluci\u00f3n m\u00e1s popular del mercado para dispositivos de carga multipuerto, asegura situaciones de carga sin desconexi\u00f3n.<\/p>\n<p>Para este adaptador, dise\u00f1amos 4 puertos tipo c para satisfacer la mayor\u00eda de dispositivos de carga del mercado.<\/p>\n<p>El bot\u00f3n puede tener un color personalizado.<\/p>\n<p>El adaptador de viaje con dos fusibles de 10 A protege eficazmente sus dispositivos y protege sus aparatos el\u00e9ctricos cuando los usa.<\/p>\n<p>Soporte de voltaje salvaje de 100 V a 250 V\/10 A (1000 W-2500 W)<\/p>\n<p>Este dise\u00f1o de carcasa tiene opciones de 20w, 35w, 45w, 65w para el cliente<\/p>\n<p>Proporcionamos paquete personalizado con caja de color o blister.<\/p>","protected":false},"featured_media":7704,"comment_status":"open","ping_status":"closed","template":"","meta":{"rank_math_lock_modified_date":false,"site-sidebar-layout":"default","site-content-layout":"","ast-site-content-layout":"default","site-content-style":"default","site-sidebar-style":"default","ast-global-header-display":"","ast-banner-title-visibility":"","ast-main-header-display":"","ast-hfb-above-header-display":"","ast-hfb-below-header-display":"","ast-hfb-mobile-header-display":"","site-post-title":"","ast-breadcrumbs-content":"","ast-featured-img":"","footer-sml-layout":"","ast-disable-related-posts":"","theme-transparent-header-meta":"default","adv-header-id-meta":"","stick-header-meta":"","header-above-stick-meta":"","header-main-stick-meta":"","header-below-stick-meta":"","astra-migrate-meta-layouts":"set","ast-page-background-enabled":"default","ast-page-background-meta":{"desktop":{"background-color":"","background-image":"","background-repeat":"repeat","background-position":"center center","background-size":"auto","background-attachment":"scroll","background-type":"","background-media":"","overlay-type":"","overlay-color":"","overlay-opacity":"","overlay-gradient":""},"tablet":{"background-color":"","background-image":"","background-repeat":"repeat","background-position":"center center","background-size":"auto","background-attachment":"scroll","background-type":"","background-media":"","overlay-type":"","overlay-color":"","overlay-opacity":"","overlay-gradient":""},"mobile":{"background-color":"","background-image":"","background-repeat":"repeat","background-position":"center center","background-size":"auto","background-attachment":"scroll","background-type":"","background-media":"","overlay-type":"","overlay-color":"","overlay-opacity":"","overlay-gradient":""}},"ast-content-background-meta":{"desktop":{"background-color":"var(--ast-global-color-5)","background-image":"","background-repeat":"repeat","background-position":"center center","background-size":"auto","background-attachment":"scroll","background-type":"","background-media":"","overlay-type":"","overlay-color":"","overlay-opacity":"","overlay-gradient":""},"tablet":{"background-color":"var(--ast-global-color-5)","background-image":"","background-repeat":"repeat","background-position":"center center","background-size":"auto","background-attachment":"scroll","background-type":"","background-media":"","overlay-type":"","overlay-color":"","overlay-opacity":"","overlay-gradient":""},"mobile":{"background-color":"var(--ast-global-color-5)","background-image":"","background-repeat":"repeat","background-position":"center center","background-size":"auto","background-attachment":"scroll","background-type":"","background-media":"","overlay-type":"","overlay-color":"","overlay-opacity":"","overlay-gradient":""}}},"product_cat":[64],"product_tag":[],"class_list":{"0":"post-7695","1":"product","2":"type-product","3":"status-publish","4":"has-post-thumbnail","6":"product_cat-travel-adapter","7":"desktop-align-center","8":"tablet-align-center","9":"mobile-align-center","11":"first","12":"instock","13":"shipping-taxable","14":"product-type-simple"},"_links":{"self":[{"href":"https:\/\/imiapower.com\/es\/wp-json\/wp\/v2\/product\/7695","targetHints":{"allow":["GET"]}}],"collection":[{"href":"https:\/\/imiapower.com\/es\/wp-json\/wp\/v2\/product"}],"about":[{"href":"https:\/\/imiapower.com\/es\/wp-json\/wp\/v2\/types\/product"}],"replies":[{"embeddable":true,"href":"https:\/\/imiapower.com\/es\/wp-json\/wp\/v2\/comments?post=7695"}],"version-history":[{"count":5,"href":"https:\/\/imiapower.com\/es\/wp-json\/wp\/v2\/product\/7695\/revisions"}],"predecessor-version":[{"id":7706,"href":"https:\/\/imiapower.com\/es\/wp-json\/wp\/v2\/product\/7695\/revisions\/7706"}],"wp:featuredmedia":[{"embeddable":true,"href":"https:\/\/imiapower.com\/es\/wp-json\/wp\/v2\/media\/7704"}],"wp:attachment":[{"href":"https:\/\/imiapower.com\/es\/wp-json\/wp\/v2\/media?parent=7695"}],"wp:term":[{"taxonomy":"product_cat","embeddable":true,"href":"https:\/\/imiapower.com\/es\/wp-json\/wp\/v2\/product_cat?post=7695"},{"taxonomy":"product_tag","embeddable":true,"href":"https:\/\/imiapower.com\/es\/wp-json\/wp\/v2\/product_tag?post=7695"}],"curies":[{"name":"wp","href":"https:\/\/api.w.org\/{rel}","templated":true}]}}