{"id":7722,"date":"2024-05-25T02:05:55","date_gmt":"2024-05-25T02:05:55","guid":{"rendered":"https:\/\/imiapower.com\/?post_type=product&#038;p=7722"},"modified":"2024-08-16T10:08:45","modified_gmt":"2024-08-16T10:08:45","slug":"international-power-adapters","status":"publish","type":"product","link":"https:\/\/imiapower.com\/es\/products\/travel-adapter\/international-power-adapters\/","title":{"rendered":"Adaptadores de corriente internacionales baratos de 30w"},"content":{"rendered":"<ul>\n<li><strong>adaptadores de corriente internacionales<\/strong><\/li>\n<li>\u00a0<strong>Voltaje de entrada:<\/strong> 100~250V, 50\/60Hz<\/li>\n<li><strong>Salida de CA:<\/strong> 6 A m\u00e1x. (660 W\/100 V, 1330 W\/250 V)<\/li>\n<li><strong>Salida tipo C1:<\/strong> 5V3A (m\u00e1ximo 15W)<\/li>\n<li><strong>Salida tipo C2:<\/strong> 5V3A\/9V3A\/12V2.5A\/15V2A\/20V1.5A (m\u00e1x. 30W)<\/li>\n<li><strong>Salida USB \u00fanica:<\/strong> 5V3A 9V2A (m\u00e1x. 18W)<\/li>\n<li><strong>Tama\u00f1o del producto:<\/strong> 70 mm x 50 mm x 55 mm<\/li>\n<li><strong>Materiales:<\/strong> ABS + PC<\/li>\n<li><strong>Certificado :<\/strong> CE\/FCC\/RoHS<\/li>\n<\/ul>","protected":false},"excerpt":{"rendered":"<p>Con una f\u00e1brica de adaptadores de viaje directos, podemos aceptar MOQ m\u00e1s bajos y garantizar que los clientes crean en la calidad de nuestros productos.<\/p>\n<p>Estos adaptadores de corriente internacionales son de molde privado debido a problemas de patentes.<\/p>\n<p>Este adaptador de corriente internacional cuenta con enchufes de alimentaci\u00f3n de EE. UU., UE, Reino Unido y Australia para cubrir m\u00e1s de 150 pa\u00edses. Y se puede conectar a enchufes de Sud\u00e1frica, India, EE. UU., UE, Reino Unido y Australia.<\/p>\n<p>Funciones de seguridad: Los adaptadores de alta calidad vienen con funciones de seguridad integradas, como protecci\u00f3n contra sobrecargas y protecci\u00f3n contra cortocircuitos, para proteger sus dispositivos de fluctuaciones el\u00e9ctricas y posibles da\u00f1os.<\/p>\n<p>&nbsp;<\/p>","protected":false},"featured_media":7726,"comment_status":"open","ping_status":"closed","template":"","meta":{"rank_math_lock_modified_date":false,"site-sidebar-layout":"default","site-content-layout":"","ast-site-content-layout":"default","site-content-style":"default","site-sidebar-style":"default","ast-global-header-display":"","ast-banner-title-visibility":"","ast-main-header-display":"","ast-hfb-above-header-display":"","ast-hfb-below-header-display":"","ast-hfb-mobile-header-display":"","site-post-title":"","ast-breadcrumbs-content":"","ast-featured-img":"","footer-sml-layout":"","ast-disable-related-posts":"","theme-transparent-header-meta":"default","adv-header-id-meta":"","stick-header-meta":"","header-above-stick-meta":"","header-main-stick-meta":"","header-below-stick-meta":"","astra-migrate-meta-layouts":"set","ast-page-background-enabled":"default","ast-page-background-meta":{"desktop":{"background-color":"","background-image":"","background-repeat":"repeat","background-position":"center center","background-size":"auto","background-attachment":"scroll","background-type":"","background-media":"","overlay-type":"","overlay-color":"","overlay-opacity":"","overlay-gradient":""},"tablet":{"background-color":"","background-image":"","background-repeat":"repeat","background-position":"center center","background-size":"auto","background-attachment":"scroll","background-type":"","background-media":"","overlay-type":"","overlay-color":"","overlay-opacity":"","overlay-gradient":""},"mobile":{"background-color":"","background-image":"","background-repeat":"repeat","background-position":"center center","background-size":"auto","background-attachment":"scroll","background-type":"","background-media":"","overlay-type":"","overlay-color":"","overlay-opacity":"","overlay-gradient":""}},"ast-content-background-meta":{"desktop":{"background-color":"var(--ast-global-color-5)","background-image":"","background-repeat":"repeat","background-position":"center center","background-size":"auto","background-attachment":"scroll","background-type":"","background-media":"","overlay-type":"","overlay-color":"","overlay-opacity":"","overlay-gradient":""},"tablet":{"background-color":"var(--ast-global-color-5)","background-image":"","background-repeat":"repeat","background-position":"center center","background-size":"auto","background-attachment":"scroll","background-type":"","background-media":"","overlay-type":"","overlay-color":"","overlay-opacity":"","overlay-gradient":""},"mobile":{"background-color":"var(--ast-global-color-5)","background-image":"","background-repeat":"repeat","background-position":"center center","background-size":"auto","background-attachment":"scroll","background-type":"","background-media":"","overlay-type":"","overlay-color":"","overlay-opacity":"","overlay-gradient":""}}},"product_cat":[64],"product_tag":[],"class_list":{"0":"post-7722","1":"product","2":"type-product","3":"status-publish","4":"has-post-thumbnail","6":"product_cat-travel-adapter","7":"desktop-align-center","8":"tablet-align-center","9":"mobile-align-center","11":"first","12":"instock","13":"shipping-taxable","14":"product-type-simple"},"_links":{"self":[{"href":"https:\/\/imiapower.com\/es\/wp-json\/wp\/v2\/product\/7722","targetHints":{"allow":["GET"]}}],"collection":[{"href":"https:\/\/imiapower.com\/es\/wp-json\/wp\/v2\/product"}],"about":[{"href":"https:\/\/imiapower.com\/es\/wp-json\/wp\/v2\/types\/product"}],"replies":[{"embeddable":true,"href":"https:\/\/imiapower.com\/es\/wp-json\/wp\/v2\/comments?post=7722"}],"version-history":[{"count":3,"href":"https:\/\/imiapower.com\/es\/wp-json\/wp\/v2\/product\/7722\/revisions"}],"predecessor-version":[{"id":7730,"href":"https:\/\/imiapower.com\/es\/wp-json\/wp\/v2\/product\/7722\/revisions\/7730"}],"wp:featuredmedia":[{"embeddable":true,"href":"https:\/\/imiapower.com\/es\/wp-json\/wp\/v2\/media\/7726"}],"wp:attachment":[{"href":"https:\/\/imiapower.com\/es\/wp-json\/wp\/v2\/media?parent=7722"}],"wp:term":[{"taxonomy":"product_cat","embeddable":true,"href":"https:\/\/imiapower.com\/es\/wp-json\/wp\/v2\/product_cat?post=7722"},{"taxonomy":"product_tag","embeddable":true,"href":"https:\/\/imiapower.com\/es\/wp-json\/wp\/v2\/product_tag?post=7722"}],"curies":[{"name":"wp","href":"https:\/\/api.w.org\/{rel}","templated":true}]}}