{"id":7846,"date":"2024-06-04T03:17:08","date_gmt":"2024-06-04T03:17:08","guid":{"rendered":"https:\/\/imiapower.com\/?post_type=product&#038;p=7846"},"modified":"2024-12-09T08:09:28","modified_gmt":"2024-12-09T08:09:28","slug":"travel-adaptor-manufacturer","status":"publish","type":"product","link":"https:\/\/imiapower.com\/es\/products\/travel-adapter\/travel-adaptor-manufacturer\/","title":{"rendered":"El mejor fabricante de adaptadores de viaje."},"content":{"rendered":"<ul>\n<li><strong>fabricante de adaptadores de viaje<\/strong><\/li>\n<li><strong>Aporte :<\/strong> 100~250V\/CA 50-60Hz 0.8A<\/li>\n<li><strong>Producci\u00f3n :<\/strong> 10A m\u00e1x. (1000W\/100V o 2400W\/240V)<\/li>\n<li><strong>Salida USB:<\/strong> 5V \/2.4A (M\u00c1X. 12W)<\/li>\n<li><strong>Salida tipo C2\/ C3\/C4:<\/strong> 5 V\/2,4 A (m\u00e1x. 12 W)<\/li>\n<li><strong>Salida tipo C1:<\/strong> 5 V, 3 A, 9 V, 3 A, 12 V, 2,91 A, 15 V, 2,33 A, 20 V, 1,75 A (m\u00e1x. 35 W)<\/li>\n<li><strong>Tama\u00f1o:<\/strong> 76*50,5*57mm<\/li>\n<li><strong>Peso: <\/strong>170g<\/li>\n<li><strong>Material :<\/strong> PC cocida + metal de cobre.<\/li>\n<li><strong>Paquete:<\/strong> Caja de color\/ampolla seg\u00fan la referencia del cliente.<\/li>\n<\/ul>","protected":false},"excerpt":{"rendered":"<p>Somos un fabricante de adaptadores de viaje universales ubicado en la ciudad de Dongguan, provincia de Guangdong, este tipo de producto tiene un proceso de desarrollo prolongado, por lo que la mayor\u00eda de los productos son de molde privado, este tipo de construcci\u00f3n de producto es muy complejo en comparaci\u00f3n con el cargador USB normal, el cliente si lo planea. Para vender este tipo de adaptador de viaje con su marca, consulte con nosotros para obtener m\u00e1s detalles.<\/p>\n<p>Los principales fabricantes producen adaptadores de viaje compatibles con m\u00faltiples tipos de enchufes (por ejemplo, tipo A, B, C, D, E, F, G, I, etc.), que cubren los est\u00e1ndares de tomas de corriente el\u00e9ctricas utilizados en todo el mundo.<\/p>\n<p>Como fabricante directo de adaptadores de viaje, siempre utilizamos materias primas de buena calidad para garantizar el funcionamiento y la vida \u00fatil del adaptador.<\/p>\n<p><img fetchpriority=\"high\" decoding=\"async\" class=\"alignnone wp-image-8794 size-large\" src=\"https:\/\/imiapower.com\/wp-content\/uploads\/Universal-travel-adapter-3-1024x1024.jpg\" alt=\"fabricante de adaptadores de viaje\" width=\"1024\" height=\"1024\" srcset=\"https:\/\/imiapower.com\/wp-content\/uploads\/Universal-travel-adapter-3-1024x1024.jpg 1024w, https:\/\/imiapower.com\/wp-content\/uploads\/Universal-travel-adapter-3-300x300.jpg 300w, https:\/\/imiapower.com\/wp-content\/uploads\/Universal-travel-adapter-3-100x100.jpg 100w, https:\/\/imiapower.com\/wp-content\/uploads\/Universal-travel-adapter-3-600x600.jpg 600w, https:\/\/imiapower.com\/wp-content\/uploads\/Universal-travel-adapter-3-64x64.jpg 64w, https:\/\/imiapower.com\/wp-content\/uploads\/Universal-travel-adapter-3-150x150.jpg 150w, https:\/\/imiapower.com\/wp-content\/uploads\/Universal-travel-adapter-3-768x768.jpg 768w, https:\/\/imiapower.com\/wp-content\/uploads\/Universal-travel-adapter-3-12x12.jpg 12w, https:\/\/imiapower.com\/wp-content\/uploads\/Universal-travel-adapter-3.jpg 1500w\" sizes=\"(max-width: 1024px) 100vw, 1024px\" \/><\/p>\n<p>Siempre ofrecemos una garant\u00eda de 1 a\u00f1o para todos nuestros productos y el plazo de producci\u00f3n es siempre de 25 a 30 d\u00edas.<\/p>\n<p>Brindamos servicio ODM para muchas empresas de electr\u00f3nica de marca.<\/p>\n<p>Este molde con opci\u00f3n de 35w, 45w, 65w para referencia del cliente<\/p>\n<p>El pulsador tiene varios colores que se pueden elegir.<\/p>","protected":false},"featured_media":7847,"comment_status":"open","ping_status":"closed","template":"","meta":{"rank_math_lock_modified_date":false,"site-sidebar-layout":"default","site-content-layout":"","ast-site-content-layout":"default","site-content-style":"default","site-sidebar-style":"default","ast-global-header-display":"","ast-banner-title-visibility":"","ast-main-header-display":"","ast-hfb-above-header-display":"","ast-hfb-below-header-display":"","ast-hfb-mobile-header-display":"","site-post-title":"","ast-breadcrumbs-content":"","ast-featured-img":"","footer-sml-layout":"","ast-disable-related-posts":"","theme-transparent-header-meta":"default","adv-header-id-meta":"","stick-header-meta":"","header-above-stick-meta":"","header-main-stick-meta":"","header-below-stick-meta":"","astra-migrate-meta-layouts":"set","ast-page-background-enabled":"default","ast-page-background-meta":{"desktop":{"background-color":"","background-image":"","background-repeat":"repeat","background-position":"center center","background-size":"auto","background-attachment":"scroll","background-type":"","background-media":"","overlay-type":"","overlay-color":"","overlay-opacity":"","overlay-gradient":""},"tablet":{"background-color":"","background-image":"","background-repeat":"repeat","background-position":"center center","background-size":"auto","background-attachment":"scroll","background-type":"","background-media":"","overlay-type":"","overlay-color":"","overlay-opacity":"","overlay-gradient":""},"mobile":{"background-color":"","background-image":"","background-repeat":"repeat","background-position":"center center","background-size":"auto","background-attachment":"scroll","background-type":"","background-media":"","overlay-type":"","overlay-color":"","overlay-opacity":"","overlay-gradient":""}},"ast-content-background-meta":{"desktop":{"background-color":"var(--ast-global-color-5)","background-image":"","background-repeat":"repeat","background-position":"center center","background-size":"auto","background-attachment":"scroll","background-type":"","background-media":"","overlay-type":"","overlay-color":"","overlay-opacity":"","overlay-gradient":""},"tablet":{"background-color":"var(--ast-global-color-5)","background-image":"","background-repeat":"repeat","background-position":"center center","background-size":"auto","background-attachment":"scroll","background-type":"","background-media":"","overlay-type":"","overlay-color":"","overlay-opacity":"","overlay-gradient":""},"mobile":{"background-color":"var(--ast-global-color-5)","background-image":"","background-repeat":"repeat","background-position":"center center","background-size":"auto","background-attachment":"scroll","background-type":"","background-media":"","overlay-type":"","overlay-color":"","overlay-opacity":"","overlay-gradient":""}}},"product_cat":[64],"product_tag":[],"class_list":{"0":"post-7846","1":"product","2":"type-product","3":"status-publish","4":"has-post-thumbnail","6":"product_cat-travel-adapter","7":"desktop-align-center","8":"tablet-align-center","9":"mobile-align-center","11":"first","12":"instock","13":"shipping-taxable","14":"product-type-simple"},"_links":{"self":[{"href":"https:\/\/imiapower.com\/es\/wp-json\/wp\/v2\/product\/7846","targetHints":{"allow":["GET"]}}],"collection":[{"href":"https:\/\/imiapower.com\/es\/wp-json\/wp\/v2\/product"}],"about":[{"href":"https:\/\/imiapower.com\/es\/wp-json\/wp\/v2\/types\/product"}],"replies":[{"embeddable":true,"href":"https:\/\/imiapower.com\/es\/wp-json\/wp\/v2\/comments?post=7846"}],"version-history":[{"count":10,"href":"https:\/\/imiapower.com\/es\/wp-json\/wp\/v2\/product\/7846\/revisions"}],"predecessor-version":[{"id":8795,"href":"https:\/\/imiapower.com\/es\/wp-json\/wp\/v2\/product\/7846\/revisions\/8795"}],"wp:featuredmedia":[{"embeddable":true,"href":"https:\/\/imiapower.com\/es\/wp-json\/wp\/v2\/media\/7847"}],"wp:attachment":[{"href":"https:\/\/imiapower.com\/es\/wp-json\/wp\/v2\/media?parent=7846"}],"wp:term":[{"taxonomy":"product_cat","embeddable":true,"href":"https:\/\/imiapower.com\/es\/wp-json\/wp\/v2\/product_cat?post=7846"},{"taxonomy":"product_tag","embeddable":true,"href":"https:\/\/imiapower.com\/es\/wp-json\/wp\/v2\/product_tag?post=7846"}],"curies":[{"name":"wp","href":"https:\/\/api.w.org\/{rel}","templated":true}]}}