{"id":7869,"date":"2024-06-07T02:59:40","date_gmt":"2024-06-07T02:59:40","guid":{"rendered":"https:\/\/imiapower.com\/?post_type=product&#038;p=7869"},"modified":"2026-01-05T08:22:32","modified_gmt":"2026-01-05T08:22:32","slug":"power-adapter-for-laptop","status":"publish","type":"product","link":"https:\/\/imiapower.com\/es\/products\/wall-charger\/power-adapter-for-laptop\/","title":{"rendered":"El mejor adaptador de corriente de 45w para computadora port\u00e1til."},"content":{"rendered":"<ul>\n<li><strong>adaptador de corriente para computadora port\u00e1til<\/strong><\/li>\n<li><strong>Dimensi\u00f3n:<\/strong>65*65*29MM<\/li>\n<li><strong>Caracter\u00edstica: <\/strong>Enchufe plegable de EE. UU., enchufe desplegable de EE. UU., enchufe intercambiable de EE. UU.\/AUS\/UK\/EU<\/li>\n<li><strong>Producci\u00f3n<\/strong>5V3A, 9V3A, 12V3A, 15V3A, 20V2.25A (45W m\u00e1x.)<\/li>\n<li><strong>Color:<\/strong>En blanco y negro<\/li>\n<li><strong>Aporte :<\/strong>100-240 VCA 50\/60 HZ 1,3 A<\/li>\n<li><strong>Certificado :<\/strong>UL\/FCC\/CE\/CB\/UKCA\/PSE<\/li>\n<li><strong>Extra: <\/strong>Cable tipo C de 1,5M<\/li>\n<li><strong>Plazo de ejecuci\u00f3n de producci\u00f3n:<\/strong> 25-30 d\u00edas<\/li>\n<\/ul>","protected":false},"excerpt":{"rendered":"<p>Adaptador de corriente para computadora port\u00e1til, siempre tenemos enchufes populares de EE. UU., Reino Unido, UE y Australia para referencia del cliente. El cargador de 45 vatios tiene una velocidad de carga r\u00e1pida y un precio no tan alto para satisfacer las solicitudes de carga de computadoras port\u00e1tiles del mercado.<\/p>\n<p>Siempre proporcionamos certificaci\u00f3n mundial, ya que ofrecemos adaptadores para algunas marcas de port\u00e1tiles que se venden en todo el mundo.<\/p>\n<p>Tenemos dos versiones de este adaptador, una versi\u00f3n con cable TYPE-C y una versi\u00f3n sin cable, el cliente puede elegir seg\u00fan su solicitud.<\/p>\n<p>Cliente que busca un adaptador de corriente con certificaci\u00f3n mundial, podemos ser su elecci\u00f3n<\/p>\n<p><img decoding=\"async\" class=\"alignnone wp-image-7878 size-thumbnail\" src=\"https:\/\/imiapower.com\/wp-content\/uploads\/\u5fae\u4fe1\u56fe\u7247_20240607110326-150x150.jpg\" alt=\"certificaci\u00f3n del adaptador de corriente\" width=\"150\" height=\"150\" srcset=\"https:\/\/imiapower.com\/wp-content\/uploads\/\u5fae\u4fe1\u56fe\u7247_20240607110326-150x150.jpg 150w, https:\/\/imiapower.com\/wp-content\/uploads\/\u5fae\u4fe1\u56fe\u7247_20240607110326-300x300.jpg 300w, https:\/\/imiapower.com\/wp-content\/uploads\/\u5fae\u4fe1\u56fe\u7247_20240607110326-100x100.jpg 100w\" sizes=\"(max-width: 150px) 100vw, 150px\" \/><img decoding=\"async\" class=\"alignnone wp-image-7877 size-thumbnail\" style=\"font-weight: inherit;\" src=\"https:\/\/imiapower.com\/wp-content\/uploads\/\u5fae\u4fe1\u56fe\u7247_20240607110208-150x150.jpg\" alt=\"certificaci\u00f3n del adaptador de corriente\" width=\"150\" height=\"150\" srcset=\"https:\/\/imiapower.com\/wp-content\/uploads\/\u5fae\u4fe1\u56fe\u7247_20240607110208-150x150.jpg 150w, https:\/\/imiapower.com\/wp-content\/uploads\/\u5fae\u4fe1\u56fe\u7247_20240607110208-300x300.jpg 300w, https:\/\/imiapower.com\/wp-content\/uploads\/\u5fae\u4fe1\u56fe\u7247_20240607110208-100x100.jpg 100w\" sizes=\"(max-width: 150px) 100vw, 150px\" \/><img decoding=\"async\" class=\"alignnone wp-image-7879 size-thumbnail\" style=\"font-style: inherit; font-weight: inherit;\" src=\"https:\/\/imiapower.com\/wp-content\/uploads\/\u5fae\u4fe1\u56fe\u7247_20240607110628-150x150.jpg\" alt=\"certificaci\u00f3n del adaptador de corriente\" width=\"150\" height=\"150\" srcset=\"https:\/\/imiapower.com\/wp-content\/uploads\/\u5fae\u4fe1\u56fe\u7247_20240607110628-150x150.jpg 150w, https:\/\/imiapower.com\/wp-content\/uploads\/\u5fae\u4fe1\u56fe\u7247_20240607110628-300x300.jpg 300w, https:\/\/imiapower.com\/wp-content\/uploads\/\u5fae\u4fe1\u56fe\u7247_20240607110628-100x100.jpg 100w\" sizes=\"(max-width: 150px) 100vw, 150px\" \/><\/p>","protected":false},"featured_media":7870,"comment_status":"open","ping_status":"closed","template":"","meta":{"rank_math_lock_modified_date":false,"site-sidebar-layout":"default","site-content-layout":"","ast-site-content-layout":"default","site-content-style":"default","site-sidebar-style":"default","ast-global-header-display":"","ast-banner-title-visibility":"","ast-main-header-display":"","ast-hfb-above-header-display":"","ast-hfb-below-header-display":"","ast-hfb-mobile-header-display":"","site-post-title":"","ast-breadcrumbs-content":"","ast-featured-img":"","footer-sml-layout":"","ast-disable-related-posts":"","theme-transparent-header-meta":"default","adv-header-id-meta":"","stick-header-meta":"","header-above-stick-meta":"","header-main-stick-meta":"","header-below-stick-meta":"","astra-migrate-meta-layouts":"set","ast-page-background-enabled":"default","ast-page-background-meta":{"desktop":{"background-color":"","background-image":"","background-repeat":"repeat","background-position":"center center","background-size":"auto","background-attachment":"scroll","background-type":"","background-media":"","overlay-type":"","overlay-color":"","overlay-opacity":"","overlay-gradient":""},"tablet":{"background-color":"","background-image":"","background-repeat":"repeat","background-position":"center center","background-size":"auto","background-attachment":"scroll","background-type":"","background-media":"","overlay-type":"","overlay-color":"","overlay-opacity":"","overlay-gradient":""},"mobile":{"background-color":"","background-image":"","background-repeat":"repeat","background-position":"center center","background-size":"auto","background-attachment":"scroll","background-type":"","background-media":"","overlay-type":"","overlay-color":"","overlay-opacity":"","overlay-gradient":""}},"ast-content-background-meta":{"desktop":{"background-color":"var(--ast-global-color-5)","background-image":"","background-repeat":"repeat","background-position":"center center","background-size":"auto","background-attachment":"scroll","background-type":"","background-media":"","overlay-type":"","overlay-color":"","overlay-opacity":"","overlay-gradient":""},"tablet":{"background-color":"var(--ast-global-color-5)","background-image":"","background-repeat":"repeat","background-position":"center center","background-size":"auto","background-attachment":"scroll","background-type":"","background-media":"","overlay-type":"","overlay-color":"","overlay-opacity":"","overlay-gradient":""},"mobile":{"background-color":"var(--ast-global-color-5)","background-image":"","background-repeat":"repeat","background-position":"center center","background-size":"auto","background-attachment":"scroll","background-type":"","background-media":"","overlay-type":"","overlay-color":"","overlay-opacity":"","overlay-gradient":""}}},"product_cat":[43],"product_tag":[],"class_list":{"0":"post-7869","1":"product","2":"type-product","3":"status-publish","4":"has-post-thumbnail","6":"product_cat-wall-charger","7":"desktop-align-center","8":"tablet-align-center","9":"mobile-align-center","11":"first","12":"instock","13":"shipping-taxable","14":"product-type-simple"},"_links":{"self":[{"href":"https:\/\/imiapower.com\/es\/wp-json\/wp\/v2\/product\/7869","targetHints":{"allow":["GET"]}}],"collection":[{"href":"https:\/\/imiapower.com\/es\/wp-json\/wp\/v2\/product"}],"about":[{"href":"https:\/\/imiapower.com\/es\/wp-json\/wp\/v2\/types\/product"}],"replies":[{"embeddable":true,"href":"https:\/\/imiapower.com\/es\/wp-json\/wp\/v2\/comments?post=7869"}],"version-history":[{"count":7,"href":"https:\/\/imiapower.com\/es\/wp-json\/wp\/v2\/product\/7869\/revisions"}],"predecessor-version":[{"id":7883,"href":"https:\/\/imiapower.com\/es\/wp-json\/wp\/v2\/product\/7869\/revisions\/7883"}],"wp:featuredmedia":[{"embeddable":true,"href":"https:\/\/imiapower.com\/es\/wp-json\/wp\/v2\/media\/7870"}],"wp:attachment":[{"href":"https:\/\/imiapower.com\/es\/wp-json\/wp\/v2\/media?parent=7869"}],"wp:term":[{"taxonomy":"product_cat","embeddable":true,"href":"https:\/\/imiapower.com\/es\/wp-json\/wp\/v2\/product_cat?post=7869"},{"taxonomy":"product_tag","embeddable":true,"href":"https:\/\/imiapower.com\/es\/wp-json\/wp\/v2\/product_tag?post=7869"}],"curies":[{"name":"wp","href":"https:\/\/api.w.org\/{rel}","templated":true}]}}