{"id":7891,"date":"2024-06-08T01:18:20","date_gmt":"2024-06-08T01:18:20","guid":{"rendered":"https:\/\/imiapower.com\/?post_type=product&#038;p=7891"},"modified":"2024-11-15T09:21:25","modified_gmt":"2024-11-15T09:21:25","slug":"usb-c-charger-45w","status":"publish","type":"product","link":"https:\/\/imiapower.com\/es\/products\/wall-charger\/usb-c-charger-45w\/","title":{"rendered":"Descubra el cargador usb c de 45w con certificado mundial"},"content":{"rendered":"<ul>\n<li><strong>Cargador USB C 45w<\/strong><\/li>\n<li><strong>Aporte :<\/strong>100-240 VCA 50\/60 HZ 1,3 A<\/li>\n<li><strong>Dimensi\u00f3n:<\/strong>65*65*29MM<\/li>\n<li><strong>Caracter\u00edstica: <\/strong>Enchufe plegable de EE. UU., enchufe desplegable de EE. UU., enchufe intercambiable de EE. UU.\/AUS\/UK\/EU<\/li>\n<li><strong>Producci\u00f3n<\/strong>5V3A, 9V3A, 12V3A, 15V3A, 20V2.25A (45W m\u00e1x.)<\/li>\n<li><strong>Color: <\/strong>En blanco y negro<\/li>\n<li><strong>Certificado : <\/strong>UL\/FCC\/CE\/CB\/UKCA\/PSE<\/li>\n<li><strong>Plazo de ejecuci\u00f3n de producci\u00f3n:<\/strong>25-30 d\u00edas<\/li>\n<\/ul>","protected":false},"excerpt":{"rendered":"<p>El cargador USB C de 45 vatios es el vatio m\u00e1s popular en el a\u00f1o 2024, siempre ofrecemos los enchufes m\u00e1s populares, como EE. UU., AUS, CE, Reino Unido y tambi\u00e9n las certificaciones de diferentes pa\u00edses.<\/p>\n<p>Para los clientes que tienen sus propias marcas y venden en todo el mundo, se necesitan varias certificaciones, como \u201cKC, CB, CE, UL, FCC, UKCA, SAA, PSE, GS, C-TICK, COC, NRCS, BIS, etc.<\/p>\n<p>Nuestro producto ventajoso se basa en un excelente equipo de desarrollo, siempre ofrecemos OEM\/ODM para nuestro valioso cliente.<\/p>","protected":false},"featured_media":7892,"comment_status":"open","ping_status":"closed","template":"","meta":{"rank_math_lock_modified_date":false,"site-sidebar-layout":"default","site-content-layout":"","ast-site-content-layout":"default","site-content-style":"default","site-sidebar-style":"default","ast-global-header-display":"","ast-banner-title-visibility":"","ast-main-header-display":"","ast-hfb-above-header-display":"","ast-hfb-below-header-display":"","ast-hfb-mobile-header-display":"","site-post-title":"","ast-breadcrumbs-content":"","ast-featured-img":"","footer-sml-layout":"","ast-disable-related-posts":"","theme-transparent-header-meta":"default","adv-header-id-meta":"","stick-header-meta":"","header-above-stick-meta":"","header-main-stick-meta":"","header-below-stick-meta":"","astra-migrate-meta-layouts":"set","ast-page-background-enabled":"default","ast-page-background-meta":{"desktop":{"background-color":"","background-image":"","background-repeat":"repeat","background-position":"center center","background-size":"auto","background-attachment":"scroll","background-type":"","background-media":"","overlay-type":"","overlay-color":"","overlay-opacity":"","overlay-gradient":""},"tablet":{"background-color":"","background-image":"","background-repeat":"repeat","background-position":"center center","background-size":"auto","background-attachment":"scroll","background-type":"","background-media":"","overlay-type":"","overlay-color":"","overlay-opacity":"","overlay-gradient":""},"mobile":{"background-color":"","background-image":"","background-repeat":"repeat","background-position":"center center","background-size":"auto","background-attachment":"scroll","background-type":"","background-media":"","overlay-type":"","overlay-color":"","overlay-opacity":"","overlay-gradient":""}},"ast-content-background-meta":{"desktop":{"background-color":"var(--ast-global-color-5)","background-image":"","background-repeat":"repeat","background-position":"center center","background-size":"auto","background-attachment":"scroll","background-type":"","background-media":"","overlay-type":"","overlay-color":"","overlay-opacity":"","overlay-gradient":""},"tablet":{"background-color":"var(--ast-global-color-5)","background-image":"","background-repeat":"repeat","background-position":"center center","background-size":"auto","background-attachment":"scroll","background-type":"","background-media":"","overlay-type":"","overlay-color":"","overlay-opacity":"","overlay-gradient":""},"mobile":{"background-color":"var(--ast-global-color-5)","background-image":"","background-repeat":"repeat","background-position":"center center","background-size":"auto","background-attachment":"scroll","background-type":"","background-media":"","overlay-type":"","overlay-color":"","overlay-opacity":"","overlay-gradient":""}}},"product_cat":[43],"product_tag":[],"class_list":{"0":"post-7891","1":"product","2":"type-product","3":"status-publish","4":"has-post-thumbnail","6":"product_cat-wall-charger","7":"desktop-align-center","8":"tablet-align-center","9":"mobile-align-center","11":"first","12":"instock","13":"shipping-taxable","14":"product-type-simple"},"_links":{"self":[{"href":"https:\/\/imiapower.com\/es\/wp-json\/wp\/v2\/product\/7891","targetHints":{"allow":["GET"]}}],"collection":[{"href":"https:\/\/imiapower.com\/es\/wp-json\/wp\/v2\/product"}],"about":[{"href":"https:\/\/imiapower.com\/es\/wp-json\/wp\/v2\/types\/product"}],"replies":[{"embeddable":true,"href":"https:\/\/imiapower.com\/es\/wp-json\/wp\/v2\/comments?post=7891"}],"version-history":[{"count":5,"href":"https:\/\/imiapower.com\/es\/wp-json\/wp\/v2\/product\/7891\/revisions"}],"predecessor-version":[{"id":7900,"href":"https:\/\/imiapower.com\/es\/wp-json\/wp\/v2\/product\/7891\/revisions\/7900"}],"wp:featuredmedia":[{"embeddable":true,"href":"https:\/\/imiapower.com\/es\/wp-json\/wp\/v2\/media\/7892"}],"wp:attachment":[{"href":"https:\/\/imiapower.com\/es\/wp-json\/wp\/v2\/media?parent=7891"}],"wp:term":[{"taxonomy":"product_cat","embeddable":true,"href":"https:\/\/imiapower.com\/es\/wp-json\/wp\/v2\/product_cat?post=7891"},{"taxonomy":"product_tag","embeddable":true,"href":"https:\/\/imiapower.com\/es\/wp-json\/wp\/v2\/product_tag?post=7891"}],"curies":[{"name":"wp","href":"https:\/\/api.w.org\/{rel}","templated":true}]}}