{"id":7960,"date":"2024-06-17T07:24:25","date_gmt":"2024-06-17T07:24:25","guid":{"rendered":"https:\/\/imiapower.com\/?post_type=product&#038;p=7960"},"modified":"2024-11-12T08:13:44","modified_gmt":"2024-11-12T08:13:44","slug":"universal-power-adapter","status":"publish","type":"product","link":"https:\/\/imiapower.com\/es\/products\/travel-adapter\/universal-power-adapter\/","title":{"rendered":"Adaptador de corriente universal constructivo del fabricante chino."},"content":{"rendered":"<ul>\n<li><strong>Adaptador de corriente universal<\/strong><\/li>\n<li><strong>Entrada de CA:<\/strong>100~250V\/CA 50-60Hz 0.8A<\/li>\n<li><strong>Salida de CA:<\/strong>10A m\u00e1x. (1000W\/100V o 2400W\/240V)<\/li>\n<li><strong>Salida USB:<\/strong>5V \/2.4A (M\u00c1X. 12W)<\/li>\n<li><strong>Salida tipo C2\/ C3\/C4:<\/strong> 5 V\/2,4 A (m\u00e1x. 12 W)<\/li>\n<li><strong>Salida tipo C1:<\/strong> 5V3A 9V3A 12V3A 15V3A 20V3.25A (M\u00c1X.65W)<\/li>\n<li><strong>Tama\u00f1o:<\/strong> 76*50,5*57mm<\/li>\n<li><strong>Peso:<\/strong> 180g<\/li>\n<li><strong>Material :<\/strong> PC cocida + metal de cobre.<\/li>\n<\/ul>","protected":false},"excerpt":{"rendered":"<p>La conexi\u00f3n a tierra del Reino Unido ayuda a proteger contra descargas el\u00e9ctricas y reduce el riesgo de cortocircuitos o incendios.<\/p>\n<p>Los enchufes del Reino Unido suelen tener una tercera clavija para la conexi\u00f3n a tierra, lo que es importante para garantizar la seguridad de los dispositivos el\u00e9ctricos, especialmente cuando se viaja a regiones con diferentes est\u00e1ndares el\u00e9ctricos.<\/p>\n<p>Muchos dispositivos est\u00e1n dise\u00f1ados para funcionar con enchufes con conexi\u00f3n a tierra, y el uso de un adaptador de conexi\u00f3n a tierra con clavija del Reino Unido garantiza la compatibilidad con dichos dispositivos.<\/p>\n<p>Es especialmente importante para dispositivos electr\u00f3nicos o electrodom\u00e9sticos sensibles que requieren una conexi\u00f3n el\u00e9ctrica estable.<\/p>\n<p>Los adaptadores de viaje modernos deben estar dise\u00f1ados para ser livianos, compactos y f\u00e1ciles de usar, los adaptadores de viaje antiguos deben traer clavijas de enchufe de diferentes pa\u00edses, adaptador de corriente universal todo en uno dise\u00f1ado con varias clavijas de enchufe en un solo producto<\/p>\n<p>Conversi\u00f3n de voltaje universal, que permite a los usuarios cargar varios dispositivos simult\u00e1neamente<\/p>\n<p>Este tipo de adaptador de corriente universal es un art\u00edculo de gran venta en series de art\u00edculos electr\u00f3nicos de consumo, viajes y turismo y regalos.<\/p>\n<p>La demanda de adaptadores de viaje eficientes, seguros y multifuncionales contin\u00faa creciendo, lo que impulsa a los fabricantes a innovar y sobresalir en la satisfacci\u00f3n de las necesidades globales.<\/p>","protected":false},"featured_media":7961,"comment_status":"open","ping_status":"closed","template":"","meta":{"rank_math_lock_modified_date":false,"site-sidebar-layout":"default","site-content-layout":"","ast-site-content-layout":"default","site-content-style":"default","site-sidebar-style":"default","ast-global-header-display":"","ast-banner-title-visibility":"","ast-main-header-display":"","ast-hfb-above-header-display":"","ast-hfb-below-header-display":"","ast-hfb-mobile-header-display":"","site-post-title":"","ast-breadcrumbs-content":"","ast-featured-img":"","footer-sml-layout":"","ast-disable-related-posts":"","theme-transparent-header-meta":"default","adv-header-id-meta":"","stick-header-meta":"","header-above-stick-meta":"","header-main-stick-meta":"","header-below-stick-meta":"","astra-migrate-meta-layouts":"set","ast-page-background-enabled":"default","ast-page-background-meta":{"desktop":{"background-color":"","background-image":"","background-repeat":"repeat","background-position":"center center","background-size":"auto","background-attachment":"scroll","background-type":"","background-media":"","overlay-type":"","overlay-color":"","overlay-opacity":"","overlay-gradient":""},"tablet":{"background-color":"","background-image":"","background-repeat":"repeat","background-position":"center center","background-size":"auto","background-attachment":"scroll","background-type":"","background-media":"","overlay-type":"","overlay-color":"","overlay-opacity":"","overlay-gradient":""},"mobile":{"background-color":"","background-image":"","background-repeat":"repeat","background-position":"center center","background-size":"auto","background-attachment":"scroll","background-type":"","background-media":"","overlay-type":"","overlay-color":"","overlay-opacity":"","overlay-gradient":""}},"ast-content-background-meta":{"desktop":{"background-color":"var(--ast-global-color-5)","background-image":"","background-repeat":"repeat","background-position":"center center","background-size":"auto","background-attachment":"scroll","background-type":"","background-media":"","overlay-type":"","overlay-color":"","overlay-opacity":"","overlay-gradient":""},"tablet":{"background-color":"var(--ast-global-color-5)","background-image":"","background-repeat":"repeat","background-position":"center center","background-size":"auto","background-attachment":"scroll","background-type":"","background-media":"","overlay-type":"","overlay-color":"","overlay-opacity":"","overlay-gradient":""},"mobile":{"background-color":"var(--ast-global-color-5)","background-image":"","background-repeat":"repeat","background-position":"center center","background-size":"auto","background-attachment":"scroll","background-type":"","background-media":"","overlay-type":"","overlay-color":"","overlay-opacity":"","overlay-gradient":""}}},"product_cat":[64],"product_tag":[],"class_list":{"0":"post-7960","1":"product","2":"type-product","3":"status-publish","4":"has-post-thumbnail","6":"product_cat-travel-adapter","7":"desktop-align-center","8":"tablet-align-center","9":"mobile-align-center","11":"first","12":"instock","13":"shipping-taxable","14":"product-type-simple"},"_links":{"self":[{"href":"https:\/\/imiapower.com\/es\/wp-json\/wp\/v2\/product\/7960","targetHints":{"allow":["GET"]}}],"collection":[{"href":"https:\/\/imiapower.com\/es\/wp-json\/wp\/v2\/product"}],"about":[{"href":"https:\/\/imiapower.com\/es\/wp-json\/wp\/v2\/types\/product"}],"replies":[{"embeddable":true,"href":"https:\/\/imiapower.com\/es\/wp-json\/wp\/v2\/comments?post=7960"}],"version-history":[{"count":6,"href":"https:\/\/imiapower.com\/es\/wp-json\/wp\/v2\/product\/7960\/revisions"}],"predecessor-version":[{"id":8672,"href":"https:\/\/imiapower.com\/es\/wp-json\/wp\/v2\/product\/7960\/revisions\/8672"}],"wp:featuredmedia":[{"embeddable":true,"href":"https:\/\/imiapower.com\/es\/wp-json\/wp\/v2\/media\/7961"}],"wp:attachment":[{"href":"https:\/\/imiapower.com\/es\/wp-json\/wp\/v2\/media?parent=7960"}],"wp:term":[{"taxonomy":"product_cat","embeddable":true,"href":"https:\/\/imiapower.com\/es\/wp-json\/wp\/v2\/product_cat?post=7960"},{"taxonomy":"product_tag","embeddable":true,"href":"https:\/\/imiapower.com\/es\/wp-json\/wp\/v2\/product_tag?post=7960"}],"curies":[{"name":"wp","href":"https:\/\/api.w.org\/{rel}","templated":true}]}}