{"id":8008,"date":"2024-06-19T00:51:20","date_gmt":"2024-06-19T00:51:20","guid":{"rendered":"https:\/\/imiapower.com\/?post_type=product&#038;p=8008"},"modified":"2024-06-19T01:06:42","modified_gmt":"2024-06-19T01:06:42","slug":"adaptors-for-international-travel","status":"publish","type":"product","link":"https:\/\/imiapower.com\/es\/products\/travel-adapter\/adaptors-for-international-travel\/","title":{"rendered":"Adaptadores creativos para viajes internacionales 45w"},"content":{"rendered":"<ul>\n<li><strong>adaptadores para viajes internacionales<\/strong><\/li>\n<li><strong>Entrada de CA:<\/strong>100~250V\/CA 50-60Hz 0.8A<\/li>\n<li><strong>Salida de CA:<\/strong>10A m\u00e1x. (1000W\/100V o 2400W\/240V)<\/li>\n<li><strong>Salida USB:<\/strong> 5 V 2,4 A (m\u00e1x. 12 W)<\/li>\n<li><strong>Salida tipo C1\/C2\/C3:<\/strong> 5 V 2,4 A (m\u00e1x. 12 W)<\/li>\n<li><strong>Salida tipo C4:<\/strong> 5V, 3A 9V, 3A 12V, 3A 15V, 3A 20V, 2,25A (M\u00c1X. 45W)<\/li>\n<li><strong>Tama\u00f1o:<\/strong>76*50,5*57mm<\/li>\n<li><strong>Color: <\/strong>Negro\/blanco\/amarillo\/verde o color personalizado<\/li>\n<li><strong>Peso:<\/strong>180g<\/li>\n<li><strong>Material :<\/strong> PC cocida + metal de cobre.<\/li>\n<li><strong>Certificado :<\/strong> UKCA, CE, FCC, RoHS, ALCANCE<\/li>\n<\/ul>","protected":false},"excerpt":{"rendered":"<p>Se pueden elegir estos adaptadores de dise\u00f1o para viajes internacionales basados en una idea de contenedor de env\u00edo con varios colores.<\/p>\n<p>Dise\u00f1o de voltaje salvaje de 100 V a 250 V que se puede utilizar en todo el mundo.<\/p>\n<p>Este modelo se puede fabricar en la opci\u00f3n 20w\/35w\/45w\/65w<\/p>\n<p>Con 4 puertos de carga tipo c, ya que los cables tipo c juegan un papel importante en el mercado electr\u00f3nico, nuestro dise\u00f1o va con la tendencia del mercado y cumple con la carga de dispositivos electr\u00f3nicos al mismo tiempo.<\/p>\n<p>Enchufe universal, adecuado para pines UE, Reino Unido, EE. UU., Sud\u00e1frica e India, mientras que algunos modelos de la competencia no son adecuados para pines de Sud\u00e1frica.<\/p>\n<p><img fetchpriority=\"high\" decoding=\"async\" class=\"alignnone\" src=\"https:\/\/p.globalsources.com\/IMAGES\/PDT\/B6020382707\/international-Travel-Adapter.jpg\" alt=\"adaptadores para viajes internacionales\" width=\"448\" height=\"448\" \/><\/p>\n<p>Proporcionamos 1 a\u00f1o de garant\u00eda para este tipo de producto.<\/p>\n<p>Se pueden proporcionar muestras gratuitas y el plazo de producci\u00f3n a granel es de aproximadamente 25 a 30 d\u00edas.<\/p>\n<p>&nbsp;<\/p>\n<p>&nbsp;<\/p>\n<p>&nbsp;<\/p>","protected":false},"featured_media":8010,"comment_status":"open","ping_status":"closed","template":"","meta":{"rank_math_lock_modified_date":false,"site-sidebar-layout":"default","site-content-layout":"","ast-site-content-layout":"default","site-content-style":"default","site-sidebar-style":"default","ast-global-header-display":"","ast-banner-title-visibility":"","ast-main-header-display":"","ast-hfb-above-header-display":"","ast-hfb-below-header-display":"","ast-hfb-mobile-header-display":"","site-post-title":"","ast-breadcrumbs-content":"","ast-featured-img":"","footer-sml-layout":"","ast-disable-related-posts":"","theme-transparent-header-meta":"default","adv-header-id-meta":"","stick-header-meta":"","header-above-stick-meta":"","header-main-stick-meta":"","header-below-stick-meta":"","astra-migrate-meta-layouts":"set","ast-page-background-enabled":"default","ast-page-background-meta":{"desktop":{"background-color":"","background-image":"","background-repeat":"repeat","background-position":"center center","background-size":"auto","background-attachment":"scroll","background-type":"","background-media":"","overlay-type":"","overlay-color":"","overlay-opacity":"","overlay-gradient":""},"tablet":{"background-color":"","background-image":"","background-repeat":"repeat","background-position":"center center","background-size":"auto","background-attachment":"scroll","background-type":"","background-media":"","overlay-type":"","overlay-color":"","overlay-opacity":"","overlay-gradient":""},"mobile":{"background-color":"","background-image":"","background-repeat":"repeat","background-position":"center center","background-size":"auto","background-attachment":"scroll","background-type":"","background-media":"","overlay-type":"","overlay-color":"","overlay-opacity":"","overlay-gradient":""}},"ast-content-background-meta":{"desktop":{"background-color":"var(--ast-global-color-5)","background-image":"","background-repeat":"repeat","background-position":"center center","background-size":"auto","background-attachment":"scroll","background-type":"","background-media":"","overlay-type":"","overlay-color":"","overlay-opacity":"","overlay-gradient":""},"tablet":{"background-color":"var(--ast-global-color-5)","background-image":"","background-repeat":"repeat","background-position":"center center","background-size":"auto","background-attachment":"scroll","background-type":"","background-media":"","overlay-type":"","overlay-color":"","overlay-opacity":"","overlay-gradient":""},"mobile":{"background-color":"var(--ast-global-color-5)","background-image":"","background-repeat":"repeat","background-position":"center center","background-size":"auto","background-attachment":"scroll","background-type":"","background-media":"","overlay-type":"","overlay-color":"","overlay-opacity":"","overlay-gradient":""}}},"product_cat":[64],"product_tag":[],"class_list":{"0":"post-8008","1":"product","2":"type-product","3":"status-publish","4":"has-post-thumbnail","6":"product_cat-travel-adapter","7":"desktop-align-center","8":"tablet-align-center","9":"mobile-align-center","11":"first","12":"instock","13":"shipping-taxable","14":"product-type-simple"},"_links":{"self":[{"href":"https:\/\/imiapower.com\/es\/wp-json\/wp\/v2\/product\/8008","targetHints":{"allow":["GET"]}}],"collection":[{"href":"https:\/\/imiapower.com\/es\/wp-json\/wp\/v2\/product"}],"about":[{"href":"https:\/\/imiapower.com\/es\/wp-json\/wp\/v2\/types\/product"}],"replies":[{"embeddable":true,"href":"https:\/\/imiapower.com\/es\/wp-json\/wp\/v2\/comments?post=8008"}],"version-history":[{"count":3,"href":"https:\/\/imiapower.com\/es\/wp-json\/wp\/v2\/product\/8008\/revisions"}],"predecessor-version":[{"id":8016,"href":"https:\/\/imiapower.com\/es\/wp-json\/wp\/v2\/product\/8008\/revisions\/8016"}],"wp:featuredmedia":[{"embeddable":true,"href":"https:\/\/imiapower.com\/es\/wp-json\/wp\/v2\/media\/8010"}],"wp:attachment":[{"href":"https:\/\/imiapower.com\/es\/wp-json\/wp\/v2\/media?parent=8008"}],"wp:term":[{"taxonomy":"product_cat","embeddable":true,"href":"https:\/\/imiapower.com\/es\/wp-json\/wp\/v2\/product_cat?post=8008"},{"taxonomy":"product_tag","embeddable":true,"href":"https:\/\/imiapower.com\/es\/wp-json\/wp\/v2\/product_tag?post=8008"}],"curies":[{"name":"wp","href":"https:\/\/api.w.org\/{rel}","templated":true}]}}