{"id":8069,"date":"2024-07-01T02:22:09","date_gmt":"2024-07-01T02:22:09","guid":{"rendered":"https:\/\/imiapower.com\/?post_type=product&#038;p=8069"},"modified":"2024-07-01T02:25:09","modified_gmt":"2024-07-01T02:25:09","slug":"universal-adapter","status":"publish","type":"product","link":"https:\/\/imiapower.com\/es\/products\/travel-adapter\/universal-adapter\/","title":{"rendered":"Innovador adaptador universal 30w"},"content":{"rendered":"<ul>\n<li><strong>Adaptador universal<\/strong><\/li>\n<li><strong>Entrada de CA:<\/strong> 100-250 V\/CA 50-60 Hz<\/li>\n<li><strong>Salida de CA: <\/strong>6A m\u00e1x. (660W\/100V o 1330W\/250V)<\/li>\n<li><strong>Producci\u00f3n<\/strong> 5V3A\/9V3A\/12V2.5A\/15V2A\/20V1.5A (m\u00e1x. 30W)<\/li>\n<li><strong>Salida QC3.0:<\/strong> 5V3A\/9V2A\/12V1.5A (m\u00e1x. 18W)<\/li>\n<li><strong>Salida de control de calidad PD+:<\/strong> 5 V 4 A (m\u00e1x. 20 W)<\/li>\n<li><strong>\u00a0Tama\u00f1o:<\/strong> 50x70x55mm<\/li>\n<li><strong>Material :<\/strong> PC cocida + metal de cobre + aceite de caucho<\/li>\n<li><strong>Marca:<\/strong> EU\/AU\/UK\/US todo en uno se puede utilizar en m\u00e1s de 170 pa\u00edses<\/li>\n<li><strong>Certificado :<\/strong> CE, RoHS<\/li>\n<\/ul>","protected":false},"excerpt":{"rendered":"<p>Este adaptador universal es un moderno adaptador de viaje con dise\u00f1o de f\u00fatbol con un cargador r\u00e1pido USB tipo C PD de 30 W, adaptador de enchufe de viaje universal para carga de energ\u00eda en viajes internacionales. Dise\u00f1o m\u00e1s seguro Fusible de reinicio autom\u00e1tico incorporado de 8 A<\/p>\n<p>El dise\u00f1o todo en uno funciona en m\u00e1s de 170 pa\u00edses, incluidos el Reino Unido, Alemania, Italia, Europa, Medio\/Lejano Oriente, Tailandia, Indonesia, Australia, Nueva Zelanda, EE. UU., Canad\u00e1, M\u00e9xico y Am\u00e9rica del Sur.<\/p>\n<p>Los electrodom\u00e9sticos de alta potencia, como secadores de pelo, planchas, planchas y hervidores, se pueden utilizar hasta 10 A\/2000 W. Deben soportar doble voltaje 110V\/250V. El adaptador NO convierte voltaje<\/p>\n<p>Evite da\u00f1os a los aparatos con circuitos de protecci\u00f3n t\u00e9rmica y de sobrecarga. Fusible de reinicio autom\u00e1tico integrado de 8 A. M\u00e1s seguro que el fusible com\u00fan y sin necesidad de reemplazar el fusible. Persianas de seguridad integradas y dise\u00f1o de bloqueo de enchufe. Certificado CE FCC ROHS<\/p>\n<p>&nbsp;<\/p>","protected":false},"featured_media":8071,"comment_status":"open","ping_status":"closed","template":"","meta":{"rank_math_lock_modified_date":false,"site-sidebar-layout":"default","site-content-layout":"","ast-site-content-layout":"default","site-content-style":"default","site-sidebar-style":"default","ast-global-header-display":"","ast-banner-title-visibility":"","ast-main-header-display":"","ast-hfb-above-header-display":"","ast-hfb-below-header-display":"","ast-hfb-mobile-header-display":"","site-post-title":"","ast-breadcrumbs-content":"","ast-featured-img":"","footer-sml-layout":"","ast-disable-related-posts":"","theme-transparent-header-meta":"default","adv-header-id-meta":"","stick-header-meta":"","header-above-stick-meta":"","header-main-stick-meta":"","header-below-stick-meta":"","astra-migrate-meta-layouts":"set","ast-page-background-enabled":"default","ast-page-background-meta":{"desktop":{"background-color":"","background-image":"","background-repeat":"repeat","background-position":"center center","background-size":"auto","background-attachment":"scroll","background-type":"","background-media":"","overlay-type":"","overlay-color":"","overlay-opacity":"","overlay-gradient":""},"tablet":{"background-color":"","background-image":"","background-repeat":"repeat","background-position":"center center","background-size":"auto","background-attachment":"scroll","background-type":"","background-media":"","overlay-type":"","overlay-color":"","overlay-opacity":"","overlay-gradient":""},"mobile":{"background-color":"","background-image":"","background-repeat":"repeat","background-position":"center center","background-size":"auto","background-attachment":"scroll","background-type":"","background-media":"","overlay-type":"","overlay-color":"","overlay-opacity":"","overlay-gradient":""}},"ast-content-background-meta":{"desktop":{"background-color":"var(--ast-global-color-5)","background-image":"","background-repeat":"repeat","background-position":"center center","background-size":"auto","background-attachment":"scroll","background-type":"","background-media":"","overlay-type":"","overlay-color":"","overlay-opacity":"","overlay-gradient":""},"tablet":{"background-color":"var(--ast-global-color-5)","background-image":"","background-repeat":"repeat","background-position":"center center","background-size":"auto","background-attachment":"scroll","background-type":"","background-media":"","overlay-type":"","overlay-color":"","overlay-opacity":"","overlay-gradient":""},"mobile":{"background-color":"var(--ast-global-color-5)","background-image":"","background-repeat":"repeat","background-position":"center center","background-size":"auto","background-attachment":"scroll","background-type":"","background-media":"","overlay-type":"","overlay-color":"","overlay-opacity":"","overlay-gradient":""}}},"product_cat":[64],"product_tag":[],"class_list":{"0":"post-8069","1":"product","2":"type-product","3":"status-publish","4":"has-post-thumbnail","6":"product_cat-travel-adapter","7":"desktop-align-center","8":"tablet-align-center","9":"mobile-align-center","11":"first","12":"instock","13":"shipping-taxable","14":"product-type-simple"},"_links":{"self":[{"href":"https:\/\/imiapower.com\/es\/wp-json\/wp\/v2\/product\/8069","targetHints":{"allow":["GET"]}}],"collection":[{"href":"https:\/\/imiapower.com\/es\/wp-json\/wp\/v2\/product"}],"about":[{"href":"https:\/\/imiapower.com\/es\/wp-json\/wp\/v2\/types\/product"}],"replies":[{"embeddable":true,"href":"https:\/\/imiapower.com\/es\/wp-json\/wp\/v2\/comments?post=8069"}],"version-history":[{"count":3,"href":"https:\/\/imiapower.com\/es\/wp-json\/wp\/v2\/product\/8069\/revisions"}],"predecessor-version":[{"id":8076,"href":"https:\/\/imiapower.com\/es\/wp-json\/wp\/v2\/product\/8069\/revisions\/8076"}],"wp:featuredmedia":[{"embeddable":true,"href":"https:\/\/imiapower.com\/es\/wp-json\/wp\/v2\/media\/8071"}],"wp:attachment":[{"href":"https:\/\/imiapower.com\/es\/wp-json\/wp\/v2\/media?parent=8069"}],"wp:term":[{"taxonomy":"product_cat","embeddable":true,"href":"https:\/\/imiapower.com\/es\/wp-json\/wp\/v2\/product_cat?post=8069"},{"taxonomy":"product_tag","embeddable":true,"href":"https:\/\/imiapower.com\/es\/wp-json\/wp\/v2\/product_tag?post=8069"}],"curies":[{"name":"wp","href":"https:\/\/api.w.org\/{rel}","templated":true}]}}