{"id":8100,"date":"2024-07-12T01:14:14","date_gmt":"2024-07-12T01:14:14","guid":{"rendered":"https:\/\/imiapower.com\/?post_type=product&#038;p=8100"},"modified":"2026-01-23T02:08:29","modified_gmt":"2026-01-23T02:08:29","slug":"travel-adapter-plug","status":"publish","type":"product","link":"https:\/\/imiapower.com\/es\/products\/travel-adapter\/travel-adapter-plug\/","title":{"rendered":"Potente adaptador de viaje enchufe EE. UU.\/REINO UNIDO\/AUS\/UE de China"},"content":{"rendered":"<ul>\n<li><strong>enchufe adaptador de viaje<\/strong><\/li>\n<li><strong>Entrada de CA:<\/strong>100~250V\/CA 50-60Hz 0.8A<\/li>\n<li><strong>Salida de CA:<\/strong>10A m\u00e1x. (1000W\/100V o 2400W\/240V)<\/li>\n<li><strong>Salida USB:<\/strong> 5 V 2,4 A (m\u00e1x. 12 W)<\/li>\n<li><strong>Salida tipo C1\/C2\/C3:<\/strong> 5 V 2,4 A (m\u00e1x. 12 W)<\/li>\n<li><strong>Salida tipo C4:<\/strong> 5 V, 3 A, 9 V, 3 A, 12 V, 2,91 A, 15 V, 2,33 A, 20 V, 1,75 A (m\u00e1x. 35 W)<\/li>\n<li><strong>Tama\u00f1o:<\/strong>52x73x57mm<\/li>\n<li><strong>Color:<\/strong> blanco o negro<\/li>\n<li><strong>Peso:<\/strong>180g<\/li>\n<li><strong>Material :<\/strong> PC cocida + metal de cobre.<\/li>\n<li><strong>Certificado :<\/strong> UKCA, CE, FCC, RoHS, ALCANCE<\/li>\n<\/ul>","protected":false},"excerpt":{"rendered":"<p>Traiga un enchufe adaptador de viaje para viajar a EE. UU., Reino Unido, Australia y la UE a diferentes pa\u00edses; quedar\u00e1 impresionado por su toma de CA multifunci\u00f3n con amplio voltaje de 100 a 240 V (compatible con diferentes voltajes en diferentes pa\u00edses).<\/p>\n<p><img fetchpriority=\"high\" decoding=\"async\" class=\"alignnone size-full wp-image-9892\" src=\"https:\/\/imiapower.com\/wp-content\/uploads\/\u5fae\u4fe1\u56fe\u7247_20260123100736_194_100.png\" alt=\"enchufe adaptador de viaje\" width=\"1129\" height=\"686\" srcset=\"https:\/\/imiapower.com\/wp-content\/uploads\/\u5fae\u4fe1\u56fe\u7247_20260123100736_194_100.png 1129w, https:\/\/imiapower.com\/wp-content\/uploads\/\u5fae\u4fe1\u56fe\u7247_20260123100736_194_100-300x182.png 300w, https:\/\/imiapower.com\/wp-content\/uploads\/\u5fae\u4fe1\u56fe\u7247_20260123100736_194_100-1024x622.png 1024w, https:\/\/imiapower.com\/wp-content\/uploads\/\u5fae\u4fe1\u56fe\u7247_20260123100736_194_100-768x467.png 768w, https:\/\/imiapower.com\/wp-content\/uploads\/\u5fae\u4fe1\u56fe\u7247_20260123100736_194_100-18x12.png 18w, https:\/\/imiapower.com\/wp-content\/uploads\/\u5fae\u4fe1\u56fe\u7247_20260123100736_194_100-600x365.png 600w, https:\/\/imiapower.com\/wp-content\/uploads\/\u5fae\u4fe1\u56fe\u7247_20260123100736_194_100-64x39.png 64w\" sizes=\"(max-width: 1129px) 100vw, 1129px\" \/><\/p>","protected":false},"featured_media":8101,"comment_status":"open","ping_status":"closed","template":"","meta":{"rank_math_lock_modified_date":false,"site-sidebar-layout":"default","site-content-layout":"","ast-site-content-layout":"default","site-content-style":"default","site-sidebar-style":"default","ast-global-header-display":"","ast-banner-title-visibility":"","ast-main-header-display":"","ast-hfb-above-header-display":"","ast-hfb-below-header-display":"","ast-hfb-mobile-header-display":"","site-post-title":"","ast-breadcrumbs-content":"","ast-featured-img":"","footer-sml-layout":"","ast-disable-related-posts":"","theme-transparent-header-meta":"default","adv-header-id-meta":"","stick-header-meta":"","header-above-stick-meta":"","header-main-stick-meta":"","header-below-stick-meta":"","astra-migrate-meta-layouts":"set","ast-page-background-enabled":"default","ast-page-background-meta":{"desktop":{"background-color":"","background-image":"","background-repeat":"repeat","background-position":"center center","background-size":"auto","background-attachment":"scroll","background-type":"","background-media":"","overlay-type":"","overlay-color":"","overlay-opacity":"","overlay-gradient":""},"tablet":{"background-color":"","background-image":"","background-repeat":"repeat","background-position":"center center","background-size":"auto","background-attachment":"scroll","background-type":"","background-media":"","overlay-type":"","overlay-color":"","overlay-opacity":"","overlay-gradient":""},"mobile":{"background-color":"","background-image":"","background-repeat":"repeat","background-position":"center center","background-size":"auto","background-attachment":"scroll","background-type":"","background-media":"","overlay-type":"","overlay-color":"","overlay-opacity":"","overlay-gradient":""}},"ast-content-background-meta":{"desktop":{"background-color":"var(--ast-global-color-5)","background-image":"","background-repeat":"repeat","background-position":"center center","background-size":"auto","background-attachment":"scroll","background-type":"","background-media":"","overlay-type":"","overlay-color":"","overlay-opacity":"","overlay-gradient":""},"tablet":{"background-color":"var(--ast-global-color-5)","background-image":"","background-repeat":"repeat","background-position":"center center","background-size":"auto","background-attachment":"scroll","background-type":"","background-media":"","overlay-type":"","overlay-color":"","overlay-opacity":"","overlay-gradient":""},"mobile":{"background-color":"var(--ast-global-color-5)","background-image":"","background-repeat":"repeat","background-position":"center center","background-size":"auto","background-attachment":"scroll","background-type":"","background-media":"","overlay-type":"","overlay-color":"","overlay-opacity":"","overlay-gradient":""}}},"product_cat":[64],"product_tag":[],"class_list":{"0":"post-8100","1":"product","2":"type-product","3":"status-publish","4":"has-post-thumbnail","6":"product_cat-travel-adapter","7":"desktop-align-center","8":"tablet-align-center","9":"mobile-align-center","11":"first","12":"instock","13":"shipping-taxable","14":"product-type-simple"},"_links":{"self":[{"href":"https:\/\/imiapower.com\/es\/wp-json\/wp\/v2\/product\/8100","targetHints":{"allow":["GET"]}}],"collection":[{"href":"https:\/\/imiapower.com\/es\/wp-json\/wp\/v2\/product"}],"about":[{"href":"https:\/\/imiapower.com\/es\/wp-json\/wp\/v2\/types\/product"}],"replies":[{"embeddable":true,"href":"https:\/\/imiapower.com\/es\/wp-json\/wp\/v2\/comments?post=8100"}],"version-history":[{"count":4,"href":"https:\/\/imiapower.com\/es\/wp-json\/wp\/v2\/product\/8100\/revisions"}],"predecessor-version":[{"id":8106,"href":"https:\/\/imiapower.com\/es\/wp-json\/wp\/v2\/product\/8100\/revisions\/8106"}],"wp:featuredmedia":[{"embeddable":true,"href":"https:\/\/imiapower.com\/es\/wp-json\/wp\/v2\/media\/8101"}],"wp:attachment":[{"href":"https:\/\/imiapower.com\/es\/wp-json\/wp\/v2\/media?parent=8100"}],"wp:term":[{"taxonomy":"product_cat","embeddable":true,"href":"https:\/\/imiapower.com\/es\/wp-json\/wp\/v2\/product_cat?post=8100"},{"taxonomy":"product_tag","embeddable":true,"href":"https:\/\/imiapower.com\/es\/wp-json\/wp\/v2\/product_tag?post=8100"}],"curies":[{"name":"wp","href":"https:\/\/api.w.org\/{rel}","templated":true}]}}