{"id":8119,"date":"2024-07-12T02:36:37","date_gmt":"2024-07-12T02:36:37","guid":{"rendered":"https:\/\/imiapower.com\/?post_type=product&#038;p=8119"},"modified":"2024-07-24T00:39:12","modified_gmt":"2024-07-24T00:39:12","slug":"travel-smart-adapter","status":"publish","type":"product","link":"https:\/\/imiapower.com\/es\/products\/travel-adapter\/travel-smart-adapter\/","title":{"rendered":"Adaptador inteligente de viaje barato 20w de china"},"content":{"rendered":"<ul>\n<li><strong>adaptador inteligente de viaje<\/strong><\/li>\n<li><strong>Puertos USB tipo C:\u00a0<\/strong> 5 V\/3 A, 9 V\/2,23 A, 12 V\/1,67 A, 20 V\/1 A, (20 W m\u00e1x.)<\/li>\n<li><strong>Puertos USB A:<\/strong> Inteligente 5V\/2.4A m\u00e1x.<\/li>\n<li><strong>Entrada de aire acondicionado:<\/strong>100V \u2013 250V 50\/60HZ<\/li>\n<li><strong>Salida de aire acondicionado:<\/strong> 880W-110V\/2000W-250V \/ Fusible 8Amp m\u00e1x.<\/li>\n<li><strong>Tama\u00f1o del producto:<\/strong> 70*50*55 mil\u00edmetros<\/li>\n<li><strong>Materiales:\u00a0<\/strong> PC ign\u00edfugo + cobre puro.<\/li>\n<li><strong>Tipo de enchufe:<\/strong>\u00a0 Enchufes UE Reino Unido EE. UU. AUS todo en uno<\/li>\n<li><strong>Enchufe hembra:\u00a0<\/strong> Universal en todo el mundo<\/li>\n<li><strong>\u00c1rea adecuada:<\/strong>\u00a0 Universal para m\u00e1s de 170 pa\u00edses El mejor compa\u00f1ero para viajes internacionales<\/li>\n<li><strong>Toma de tierra:<\/strong> Ninguno Conexi\u00f3n a tierra<\/li>\n<li><strong>Color:\u00a0<\/strong> Blanco, negro, personalizar colores.<\/li>\n<li><strong>Calidad estandar:<\/strong>\u00a0 CE FCC ROHS aprobado<\/li>\n<li><strong>Plazo de ejecuci\u00f3n de la muestra:\u00a0<\/strong> Logotipo personalizado 3 d\u00edas, Embalaje personalizado 5 d\u00edas, Muestra de color de producto personalizado 10 d\u00edas.<\/li>\n<li><strong>Garant\u00eda:\u00a0<\/strong> Cambiamos el producto defectuoso de forma gratuita por otros nuevos dentro de un Periodo de Garant\u00eda de 12 meses<\/li>\n<li><strong>Servicio personalizado:<\/strong>\u00a0 Proporcionamos dise\u00f1o gratuito para su paquete OEM e impresi\u00f3n gratuita de logotipos OEM en los productos.<\/li>\n<\/ul>","protected":false},"excerpt":{"rendered":"<p>El adaptador Travel Smart es un adaptador mundial que podemos llevar durante nuestros viajes de negocios a diferentes pa\u00edses.<\/p>","protected":false},"featured_media":8117,"comment_status":"open","ping_status":"closed","template":"","meta":{"rank_math_lock_modified_date":false,"site-sidebar-layout":"default","site-content-layout":"","ast-site-content-layout":"default","site-content-style":"default","site-sidebar-style":"default","ast-global-header-display":"","ast-banner-title-visibility":"","ast-main-header-display":"","ast-hfb-above-header-display":"","ast-hfb-below-header-display":"","ast-hfb-mobile-header-display":"","site-post-title":"","ast-breadcrumbs-content":"","ast-featured-img":"","footer-sml-layout":"","ast-disable-related-posts":"","theme-transparent-header-meta":"default","adv-header-id-meta":"","stick-header-meta":"","header-above-stick-meta":"","header-main-stick-meta":"","header-below-stick-meta":"","astra-migrate-meta-layouts":"set","ast-page-background-enabled":"default","ast-page-background-meta":{"desktop":{"background-color":"","background-image":"","background-repeat":"repeat","background-position":"center center","background-size":"auto","background-attachment":"scroll","background-type":"","background-media":"","overlay-type":"","overlay-color":"","overlay-opacity":"","overlay-gradient":""},"tablet":{"background-color":"","background-image":"","background-repeat":"repeat","background-position":"center center","background-size":"auto","background-attachment":"scroll","background-type":"","background-media":"","overlay-type":"","overlay-color":"","overlay-opacity":"","overlay-gradient":""},"mobile":{"background-color":"","background-image":"","background-repeat":"repeat","background-position":"center center","background-size":"auto","background-attachment":"scroll","background-type":"","background-media":"","overlay-type":"","overlay-color":"","overlay-opacity":"","overlay-gradient":""}},"ast-content-background-meta":{"desktop":{"background-color":"var(--ast-global-color-5)","background-image":"","background-repeat":"repeat","background-position":"center center","background-size":"auto","background-attachment":"scroll","background-type":"","background-media":"","overlay-type":"","overlay-color":"","overlay-opacity":"","overlay-gradient":""},"tablet":{"background-color":"var(--ast-global-color-5)","background-image":"","background-repeat":"repeat","background-position":"center center","background-size":"auto","background-attachment":"scroll","background-type":"","background-media":"","overlay-type":"","overlay-color":"","overlay-opacity":"","overlay-gradient":""},"mobile":{"background-color":"var(--ast-global-color-5)","background-image":"","background-repeat":"repeat","background-position":"center center","background-size":"auto","background-attachment":"scroll","background-type":"","background-media":"","overlay-type":"","overlay-color":"","overlay-opacity":"","overlay-gradient":""}}},"product_cat":[64],"product_tag":[],"class_list":{"0":"post-8119","1":"product","2":"type-product","3":"status-publish","4":"has-post-thumbnail","6":"product_cat-travel-adapter","7":"desktop-align-center","8":"tablet-align-center","9":"mobile-align-center","11":"first","12":"instock","13":"shipping-taxable","14":"product-type-simple"},"_links":{"self":[{"href":"https:\/\/imiapower.com\/es\/wp-json\/wp\/v2\/product\/8119","targetHints":{"allow":["GET"]}}],"collection":[{"href":"https:\/\/imiapower.com\/es\/wp-json\/wp\/v2\/product"}],"about":[{"href":"https:\/\/imiapower.com\/es\/wp-json\/wp\/v2\/types\/product"}],"replies":[{"embeddable":true,"href":"https:\/\/imiapower.com\/es\/wp-json\/wp\/v2\/comments?post=8119"}],"version-history":[{"count":5,"href":"https:\/\/imiapower.com\/es\/wp-json\/wp\/v2\/product\/8119\/revisions"}],"predecessor-version":[{"id":8125,"href":"https:\/\/imiapower.com\/es\/wp-json\/wp\/v2\/product\/8119\/revisions\/8125"}],"wp:featuredmedia":[{"embeddable":true,"href":"https:\/\/imiapower.com\/es\/wp-json\/wp\/v2\/media\/8117"}],"wp:attachment":[{"href":"https:\/\/imiapower.com\/es\/wp-json\/wp\/v2\/media?parent=8119"}],"wp:term":[{"taxonomy":"product_cat","embeddable":true,"href":"https:\/\/imiapower.com\/es\/wp-json\/wp\/v2\/product_cat?post=8119"},{"taxonomy":"product_tag","embeddable":true,"href":"https:\/\/imiapower.com\/es\/wp-json\/wp\/v2\/product_tag?post=8119"}],"curies":[{"name":"wp","href":"https:\/\/api.w.org\/{rel}","templated":true}]}}