{"id":8126,"date":"2024-07-24T01:00:25","date_gmt":"2024-07-24T01:00:25","guid":{"rendered":"https:\/\/imiapower.com\/?post_type=product&#038;p=8126"},"modified":"2024-08-16T12:59:42","modified_gmt":"2024-08-16T12:59:42","slug":"travel-multi-adapter","status":"publish","type":"product","link":"https:\/\/imiapower.com\/es\/products\/travel-adapter\/travel-multi-adapter\/","title":{"rendered":"Adaptador m\u00faltiple de viaje barato de 20w de China"},"content":{"rendered":"<ul>\n<li><strong>adaptador m\u00faltiple de viaje<\/strong><\/li>\n<li><strong>Aporte :<\/strong> 110-240 V\/0,8 A CA 50\/60 Hz<\/li>\n<li><strong>Salida tipo C:<\/strong> 5V 3A, 9V 2.22A, 12V 67A (m\u00e1x. 20W)<\/li>\n<li><strong>Salida de control de calidad 3.0:<\/strong>5V 3A, 9V 2A 12V1.5A (m\u00e1x. 18W)<\/li>\n<li><strong>USB1+USB2:<\/strong> 5 V 2,4 A (m\u00e1x. 12 W)<\/li>\n<li><strong>Tipo C+USB1:<\/strong> 5V 3.6A<\/li>\n<li><strong>Tipo C+USB1+USB2+USB3:<\/strong> 5V 4A (m\u00e1x. 20W)<\/li>\n<li><strong>Garant\u00eda:<\/strong> 1 a\u00f1o<\/li>\n<li><strong>Observaci\u00f3n:<\/strong> Solamente para uso en interiores<\/li>\n<\/ul>\n<p>&nbsp;<\/p>","protected":false},"excerpt":{"rendered":"<p>Un adaptador m\u00faltiple de viaje es un adaptador de viaje con un puerto de carga m\u00faltiple y tiene una potencia de hasta 20 vatios, adecuado para cargar tel\u00e9fonos inteligentes, tabletas y otros dispositivos electr\u00f3nicos peque\u00f1os de manera eficiente.<\/p>\n<p>Admite tecnolog\u00edas de carga r\u00e1pida como USB Power Delivery (PD) y Qualcomm Quick Charge.<\/p>\n<p>Con 3 enchufes USB y 1 PD, la alimentaci\u00f3n de cada puerto se muestra a continuaci\u00f3n<br \/>\n<img decoding=\"async\" class=\"alignleft wp-image-8134 size-thumbnail\" src=\"https:\/\/imiapower.com\/wp-content\/uploads\/\u5fae\u4fe1\u56fe\u7247_20240724085807-150x150.jpg\" alt=\"adaptador m\u00faltiple de viaje\" width=\"150\" height=\"150\" srcset=\"https:\/\/imiapower.com\/wp-content\/uploads\/\u5fae\u4fe1\u56fe\u7247_20240724085807-150x150.jpg 150w, https:\/\/imiapower.com\/wp-content\/uploads\/\u5fae\u4fe1\u56fe\u7247_20240724085807-300x300.jpg 300w, https:\/\/imiapower.com\/wp-content\/uploads\/\u5fae\u4fe1\u56fe\u7247_20240724085807-100x100.jpg 100w\" sizes=\"(max-width: 150px) 100vw, 150px\" \/><\/p>\n<p>&nbsp;<\/p>\n<p>&nbsp;<\/p>\n<p>&nbsp;<\/p>\n<p>&nbsp;<\/p>\n<p>Certificaci\u00f3n que incluye CE (EMS, LVD) y RoHS<\/p>\n<p><img decoding=\"async\" class=\"alignnone wp-image-8136 size-thumbnail\" src=\"https:\/\/imiapower.com\/wp-content\/uploads\/\u5fae\u4fe1\u56fe\u7247_20240724090158-150x150.jpg\" alt=\"MULTIADAPTADOR DE VIAJE\" width=\"150\" height=\"150\" srcset=\"https:\/\/imiapower.com\/wp-content\/uploads\/\u5fae\u4fe1\u56fe\u7247_20240724090158-150x150.jpg 150w, https:\/\/imiapower.com\/wp-content\/uploads\/\u5fae\u4fe1\u56fe\u7247_20240724090158-300x300.jpg 300w, https:\/\/imiapower.com\/wp-content\/uploads\/\u5fae\u4fe1\u56fe\u7247_20240724090158-100x100.jpg 100w\" sizes=\"(max-width: 150px) 100vw, 150px\" \/><\/p>\n<p>Para que los clientes comprendan c\u00f3mo utilizar este tipo de adaptador de viaje, adjuntamos un manual de usuario.<\/p>\n<p><img decoding=\"async\" class=\"alignnone wp-image-8137 size-thumbnail\" src=\"https:\/\/imiapower.com\/wp-content\/uploads\/\u5fae\u4fe1\u56fe\u7247_20240724090417-150x150.jpg\" alt=\"adaptador m\u00faltiple de viaje\" width=\"150\" height=\"150\" srcset=\"https:\/\/imiapower.com\/wp-content\/uploads\/\u5fae\u4fe1\u56fe\u7247_20240724090417-150x150.jpg 150w, https:\/\/imiapower.com\/wp-content\/uploads\/\u5fae\u4fe1\u56fe\u7247_20240724090417-300x300.jpg 300w, https:\/\/imiapower.com\/wp-content\/uploads\/\u5fae\u4fe1\u56fe\u7247_20240724090417-100x100.jpg 100w\" sizes=\"(max-width: 150px) 100vw, 150px\" \/><\/p>\n<p>&nbsp;<\/p>","protected":false},"featured_media":8128,"comment_status":"open","ping_status":"closed","template":"","meta":{"rank_math_lock_modified_date":false,"site-sidebar-layout":"default","site-content-layout":"","ast-site-content-layout":"default","site-content-style":"default","site-sidebar-style":"default","ast-global-header-display":"","ast-banner-title-visibility":"","ast-main-header-display":"","ast-hfb-above-header-display":"","ast-hfb-below-header-display":"","ast-hfb-mobile-header-display":"","site-post-title":"","ast-breadcrumbs-content":"","ast-featured-img":"","footer-sml-layout":"","ast-disable-related-posts":"","theme-transparent-header-meta":"default","adv-header-id-meta":"","stick-header-meta":"","header-above-stick-meta":"","header-main-stick-meta":"","header-below-stick-meta":"","astra-migrate-meta-layouts":"set","ast-page-background-enabled":"default","ast-page-background-meta":{"desktop":{"background-color":"","background-image":"","background-repeat":"repeat","background-position":"center center","background-size":"auto","background-attachment":"scroll","background-type":"","background-media":"","overlay-type":"","overlay-color":"","overlay-opacity":"","overlay-gradient":""},"tablet":{"background-color":"","background-image":"","background-repeat":"repeat","background-position":"center center","background-size":"auto","background-attachment":"scroll","background-type":"","background-media":"","overlay-type":"","overlay-color":"","overlay-opacity":"","overlay-gradient":""},"mobile":{"background-color":"","background-image":"","background-repeat":"repeat","background-position":"center center","background-size":"auto","background-attachment":"scroll","background-type":"","background-media":"","overlay-type":"","overlay-color":"","overlay-opacity":"","overlay-gradient":""}},"ast-content-background-meta":{"desktop":{"background-color":"var(--ast-global-color-5)","background-image":"","background-repeat":"repeat","background-position":"center center","background-size":"auto","background-attachment":"scroll","background-type":"","background-media":"","overlay-type":"","overlay-color":"","overlay-opacity":"","overlay-gradient":""},"tablet":{"background-color":"var(--ast-global-color-5)","background-image":"","background-repeat":"repeat","background-position":"center center","background-size":"auto","background-attachment":"scroll","background-type":"","background-media":"","overlay-type":"","overlay-color":"","overlay-opacity":"","overlay-gradient":""},"mobile":{"background-color":"var(--ast-global-color-5)","background-image":"","background-repeat":"repeat","background-position":"center center","background-size":"auto","background-attachment":"scroll","background-type":"","background-media":"","overlay-type":"","overlay-color":"","overlay-opacity":"","overlay-gradient":""}}},"product_cat":[64],"product_tag":[],"class_list":{"0":"post-8126","1":"product","2":"type-product","3":"status-publish","4":"has-post-thumbnail","6":"product_cat-travel-adapter","7":"desktop-align-center","8":"tablet-align-center","9":"mobile-align-center","11":"first","12":"instock","13":"shipping-taxable","14":"product-type-simple"},"_links":{"self":[{"href":"https:\/\/imiapower.com\/es\/wp-json\/wp\/v2\/product\/8126","targetHints":{"allow":["GET"]}}],"collection":[{"href":"https:\/\/imiapower.com\/es\/wp-json\/wp\/v2\/product"}],"about":[{"href":"https:\/\/imiapower.com\/es\/wp-json\/wp\/v2\/types\/product"}],"replies":[{"embeddable":true,"href":"https:\/\/imiapower.com\/es\/wp-json\/wp\/v2\/comments?post=8126"}],"version-history":[{"count":4,"href":"https:\/\/imiapower.com\/es\/wp-json\/wp\/v2\/product\/8126\/revisions"}],"predecessor-version":[{"id":8287,"href":"https:\/\/imiapower.com\/es\/wp-json\/wp\/v2\/product\/8126\/revisions\/8287"}],"wp:featuredmedia":[{"embeddable":true,"href":"https:\/\/imiapower.com\/es\/wp-json\/wp\/v2\/media\/8128"}],"wp:attachment":[{"href":"https:\/\/imiapower.com\/es\/wp-json\/wp\/v2\/media?parent=8126"}],"wp:term":[{"taxonomy":"product_cat","embeddable":true,"href":"https:\/\/imiapower.com\/es\/wp-json\/wp\/v2\/product_cat?post=8126"},{"taxonomy":"product_tag","embeddable":true,"href":"https:\/\/imiapower.com\/es\/wp-json\/wp\/v2\/product_tag?post=8126"}],"curies":[{"name":"wp","href":"https:\/\/api.w.org\/{rel}","templated":true}]}}