{"id":8219,"date":"2024-08-01T07:40:56","date_gmt":"2024-08-01T07:40:56","guid":{"rendered":"https:\/\/imiapower.com\/?post_type=product&#038;p=8219"},"modified":"2024-11-12T10:05:11","modified_gmt":"2024-11-12T10:05:11","slug":"travel-adapters","status":"publish","type":"product","link":"https:\/\/imiapower.com\/es\/products\/travel-adapter\/travel-adapters\/","title":{"rendered":"Rebajas adaptadores de viaje 12w al por mayor"},"content":{"rendered":"<ul>\n<li><strong>adaptadores de viaje<\/strong><\/li>\n<li><strong>Entrada de CA:<\/strong>100-250 V\/CA 50-60 Hz<\/li>\n<li><strong>Salida de CA:<\/strong>6A m\u00e1x. (660W\/100V o 1330W\/250V)<\/li>\n<li><strong>Salida USB1+USB2+USB3 +Tipo C:<\/strong>5V\/2400mA<\/li>\n<li><strong>Tama\u00f1o:<\/strong>50x70x55mm<\/li>\n<li><strong>\u00a0Material :<\/strong> PC cocida + metal Cooper<\/li>\n<li><strong>Observaci\u00f3n:<\/strong> EU\/AU\/UK\/US todo en uno se puede utilizar en m\u00e1s de 170 pa\u00edses<\/li>\n<li><strong>\u00a0Certificado :<\/strong> CE, RoHS<\/li>\n<\/ul>","protected":false},"excerpt":{"rendered":"<p>Este adaptador de viaje es la primera versi\u00f3n con la misma cubierta, ya hemos desarrollado 20w y 30w. Para viajes de negocios, la gente siempre prefiere llevar adaptadores de tama\u00f1o peque\u00f1o para que quepan en su mochila.<\/p>\n<p>El enchufe de viaje universal de 12 W ya no es popular porque no tiene la funci\u00f3n de cargador r\u00e1pido PD, pero debido a su precio econ\u00f3mico, algunos consumidores tambi\u00e9n han elegido este producto.<\/p>\n<p>&nbsp;<\/p>\n<p>&nbsp;<\/p>\n<p>&nbsp;<\/p>","protected":false},"featured_media":8232,"comment_status":"open","ping_status":"closed","template":"","meta":{"rank_math_lock_modified_date":false,"site-sidebar-layout":"default","site-content-layout":"","ast-site-content-layout":"default","site-content-style":"default","site-sidebar-style":"default","ast-global-header-display":"","ast-banner-title-visibility":"","ast-main-header-display":"","ast-hfb-above-header-display":"","ast-hfb-below-header-display":"","ast-hfb-mobile-header-display":"","site-post-title":"","ast-breadcrumbs-content":"","ast-featured-img":"","footer-sml-layout":"","ast-disable-related-posts":"","theme-transparent-header-meta":"default","adv-header-id-meta":"","stick-header-meta":"","header-above-stick-meta":"","header-main-stick-meta":"","header-below-stick-meta":"","astra-migrate-meta-layouts":"set","ast-page-background-enabled":"default","ast-page-background-meta":{"desktop":{"background-color":"","background-image":"","background-repeat":"repeat","background-position":"center center","background-size":"auto","background-attachment":"scroll","background-type":"","background-media":"","overlay-type":"","overlay-color":"","overlay-opacity":"","overlay-gradient":""},"tablet":{"background-color":"","background-image":"","background-repeat":"repeat","background-position":"center center","background-size":"auto","background-attachment":"scroll","background-type":"","background-media":"","overlay-type":"","overlay-color":"","overlay-opacity":"","overlay-gradient":""},"mobile":{"background-color":"","background-image":"","background-repeat":"repeat","background-position":"center center","background-size":"auto","background-attachment":"scroll","background-type":"","background-media":"","overlay-type":"","overlay-color":"","overlay-opacity":"","overlay-gradient":""}},"ast-content-background-meta":{"desktop":{"background-color":"var(--ast-global-color-5)","background-image":"","background-repeat":"repeat","background-position":"center center","background-size":"auto","background-attachment":"scroll","background-type":"","background-media":"","overlay-type":"","overlay-color":"","overlay-opacity":"","overlay-gradient":""},"tablet":{"background-color":"var(--ast-global-color-5)","background-image":"","background-repeat":"repeat","background-position":"center center","background-size":"auto","background-attachment":"scroll","background-type":"","background-media":"","overlay-type":"","overlay-color":"","overlay-opacity":"","overlay-gradient":""},"mobile":{"background-color":"var(--ast-global-color-5)","background-image":"","background-repeat":"repeat","background-position":"center center","background-size":"auto","background-attachment":"scroll","background-type":"","background-media":"","overlay-type":"","overlay-color":"","overlay-opacity":"","overlay-gradient":""}}},"product_cat":[64],"product_tag":[],"class_list":{"0":"post-8219","1":"product","2":"type-product","3":"status-publish","4":"has-post-thumbnail","6":"product_cat-travel-adapter","7":"desktop-align-center","8":"tablet-align-center","9":"mobile-align-center","11":"first","12":"instock","13":"shipping-taxable","14":"product-type-simple"},"_links":{"self":[{"href":"https:\/\/imiapower.com\/es\/wp-json\/wp\/v2\/product\/8219","targetHints":{"allow":["GET"]}}],"collection":[{"href":"https:\/\/imiapower.com\/es\/wp-json\/wp\/v2\/product"}],"about":[{"href":"https:\/\/imiapower.com\/es\/wp-json\/wp\/v2\/types\/product"}],"replies":[{"embeddable":true,"href":"https:\/\/imiapower.com\/es\/wp-json\/wp\/v2\/comments?post=8219"}],"version-history":[{"count":4,"href":"https:\/\/imiapower.com\/es\/wp-json\/wp\/v2\/product\/8219\/revisions"}],"predecessor-version":[{"id":8282,"href":"https:\/\/imiapower.com\/es\/wp-json\/wp\/v2\/product\/8219\/revisions\/8282"}],"wp:featuredmedia":[{"embeddable":true,"href":"https:\/\/imiapower.com\/es\/wp-json\/wp\/v2\/media\/8232"}],"wp:attachment":[{"href":"https:\/\/imiapower.com\/es\/wp-json\/wp\/v2\/media?parent=8219"}],"wp:term":[{"taxonomy":"product_cat","embeddable":true,"href":"https:\/\/imiapower.com\/es\/wp-json\/wp\/v2\/product_cat?post=8219"},{"taxonomy":"product_tag","embeddable":true,"href":"https:\/\/imiapower.com\/es\/wp-json\/wp\/v2\/product_tag?post=8219"}],"curies":[{"name":"wp","href":"https:\/\/api.w.org\/{rel}","templated":true}]}}