{"id":8303,"date":"2025-02-23T01:12:15","date_gmt":"2025-02-23T01:12:15","guid":{"rendered":"https:\/\/imiapower.com\/?post_type=product&#038;p=8303"},"modified":"2025-03-27T07:40:48","modified_gmt":"2025-03-27T07:40:48","slug":"140w-travel-adapter","status":"publish","type":"product","link":"https:\/\/imiapower.com\/es\/products\/travel-adapter\/140w-travel-adapter\/","title":{"rendered":"Potente adaptador de viaje de 140 W de dise\u00f1o chino"},"content":{"rendered":"<ul>\n<li><strong>\u00a0Adaptador de viaje de 140 W<\/strong><\/li>\n<li><strong>Entrada de CA:<\/strong>100~250V\/CA 50-60Hz 0.8A<\/li>\n<li><strong>Potencia nominal:<\/strong>10 A m\u00e1x. (1100 W\/110 V o 2500 W\/250 V)<\/li>\n<li><strong>Salida USB:<\/strong> 5V3A\/9V2A\/12V 1,5A (m\u00e1x. 18W)<\/li>\n<li><strong>Salida inteligente tipo C3\/C4:<\/strong> 5 V 3,4 A<\/li>\n<li><strong>Salida tipo C1:<\/strong> \u00a05V3A \/ 9V3A \/ 12V3A \/ 15V3A \/ 20V5A \/ 28V5A 140W PPS: 5-21V 5A<\/li>\n<li><strong>Tipo C2:<\/strong>5V3A \/ 9V3A \/ 12V3A \/ 15V3A \/ 20V5A 100W PPS: 5-21V 5A<\/li>\n<li><strong>C1+C2: <\/strong>100 W + 35 W<\/li>\n<li><strong>Tama\u00f1o: <\/strong>90*50,5*57 mm<\/li>\n<li><strong>Certificado :<\/strong> Reino Unido CA, CE<\/li>\n<\/ul>","protected":false},"excerpt":{"rendered":"<p><img fetchpriority=\"high\" decoding=\"async\" class=\"alignnone wp-image-8646 size-full\" src=\"https:\/\/imiapower.com\/wp-content\/uploads\/Universal-Travel-Adapter-1.jpg\" alt=\"Adaptador de viaje de 140 W\" width=\"800\" height=\"800\" srcset=\"https:\/\/imiapower.com\/wp-content\/uploads\/Universal-Travel-Adapter-1.jpg 800w, https:\/\/imiapower.com\/wp-content\/uploads\/Universal-Travel-Adapter-1-300x300.jpg 300w, https:\/\/imiapower.com\/wp-content\/uploads\/Universal-Travel-Adapter-1-100x100.jpg 100w, https:\/\/imiapower.com\/wp-content\/uploads\/Universal-Travel-Adapter-1-600x600.jpg 600w, https:\/\/imiapower.com\/wp-content\/uploads\/Universal-Travel-Adapter-1-64x64.jpg 64w, https:\/\/imiapower.com\/wp-content\/uploads\/Universal-Travel-Adapter-1-150x150.jpg 150w, https:\/\/imiapower.com\/wp-content\/uploads\/Universal-Travel-Adapter-1-768x768.jpg 768w, https:\/\/imiapower.com\/wp-content\/uploads\/Universal-Travel-Adapter-1-12x12.jpg 12w\" sizes=\"(max-width: 800px) 100vw, 800px\" \/><\/p>\n<p><img decoding=\"async\" class=\"alignnone wp-image-8647 size-full\" src=\"https:\/\/imiapower.com\/wp-content\/uploads\/Universal-Travel-Adapter.jpg\" alt=\"Adaptador de viaje de 140 W\" width=\"800\" height=\"800\" srcset=\"https:\/\/imiapower.com\/wp-content\/uploads\/Universal-Travel-Adapter.jpg 800w, https:\/\/imiapower.com\/wp-content\/uploads\/Universal-Travel-Adapter-300x300.jpg 300w, https:\/\/imiapower.com\/wp-content\/uploads\/Universal-Travel-Adapter-100x100.jpg 100w, https:\/\/imiapower.com\/wp-content\/uploads\/Universal-Travel-Adapter-600x600.jpg 600w, https:\/\/imiapower.com\/wp-content\/uploads\/Universal-Travel-Adapter-64x64.jpg 64w, https:\/\/imiapower.com\/wp-content\/uploads\/Universal-Travel-Adapter-150x150.jpg 150w, https:\/\/imiapower.com\/wp-content\/uploads\/Universal-Travel-Adapter-768x768.jpg 768w, https:\/\/imiapower.com\/wp-content\/uploads\/Universal-Travel-Adapter-12x12.jpg 12w\" sizes=\"(max-width: 800px) 100vw, 800px\" \/><\/p>\n<p>La demanda de adaptadores de viaje de 140 W aumenta debido a que los modelos de alto rendimiento de marcas como Apple, Dell y HP requieren cada vez m\u00e1s de 100 W o m\u00e1s para una carga r\u00e1pida. Los adaptadores de mayor potencia admiten estos dispositivos de manera m\u00e1s eficiente. Para los hombres de negocios que viajan a diferentes pa\u00edses, el tiempo es dinero y necesitan dispositivos como computadoras port\u00e1tiles, tel\u00e9fonos inteligentes y notebooks que se carguen de manera eficiente para hacer su trabajo.<\/p>\n<p>Dado que la Uni\u00f3n Europea exige que el USB-C sea un puerto de carga est\u00e1ndar para dispositivos electr\u00f3nicos, se espera que su adopci\u00f3n aumente a nivel mundial, este adaptador con 4 puertos de carga USB-C puede satisfacer los requisitos de carga de los consumidores.<\/p>\n<p>Los consumidores buscan soluciones minimalistas que les permitan llevar un \u00fanico adaptador para todos sus dispositivos, especialmente cuando viajan. Un adaptador de 140 W puede sustituir a varios adaptadores, lo que lo hace atractivo para viajeros frecuentes, incluidos los viajeros de negocios y los turistas.<\/p>\n<p>La tecnolog\u00eda GaN hace que este dise\u00f1o de adaptador de viaje de 140 W no sea muy grande, es port\u00e1til y energ\u00e9ticamente eficiente, este es un dispositivo de carga valioso cuando el consumidor viaja a diferentes pa\u00edses.<\/p>\n<p>&nbsp;<\/p>","protected":false},"featured_media":8309,"comment_status":"open","ping_status":"closed","template":"","meta":{"rank_math_lock_modified_date":false,"site-sidebar-layout":"default","site-content-layout":"","ast-site-content-layout":"default","site-content-style":"default","site-sidebar-style":"default","ast-global-header-display":"","ast-banner-title-visibility":"","ast-main-header-display":"","ast-hfb-above-header-display":"","ast-hfb-below-header-display":"","ast-hfb-mobile-header-display":"","site-post-title":"","ast-breadcrumbs-content":"","ast-featured-img":"","footer-sml-layout":"","ast-disable-related-posts":"","theme-transparent-header-meta":"default","adv-header-id-meta":"","stick-header-meta":"","header-above-stick-meta":"","header-main-stick-meta":"","header-below-stick-meta":"","astra-migrate-meta-layouts":"set","ast-page-background-enabled":"default","ast-page-background-meta":{"desktop":{"background-color":"","background-image":"","background-repeat":"repeat","background-position":"center center","background-size":"auto","background-attachment":"scroll","background-type":"","background-media":"","overlay-type":"","overlay-color":"","overlay-opacity":"","overlay-gradient":""},"tablet":{"background-color":"","background-image":"","background-repeat":"repeat","background-position":"center center","background-size":"auto","background-attachment":"scroll","background-type":"","background-media":"","overlay-type":"","overlay-color":"","overlay-opacity":"","overlay-gradient":""},"mobile":{"background-color":"","background-image":"","background-repeat":"repeat","background-position":"center center","background-size":"auto","background-attachment":"scroll","background-type":"","background-media":"","overlay-type":"","overlay-color":"","overlay-opacity":"","overlay-gradient":""}},"ast-content-background-meta":{"desktop":{"background-color":"var(--ast-global-color-5)","background-image":"","background-repeat":"repeat","background-position":"center center","background-size":"auto","background-attachment":"scroll","background-type":"","background-media":"","overlay-type":"","overlay-color":"","overlay-opacity":"","overlay-gradient":""},"tablet":{"background-color":"var(--ast-global-color-5)","background-image":"","background-repeat":"repeat","background-position":"center center","background-size":"auto","background-attachment":"scroll","background-type":"","background-media":"","overlay-type":"","overlay-color":"","overlay-opacity":"","overlay-gradient":""},"mobile":{"background-color":"var(--ast-global-color-5)","background-image":"","background-repeat":"repeat","background-position":"center center","background-size":"auto","background-attachment":"scroll","background-type":"","background-media":"","overlay-type":"","overlay-color":"","overlay-opacity":"","overlay-gradient":""}}},"product_cat":[64],"product_tag":[],"class_list":{"0":"post-8303","1":"product","2":"type-product","3":"status-publish","4":"has-post-thumbnail","6":"product_cat-travel-adapter","7":"desktop-align-center","8":"tablet-align-center","9":"mobile-align-center","11":"first","12":"instock","13":"featured","14":"shipping-taxable","15":"product-type-simple"},"_links":{"self":[{"href":"https:\/\/imiapower.com\/es\/wp-json\/wp\/v2\/product\/8303","targetHints":{"allow":["GET"]}}],"collection":[{"href":"https:\/\/imiapower.com\/es\/wp-json\/wp\/v2\/product"}],"about":[{"href":"https:\/\/imiapower.com\/es\/wp-json\/wp\/v2\/types\/product"}],"replies":[{"embeddable":true,"href":"https:\/\/imiapower.com\/es\/wp-json\/wp\/v2\/comments?post=8303"}],"version-history":[{"count":8,"href":"https:\/\/imiapower.com\/es\/wp-json\/wp\/v2\/product\/8303\/revisions"}],"predecessor-version":[{"id":8312,"href":"https:\/\/imiapower.com\/es\/wp-json\/wp\/v2\/product\/8303\/revisions\/8312"}],"wp:featuredmedia":[{"embeddable":true,"href":"https:\/\/imiapower.com\/es\/wp-json\/wp\/v2\/media\/8309"}],"wp:attachment":[{"href":"https:\/\/imiapower.com\/es\/wp-json\/wp\/v2\/media?parent=8303"}],"wp:term":[{"taxonomy":"product_cat","embeddable":true,"href":"https:\/\/imiapower.com\/es\/wp-json\/wp\/v2\/product_cat?post=8303"},{"taxonomy":"product_tag","embeddable":true,"href":"https:\/\/imiapower.com\/es\/wp-json\/wp\/v2\/product_tag?post=8303"}],"curies":[{"name":"wp","href":"https:\/\/api.w.org\/{rel}","templated":true}]}}