{"id":8335,"date":"2024-10-15T07:46:38","date_gmt":"2024-10-15T07:46:38","guid":{"rendered":"https:\/\/imiapower.com\/?post_type=product&#038;p=8335"},"modified":"2025-06-24T03:20:04","modified_gmt":"2025-06-24T03:20:04","slug":"best-international-charger","status":"publish","type":"product","link":"https:\/\/imiapower.com\/es\/products\/travel-adapter\/best-international-charger\/","title":{"rendered":"El mejor cargador internacional para viajes"},"content":{"rendered":"<ul>\n<li><strong>El mejor cargador internacional<\/strong><\/li>\n<li><strong>Entrada de CA:<\/strong>110 ~ 250 V CA, 50-60 Hz<\/li>\n<li><strong>Potencia nominal:<\/strong> 10 A m\u00e1x. (1100 W\/110 V o 2500 W\/250 V)<\/li>\n<li><strong>Salida USB:<\/strong> 5 V 3 A\/9 V 2 A\/12 V 1,5 A (m\u00e1x. 18 W)<\/li>\n<li><strong>Salida tipo C1\/C2\/C3:<\/strong> 5 V 3 A (m\u00e1x. 15 W)<\/li>\n<li><strong>Salida tipo C4:<\/strong> 5V3A, 9V3A, 12V3A, 15V3A, 20V3.25A (M\u00e1x.: 65w)<\/li>\n<li><strong>Cable de suspensi\u00f3n:<\/strong> Cable c a c de 20 mm de longitud para percha<\/li>\n<li><strong>Tama\u00f1o:<\/strong> 73*50*57 mm<\/li>\n<li><strong>Peso:<\/strong> 215 gramos<\/li>\n<li><strong>Material :<\/strong> PC cocido + metal de cobre<\/li>\n<li><strong>Certificaci\u00f3n:<\/strong> Certificados de la UE, CE, FCC y RoHS<\/li>\n<\/ul>","protected":false},"excerpt":{"rendered":"<p><img fetchpriority=\"high\" decoding=\"async\" class=\"alignnone size-medium wp-image-8623\" src=\"https:\/\/imiapower.com\/wp-content\/uploads\/Travel-Adapter-1-300x300.jpg\" alt=\"El mejor cargador internacional\" width=\"300\" height=\"300\" srcset=\"https:\/\/imiapower.com\/wp-content\/uploads\/Travel-Adapter-1-300x300.jpg 300w, https:\/\/imiapower.com\/wp-content\/uploads\/Travel-Adapter-1-100x100.jpg 100w, https:\/\/imiapower.com\/wp-content\/uploads\/Travel-Adapter-1-600x600.jpg 600w, https:\/\/imiapower.com\/wp-content\/uploads\/Travel-Adapter-1-64x64.jpg 64w, https:\/\/imiapower.com\/wp-content\/uploads\/Travel-Adapter-1-150x150.jpg 150w, https:\/\/imiapower.com\/wp-content\/uploads\/Travel-Adapter-1-768x768.jpg 768w, https:\/\/imiapower.com\/wp-content\/uploads\/Travel-Adapter-1-12x12.jpg 12w, https:\/\/imiapower.com\/wp-content\/uploads\/Travel-Adapter-1.jpg 800w\" sizes=\"(max-width: 300px) 100vw, 300px\" \/>\u00a0<img decoding=\"async\" class=\"alignnone size-medium wp-image-8624\" style=\"font-weight: inherit;\" src=\"https:\/\/imiapower.com\/wp-content\/uploads\/\u5fae\u4fe1\u56fe\u7247_20241101111602-300x300.jpg\" alt=\"El mejor cargador internacional\" width=\"300\" height=\"300\" srcset=\"https:\/\/imiapower.com\/wp-content\/uploads\/\u5fae\u4fe1\u56fe\u7247_20241101111602-300x300.jpg 300w, https:\/\/imiapower.com\/wp-content\/uploads\/\u5fae\u4fe1\u56fe\u7247_20241101111602-100x100.jpg 100w, https:\/\/imiapower.com\/wp-content\/uploads\/\u5fae\u4fe1\u56fe\u7247_20241101111602-600x600.jpg 600w, https:\/\/imiapower.com\/wp-content\/uploads\/\u5fae\u4fe1\u56fe\u7247_20241101111602-64x64.jpg 64w, https:\/\/imiapower.com\/wp-content\/uploads\/\u5fae\u4fe1\u56fe\u7247_20241101111602-1024x1024.jpg 1024w, https:\/\/imiapower.com\/wp-content\/uploads\/\u5fae\u4fe1\u56fe\u7247_20241101111602-150x150.jpg 150w, https:\/\/imiapower.com\/wp-content\/uploads\/\u5fae\u4fe1\u56fe\u7247_20241101111602-768x768.jpg 768w, https:\/\/imiapower.com\/wp-content\/uploads\/\u5fae\u4fe1\u56fe\u7247_20241101111602-12x12.jpg 12w, https:\/\/imiapower.com\/wp-content\/uploads\/\u5fae\u4fe1\u56fe\u7247_20241101111602.jpg 1500w\" sizes=\"(max-width: 300px) 100vw, 300px\" \/><img decoding=\"async\" class=\"alignnone size-medium wp-image-8625\" style=\"font-style: inherit; font-weight: inherit;\" src=\"https:\/\/imiapower.com\/wp-content\/uploads\/\u5fae\u4fe1\u56fe\u7247_20241101111608-2-300x300.jpg\" alt=\"El mejor cargador internacional\" width=\"300\" height=\"300\" srcset=\"https:\/\/imiapower.com\/wp-content\/uploads\/\u5fae\u4fe1\u56fe\u7247_20241101111608-2-300x300.jpg 300w, https:\/\/imiapower.com\/wp-content\/uploads\/\u5fae\u4fe1\u56fe\u7247_20241101111608-2-100x100.jpg 100w, https:\/\/imiapower.com\/wp-content\/uploads\/\u5fae\u4fe1\u56fe\u7247_20241101111608-2-600x600.jpg 600w, https:\/\/imiapower.com\/wp-content\/uploads\/\u5fae\u4fe1\u56fe\u7247_20241101111608-2-64x64.jpg 64w, https:\/\/imiapower.com\/wp-content\/uploads\/\u5fae\u4fe1\u56fe\u7247_20241101111608-2-1024x1024.jpg 1024w, https:\/\/imiapower.com\/wp-content\/uploads\/\u5fae\u4fe1\u56fe\u7247_20241101111608-2-150x150.jpg 150w, https:\/\/imiapower.com\/wp-content\/uploads\/\u5fae\u4fe1\u56fe\u7247_20241101111608-2-768x768.jpg 768w, https:\/\/imiapower.com\/wp-content\/uploads\/\u5fae\u4fe1\u56fe\u7247_20241101111608-2-12x12.jpg 12w, https:\/\/imiapower.com\/wp-content\/uploads\/\u5fae\u4fe1\u56fe\u7247_20241101111608-2.jpg 1500w\" sizes=\"(max-width: 300px) 100vw, 300px\" \/><span style=\"font-size: 16px;\">\u00a0<\/span><\/p>\n<p>El mejor cargador internacional ofrece compatibilidad en m\u00e1s de 170 pa\u00edses, con enchufes JP\/US, AUS, EU y UK para satisfacer diversas necesidades de viaje. Fabricado con material de policarbonato de alta calidad, el mejor cargador internacional est\u00e1 construido con tecnolog\u00eda GaN avanzada e incorpora protecci\u00f3n de doble fusible para mayor seguridad y durabilidad. Dise\u00f1ado como un adaptador de viaje universal, proporciona conectividad mundial y amplia compatibilidad, lo que lo convierte en una excelente opci\u00f3n para viajeros de negocios.<\/p>\n<p>Con una potente salida de 65 W, este mejor cargador internacional puede cargar r\u00e1pidamente tel\u00e9fonos inteligentes, tabletas e incluso algunas computadoras port\u00e1tiles modernas. Incluye un cable, lo que garantiza una usabilidad inmediata sin la necesidad de compras adicionales. La inclusi\u00f3n de un cable tambi\u00e9n reduce la cantidad de art\u00edculos que debe recordar y empacar cuando viaja. Equipado con m\u00faltiples adaptadores de enchufe, este cargador le permite usarlo sin problemas en varios pa\u00edses, eliminando la necesidad de un adaptador de viaje separado. Al admitir protocolos de carga r\u00e1pida como PD y QC, garantiza una carga eficiente y r\u00e1pida para dispositivos compatibles, lo que lo convierte en una opci\u00f3n de primer nivel para los viajeros.<\/p>\n<p>Amplia compatibilidad: funciona en m\u00e1s de 170 pa\u00edses con enchufes de Jap\u00f3n, Estados Unidos, Australia, la UE y el Reino Unido.<\/p>\n<p>Calidad de construcci\u00f3n superior: fabricado con material de PC cocido de alta calidad para mayor durabilidad y seguridad.<\/p>\n<p>Tecnolog\u00eda avanzada: Incorpora tecnolog\u00eda GaN y protecci\u00f3n de doble fusible para un rendimiento eficiente y seguro.<\/p>\n<p>Conectividad universal: dise\u00f1ado como un adaptador de viaje mundial, ideal para viajeros de negocios frecuentes.<\/p>\n<p>Alta potencia de salida: capacidad de 65 W para cargar r\u00e1pidamente tel\u00e9fonos inteligentes, tabletas y algunas computadoras port\u00e1tiles.<\/p>\n<p>Cable incluido: listo para usar de inmediato sin necesidad de comprar cables adicionales.<\/p>\n<p>F\u00e1cil de viajar: reduce las complicaciones del embalaje con un cable incluido, lo que minimiza la cantidad de art\u00edculos a transportar.<\/p>\n<p>Adaptadores de enchufe vers\u00e1tiles: viene con m\u00faltiples opciones de enchufe para un uso perfecto en varios pa\u00edses.<\/p>\n<p>Soporte de carga r\u00e1pida: compatible con protocolos como PD y QC, lo que garantiza una carga m\u00e1s r\u00e1pida para los dispositivos compatibles.<\/p>","protected":false},"featured_media":8621,"comment_status":"open","ping_status":"closed","template":"","meta":{"rank_math_lock_modified_date":false,"site-sidebar-layout":"default","site-content-layout":"","ast-site-content-layout":"default","site-content-style":"default","site-sidebar-style":"default","ast-global-header-display":"","ast-banner-title-visibility":"","ast-main-header-display":"","ast-hfb-above-header-display":"","ast-hfb-below-header-display":"","ast-hfb-mobile-header-display":"","site-post-title":"","ast-breadcrumbs-content":"","ast-featured-img":"","footer-sml-layout":"","ast-disable-related-posts":"","theme-transparent-header-meta":"default","adv-header-id-meta":"","stick-header-meta":"","header-above-stick-meta":"","header-main-stick-meta":"","header-below-stick-meta":"","astra-migrate-meta-layouts":"set","ast-page-background-enabled":"default","ast-page-background-meta":{"desktop":{"background-color":"","background-image":"","background-repeat":"repeat","background-position":"center center","background-size":"auto","background-attachment":"scroll","background-type":"","background-media":"","overlay-type":"","overlay-color":"","overlay-opacity":"","overlay-gradient":""},"tablet":{"background-color":"","background-image":"","background-repeat":"repeat","background-position":"center center","background-size":"auto","background-attachment":"scroll","background-type":"","background-media":"","overlay-type":"","overlay-color":"","overlay-opacity":"","overlay-gradient":""},"mobile":{"background-color":"","background-image":"","background-repeat":"repeat","background-position":"center center","background-size":"auto","background-attachment":"scroll","background-type":"","background-media":"","overlay-type":"","overlay-color":"","overlay-opacity":"","overlay-gradient":""}},"ast-content-background-meta":{"desktop":{"background-color":"var(--ast-global-color-5)","background-image":"","background-repeat":"repeat","background-position":"center center","background-size":"auto","background-attachment":"scroll","background-type":"","background-media":"","overlay-type":"","overlay-color":"","overlay-opacity":"","overlay-gradient":""},"tablet":{"background-color":"var(--ast-global-color-5)","background-image":"","background-repeat":"repeat","background-position":"center center","background-size":"auto","background-attachment":"scroll","background-type":"","background-media":"","overlay-type":"","overlay-color":"","overlay-opacity":"","overlay-gradient":""},"mobile":{"background-color":"var(--ast-global-color-5)","background-image":"","background-repeat":"repeat","background-position":"center center","background-size":"auto","background-attachment":"scroll","background-type":"","background-media":"","overlay-type":"","overlay-color":"","overlay-opacity":"","overlay-gradient":""}}},"product_cat":[64],"product_tag":[],"class_list":{"0":"post-8335","1":"product","2":"type-product","3":"status-publish","4":"has-post-thumbnail","6":"product_cat-travel-adapter","7":"desktop-align-center","8":"tablet-align-center","9":"mobile-align-center","11":"first","12":"instock","13":"shipping-taxable","14":"product-type-simple"},"_links":{"self":[{"href":"https:\/\/imiapower.com\/es\/wp-json\/wp\/v2\/product\/8335","targetHints":{"allow":["GET"]}}],"collection":[{"href":"https:\/\/imiapower.com\/es\/wp-json\/wp\/v2\/product"}],"about":[{"href":"https:\/\/imiapower.com\/es\/wp-json\/wp\/v2\/types\/product"}],"replies":[{"embeddable":true,"href":"https:\/\/imiapower.com\/es\/wp-json\/wp\/v2\/comments?post=8335"}],"version-history":[{"count":8,"href":"https:\/\/imiapower.com\/es\/wp-json\/wp\/v2\/product\/8335\/revisions"}],"predecessor-version":[{"id":8701,"href":"https:\/\/imiapower.com\/es\/wp-json\/wp\/v2\/product\/8335\/revisions\/8701"}],"wp:featuredmedia":[{"embeddable":true,"href":"https:\/\/imiapower.com\/es\/wp-json\/wp\/v2\/media\/8621"}],"wp:attachment":[{"href":"https:\/\/imiapower.com\/es\/wp-json\/wp\/v2\/media?parent=8335"}],"wp:term":[{"taxonomy":"product_cat","embeddable":true,"href":"https:\/\/imiapower.com\/es\/wp-json\/wp\/v2\/product_cat?post=8335"},{"taxonomy":"product_tag","embeddable":true,"href":"https:\/\/imiapower.com\/es\/wp-json\/wp\/v2\/product_tag?post=8335"}],"curies":[{"name":"wp","href":"https:\/\/api.w.org\/{rel}","templated":true}]}}