{"id":8345,"date":"2024-10-15T07:59:42","date_gmt":"2024-10-15T07:59:42","guid":{"rendered":"https:\/\/imiapower.com\/?post_type=product&#038;p=8345"},"modified":"2024-12-02T00:20:33","modified_gmt":"2024-12-02T00:20:33","slug":"universal-charger-adapter","status":"publish","type":"product","link":"https:\/\/imiapower.com\/es\/products\/travel-adapter\/universal-charger-adapter\/","title":{"rendered":"Adaptador de cargador universal privado del fabricante chino"},"content":{"rendered":"<ul>\n<li><strong>adaptador de cargador universal<\/strong><\/li>\n<li><strong>Entrada de CA:<\/strong>110 ~ 250 V CA, 50-60 Hz<\/li>\n<li><strong>Potencia nominal:<\/strong> 10 A m\u00e1x. (1100 W\/110 V o 2500 W\/250 V)<\/li>\n<li><strong>Salida USB:<\/strong> 5 V 3 A\/9 V 2 A\/12 V 1,5 A (m\u00e1x. 18 W)<\/li>\n<li><strong>Salida tipo C1\/C2\/C3:<\/strong> 5 V 3 A (m\u00e1x. 15 W)<\/li>\n<li><strong>Salida tipo C4:<\/strong> 5V3A, 9V3A, 12V2.91A, 15V2.33A, 20V1.75A (m\u00e1x. 35w)<\/li>\n<li><strong>Cable de suspensi\u00f3n:<\/strong> Cable c a c de 20 mm de longitud para percha<\/li>\n<li><strong>Tama\u00f1o:<\/strong> 73*50*57 mm<\/li>\n<li><strong>Peso:<\/strong> 160 gramos<\/li>\n<li><strong>Material :<\/strong> PC cocido + metal de cobre<\/li>\n<li><strong>Certificaci\u00f3n:<\/strong> Certificados de la UE, CE, FCC y RoHS<\/li>\n<\/ul>","protected":false},"excerpt":{"rendered":"<p>La compatibilidad del adaptador de cargador universal se utiliza siempre en m\u00e1s de 170 pa\u00edses, con sus enchufes JP\/US, AUS, EU y UK.<\/p>\n<p>Nuestra f\u00e1brica siempre utiliza PC cocido para la producci\u00f3n de adaptadores de viaje de alta gama, dise\u00f1o de tecnolog\u00eda GaN y protecci\u00f3n de doble fusible.<\/p>\n<p>Un adaptador de viaje universal es un dispositivo de carga con conectividad mundial y amplia compatibilidad, es una buena opci\u00f3n para los hombres de negocios que viajan al extranjero.<\/p>\n<p>Para la misma carcasa de dise\u00f1o del adaptador, ofrecemos diferentes potencias de salida, el cliente puede elegir 35w, 45w y 65w, o tambi\u00e9n puede venderlos como una serie.<\/p>\n<p>Este adaptador de cargador universal de dise\u00f1o ofrece varias opciones de color, incluidos blanco, negro, rojo, amarillo, verde, etc., tambi\u00e9n aceptamos dise\u00f1os de color personalizados.<\/p>\n<p>Tambi\u00e9n tenemos otra opci\u00f3n para el dise\u00f1o, podemos reemplazar el puerto de carga Tipo-c del medio con un puerto de carga Lightning, ya que algunos consumidores todav\u00eda usan puertos de carga Lightning para cargar sus iPhones, siempre dise\u00f1amos adaptadores de viaje todo en uno seg\u00fan la demanda de los consumidores.<\/p>\n<p>&nbsp;<\/p>","protected":false},"featured_media":8349,"comment_status":"open","ping_status":"closed","template":"","meta":{"rank_math_lock_modified_date":false,"site-sidebar-layout":"default","site-content-layout":"","ast-site-content-layout":"default","site-content-style":"default","site-sidebar-style":"default","ast-global-header-display":"","ast-banner-title-visibility":"","ast-main-header-display":"","ast-hfb-above-header-display":"","ast-hfb-below-header-display":"","ast-hfb-mobile-header-display":"","site-post-title":"","ast-breadcrumbs-content":"","ast-featured-img":"","footer-sml-layout":"","ast-disable-related-posts":"","theme-transparent-header-meta":"default","adv-header-id-meta":"","stick-header-meta":"","header-above-stick-meta":"","header-main-stick-meta":"","header-below-stick-meta":"","astra-migrate-meta-layouts":"set","ast-page-background-enabled":"default","ast-page-background-meta":{"desktop":{"background-color":"","background-image":"","background-repeat":"repeat","background-position":"center center","background-size":"auto","background-attachment":"scroll","background-type":"","background-media":"","overlay-type":"","overlay-color":"","overlay-opacity":"","overlay-gradient":""},"tablet":{"background-color":"","background-image":"","background-repeat":"repeat","background-position":"center center","background-size":"auto","background-attachment":"scroll","background-type":"","background-media":"","overlay-type":"","overlay-color":"","overlay-opacity":"","overlay-gradient":""},"mobile":{"background-color":"","background-image":"","background-repeat":"repeat","background-position":"center center","background-size":"auto","background-attachment":"scroll","background-type":"","background-media":"","overlay-type":"","overlay-color":"","overlay-opacity":"","overlay-gradient":""}},"ast-content-background-meta":{"desktop":{"background-color":"var(--ast-global-color-5)","background-image":"","background-repeat":"repeat","background-position":"center center","background-size":"auto","background-attachment":"scroll","background-type":"","background-media":"","overlay-type":"","overlay-color":"","overlay-opacity":"","overlay-gradient":""},"tablet":{"background-color":"var(--ast-global-color-5)","background-image":"","background-repeat":"repeat","background-position":"center center","background-size":"auto","background-attachment":"scroll","background-type":"","background-media":"","overlay-type":"","overlay-color":"","overlay-opacity":"","overlay-gradient":""},"mobile":{"background-color":"var(--ast-global-color-5)","background-image":"","background-repeat":"repeat","background-position":"center center","background-size":"auto","background-attachment":"scroll","background-type":"","background-media":"","overlay-type":"","overlay-color":"","overlay-opacity":"","overlay-gradient":""}}},"product_cat":[64],"product_tag":[],"class_list":{"0":"post-8345","1":"product","2":"type-product","3":"status-publish","4":"has-post-thumbnail","6":"product_cat-travel-adapter","7":"desktop-align-center","8":"tablet-align-center","9":"mobile-align-center","11":"first","12":"instock","13":"shipping-taxable","14":"product-type-simple"},"_links":{"self":[{"href":"https:\/\/imiapower.com\/es\/wp-json\/wp\/v2\/product\/8345","targetHints":{"allow":["GET"]}}],"collection":[{"href":"https:\/\/imiapower.com\/es\/wp-json\/wp\/v2\/product"}],"about":[{"href":"https:\/\/imiapower.com\/es\/wp-json\/wp\/v2\/types\/product"}],"replies":[{"embeddable":true,"href":"https:\/\/imiapower.com\/es\/wp-json\/wp\/v2\/comments?post=8345"}],"version-history":[{"count":4,"href":"https:\/\/imiapower.com\/es\/wp-json\/wp\/v2\/product\/8345\/revisions"}],"predecessor-version":[{"id":8644,"href":"https:\/\/imiapower.com\/es\/wp-json\/wp\/v2\/product\/8345\/revisions\/8644"}],"wp:featuredmedia":[{"embeddable":true,"href":"https:\/\/imiapower.com\/es\/wp-json\/wp\/v2\/media\/8349"}],"wp:attachment":[{"href":"https:\/\/imiapower.com\/es\/wp-json\/wp\/v2\/media?parent=8345"}],"wp:term":[{"taxonomy":"product_cat","embeddable":true,"href":"https:\/\/imiapower.com\/es\/wp-json\/wp\/v2\/product_cat?post=8345"},{"taxonomy":"product_tag","embeddable":true,"href":"https:\/\/imiapower.com\/es\/wp-json\/wp\/v2\/product_tag?post=8345"}],"curies":[{"name":"wp","href":"https:\/\/api.w.org\/{rel}","templated":true}]}}