{"id":8353,"date":"2024-10-15T08:08:55","date_gmt":"2024-10-15T08:08:55","guid":{"rendered":"https:\/\/imiapower.com\/?post_type=product&#038;p=8353"},"modified":"2024-11-07T14:22:56","modified_gmt":"2024-11-07T14:22:56","slug":"universal-outlet-adapter","status":"publish","type":"product","link":"https:\/\/imiapower.com\/es\/products\/travel-adapter\/universal-outlet-adapter\/","title":{"rendered":"Adaptador de toma de corriente universal de calidad"},"content":{"rendered":"<ul>\n<li><strong>Adaptador de toma de corriente universal<\/strong><\/li>\n<li><strong>Entrada de CA:<\/strong>110 ~ 250 V CA, 50-60 Hz<\/li>\n<li><strong>Potencia nominal:<\/strong> 10 A m\u00e1x. (1100 W\/110 V o 2500 W\/250 V)<\/li>\n<li><strong>Salida USB:<\/strong> 5 V 3 A\/9 V 2 A\/12 V 1,5 A (m\u00e1x. 18 W)<\/li>\n<li><strong>Salida tipo C1\/C2\/C3:<\/strong> 5 V 3 A (m\u00e1x. 15 W)<\/li>\n<li><strong>Salida tipo C4:<\/strong> 5V3A, 9V3A, 12V3A, 15V3A, 20V2.25A (m\u00e1x. 45w)<\/li>\n<li><strong>Cable de suspensi\u00f3n:<\/strong> Cable c a c de 20 mm de longitud para percha<\/li>\n<li><strong>Tama\u00f1o:<\/strong> 73*50*57 mm<\/li>\n<li><strong>Peso:<\/strong> 215 gramos<\/li>\n<li><strong>Material :<\/strong> PC cocido + metal de cobre<\/li>\n<li><strong>Certificaci\u00f3n:<\/strong> Certificados de la UE, CE, FCC y RoHS<\/li>\n<\/ul>","protected":false},"excerpt":{"rendered":"<p>Para este modelo de adaptador de salida universal, hemos dise\u00f1ado 3 caracteres de potencia diferentes, 35 W, 45 W y 65 W, seg\u00fan la consulta de marketing.<\/p>\n<p>Por ahora, los adaptadores\/cargadores m\u00f3viles con cable se han convertido en una tendencia de moda, porque las personas siempre llevan diferentes dispositivos electr\u00f3nicos cuando van a cualquier lugar, como tel\u00e9fonos inteligentes, auriculares inal\u00e1mbricos y relojes inteligentes, a veces con iPads, un adaptador con un cable juntos pueden cargar nuestros dispositivos electr\u00f3nicos f\u00e1cilmente sin preocuparse por los cables perdidos.<\/p>\n<p>Nuestro cable est\u00e1 dise\u00f1ado como una percha en la esquina superior del adaptador de viaje universal, por lo que es muy c\u00f3modo de llevar.<\/p>\n<p>La compatibilidad del adaptador de toma de corriente universal se utiliza siempre en m\u00e1s de 170 pa\u00edses, con sus enchufes JP\/US, AUS, EU y UK.<\/p>\n<p>Nuestra f\u00e1brica siempre utiliza PC cocido para la producci\u00f3n de adaptadores de viaje de alta gama, dise\u00f1o de tecnolog\u00eda GaN y protecci\u00f3n de doble fusible.<\/p>\n<p>Un adaptador de viaje universal es un dispositivo de carga con conectividad mundial y amplia compatibilidad, es una buena opci\u00f3n para los hombres de negocios que viajan al extranjero.<\/p>","protected":false},"featured_media":8357,"comment_status":"open","ping_status":"closed","template":"","meta":{"rank_math_lock_modified_date":false,"site-sidebar-layout":"default","site-content-layout":"","ast-site-content-layout":"default","site-content-style":"default","site-sidebar-style":"default","ast-global-header-display":"","ast-banner-title-visibility":"","ast-main-header-display":"","ast-hfb-above-header-display":"","ast-hfb-below-header-display":"","ast-hfb-mobile-header-display":"","site-post-title":"","ast-breadcrumbs-content":"","ast-featured-img":"","footer-sml-layout":"","ast-disable-related-posts":"","theme-transparent-header-meta":"default","adv-header-id-meta":"","stick-header-meta":"","header-above-stick-meta":"","header-main-stick-meta":"","header-below-stick-meta":"","astra-migrate-meta-layouts":"set","ast-page-background-enabled":"default","ast-page-background-meta":{"desktop":{"background-color":"","background-image":"","background-repeat":"repeat","background-position":"center center","background-size":"auto","background-attachment":"scroll","background-type":"","background-media":"","overlay-type":"","overlay-color":"","overlay-opacity":"","overlay-gradient":""},"tablet":{"background-color":"","background-image":"","background-repeat":"repeat","background-position":"center center","background-size":"auto","background-attachment":"scroll","background-type":"","background-media":"","overlay-type":"","overlay-color":"","overlay-opacity":"","overlay-gradient":""},"mobile":{"background-color":"","background-image":"","background-repeat":"repeat","background-position":"center center","background-size":"auto","background-attachment":"scroll","background-type":"","background-media":"","overlay-type":"","overlay-color":"","overlay-opacity":"","overlay-gradient":""}},"ast-content-background-meta":{"desktop":{"background-color":"var(--ast-global-color-5)","background-image":"","background-repeat":"repeat","background-position":"center center","background-size":"auto","background-attachment":"scroll","background-type":"","background-media":"","overlay-type":"","overlay-color":"","overlay-opacity":"","overlay-gradient":""},"tablet":{"background-color":"var(--ast-global-color-5)","background-image":"","background-repeat":"repeat","background-position":"center center","background-size":"auto","background-attachment":"scroll","background-type":"","background-media":"","overlay-type":"","overlay-color":"","overlay-opacity":"","overlay-gradient":""},"mobile":{"background-color":"var(--ast-global-color-5)","background-image":"","background-repeat":"repeat","background-position":"center center","background-size":"auto","background-attachment":"scroll","background-type":"","background-media":"","overlay-type":"","overlay-color":"","overlay-opacity":"","overlay-gradient":""}}},"product_cat":[64],"product_tag":[],"class_list":{"0":"post-8353","1":"product","2":"type-product","3":"status-publish","4":"has-post-thumbnail","6":"product_cat-travel-adapter","7":"desktop-align-center","8":"tablet-align-center","9":"mobile-align-center","11":"first","12":"instock","13":"shipping-taxable","14":"product-type-simple"},"_links":{"self":[{"href":"https:\/\/imiapower.com\/es\/wp-json\/wp\/v2\/product\/8353","targetHints":{"allow":["GET"]}}],"collection":[{"href":"https:\/\/imiapower.com\/es\/wp-json\/wp\/v2\/product"}],"about":[{"href":"https:\/\/imiapower.com\/es\/wp-json\/wp\/v2\/types\/product"}],"replies":[{"embeddable":true,"href":"https:\/\/imiapower.com\/es\/wp-json\/wp\/v2\/comments?post=8353"}],"version-history":[{"count":4,"href":"https:\/\/imiapower.com\/es\/wp-json\/wp\/v2\/product\/8353\/revisions"}],"predecessor-version":[{"id":8631,"href":"https:\/\/imiapower.com\/es\/wp-json\/wp\/v2\/product\/8353\/revisions\/8631"}],"wp:featuredmedia":[{"embeddable":true,"href":"https:\/\/imiapower.com\/es\/wp-json\/wp\/v2\/media\/8357"}],"wp:attachment":[{"href":"https:\/\/imiapower.com\/es\/wp-json\/wp\/v2\/media?parent=8353"}],"wp:term":[{"taxonomy":"product_cat","embeddable":true,"href":"https:\/\/imiapower.com\/es\/wp-json\/wp\/v2\/product_cat?post=8353"},{"taxonomy":"product_tag","embeddable":true,"href":"https:\/\/imiapower.com\/es\/wp-json\/wp\/v2\/product_tag?post=8353"}],"curies":[{"name":"wp","href":"https:\/\/api.w.org\/{rel}","templated":true}]}}