{"id":8717,"date":"2024-11-29T06:51:06","date_gmt":"2024-11-29T06:51:06","guid":{"rendered":"https:\/\/imiapower.com\/?post_type=product&#038;p=8717"},"modified":"2025-06-24T03:19:54","modified_gmt":"2025-06-24T03:19:54","slug":"power-cube","status":"publish","type":"product","link":"https:\/\/imiapower.com\/es\/products\/power-strip\/power-cube\/","title":{"rendered":"Cubo de energ\u00eda popular del fabricante chino"},"content":{"rendered":"<ul>\n<li><strong>Cubo de poder<\/strong><\/li>\n<li><strong>\u00a0Potencia nominal:<\/strong> 16 A, 220 V ~ 240 V<\/li>\n<li><strong>USB-A+ USB-C Salida total:<\/strong> \u00a0L\u00e1mpara de 20 W<\/li>\n<li><strong>Salida USB-A \u00fanica:<\/strong> \u00a05 V, 3 A 9 V, 2 A 12 V, 1,5 A (M\u00c1XIMO 18 W)<\/li>\n<li><strong>Salida USB-C \u00fanica:<\/strong> 5 V, 3 A, 9 V, 2,2 A, 12 V, 1,67 A (m\u00e1x. 20 W)<\/li>\n<li><strong>Material :<\/strong> PC cocida + metal de cobre.<\/li>\n<li><strong>Tama\u00f1o :<\/strong>82*82*82MM<\/li>\n<li><strong>Peso:<\/strong> 158 gramos<\/li>\n<li><strong>Est\u00e1ndar:<\/strong> Est\u00e1ndar Schuko para el mercado europeo<\/li>\n<li><strong>Certificaci\u00f3n:<\/strong>\u00a0 Certificado CE y RoHS<\/li>\n<\/ul>","protected":false},"excerpt":{"rendered":"<p><img fetchpriority=\"high\" decoding=\"async\" class=\"alignnone wp-image-8722 size-full\" src=\"https:\/\/imiapower.com\/wp-content\/uploads\/surge-protector.jpg\" alt=\"cubo de poder\" width=\"800\" height=\"800\" srcset=\"https:\/\/imiapower.com\/wp-content\/uploads\/surge-protector.jpg 800w, https:\/\/imiapower.com\/wp-content\/uploads\/surge-protector-300x300.jpg 300w, https:\/\/imiapower.com\/wp-content\/uploads\/surge-protector-100x100.jpg 100w, https:\/\/imiapower.com\/wp-content\/uploads\/surge-protector-600x600.jpg 600w, https:\/\/imiapower.com\/wp-content\/uploads\/surge-protector-64x64.jpg 64w, https:\/\/imiapower.com\/wp-content\/uploads\/surge-protector-150x150.jpg 150w, https:\/\/imiapower.com\/wp-content\/uploads\/surge-protector-768x768.jpg 768w, https:\/\/imiapower.com\/wp-content\/uploads\/surge-protector-12x12.jpg 12w\" sizes=\"(max-width: 800px) 100vw, 800px\" \/><\/p>\n<p>Power Cube, una soluci\u00f3n inteligente que ahorra espacio para todas sus necesidades de carga y conectividad<\/p>\n<p>Con su dise\u00f1o compacto y en forma de cubo, el Power Cube se adapta perfectamente a su escritorio. D\u00edgale adi\u00f3s a los cables enredados y a las regletas de enchufes voluminosas que abarrotan su espacio.<\/p>\n<p>Con m\u00faltiples tomas de CA, puertos USB y conectividad USB-C opcional, te permite cargar varios dispositivos simult\u00e1neamente. Perfecto para tel\u00e9fonos inteligentes, tabletas, computadoras port\u00e1tiles, relojes inteligentes y m\u00e1s.<\/p>\n<p>Hasta 4 salidas de CA y 4 puertos USB para alimentar todos sus dispositivos<\/p>\n<p>Despeja tu espacio de trabajo mientras cargas tus dispositivos<\/p>","protected":false},"featured_media":8718,"comment_status":"open","ping_status":"closed","template":"","meta":{"rank_math_lock_modified_date":false,"site-sidebar-layout":"default","site-content-layout":"","ast-site-content-layout":"default","site-content-style":"default","site-sidebar-style":"default","ast-global-header-display":"","ast-banner-title-visibility":"","ast-main-header-display":"","ast-hfb-above-header-display":"","ast-hfb-below-header-display":"","ast-hfb-mobile-header-display":"","site-post-title":"","ast-breadcrumbs-content":"","ast-featured-img":"","footer-sml-layout":"","ast-disable-related-posts":"","theme-transparent-header-meta":"default","adv-header-id-meta":"","stick-header-meta":"","header-above-stick-meta":"","header-main-stick-meta":"","header-below-stick-meta":"","astra-migrate-meta-layouts":"set","ast-page-background-enabled":"default","ast-page-background-meta":{"desktop":{"background-color":"","background-image":"","background-repeat":"repeat","background-position":"center center","background-size":"auto","background-attachment":"scroll","background-type":"","background-media":"","overlay-type":"","overlay-color":"","overlay-opacity":"","overlay-gradient":""},"tablet":{"background-color":"","background-image":"","background-repeat":"repeat","background-position":"center center","background-size":"auto","background-attachment":"scroll","background-type":"","background-media":"","overlay-type":"","overlay-color":"","overlay-opacity":"","overlay-gradient":""},"mobile":{"background-color":"","background-image":"","background-repeat":"repeat","background-position":"center center","background-size":"auto","background-attachment":"scroll","background-type":"","background-media":"","overlay-type":"","overlay-color":"","overlay-opacity":"","overlay-gradient":""}},"ast-content-background-meta":{"desktop":{"background-color":"var(--ast-global-color-5)","background-image":"","background-repeat":"repeat","background-position":"center center","background-size":"auto","background-attachment":"scroll","background-type":"","background-media":"","overlay-type":"","overlay-color":"","overlay-opacity":"","overlay-gradient":""},"tablet":{"background-color":"var(--ast-global-color-5)","background-image":"","background-repeat":"repeat","background-position":"center center","background-size":"auto","background-attachment":"scroll","background-type":"","background-media":"","overlay-type":"","overlay-color":"","overlay-opacity":"","overlay-gradient":""},"mobile":{"background-color":"var(--ast-global-color-5)","background-image":"","background-repeat":"repeat","background-position":"center center","background-size":"auto","background-attachment":"scroll","background-type":"","background-media":"","overlay-type":"","overlay-color":"","overlay-opacity":"","overlay-gradient":""}}},"product_cat":[239],"product_tag":[],"class_list":{"0":"post-8717","1":"product","2":"type-product","3":"status-publish","4":"has-post-thumbnail","6":"product_cat-power-strip","7":"desktop-align-center","8":"tablet-align-center","9":"mobile-align-center","11":"first","12":"instock","13":"shipping-taxable","14":"product-type-simple"},"_links":{"self":[{"href":"https:\/\/imiapower.com\/es\/wp-json\/wp\/v2\/product\/8717","targetHints":{"allow":["GET"]}}],"collection":[{"href":"https:\/\/imiapower.com\/es\/wp-json\/wp\/v2\/product"}],"about":[{"href":"https:\/\/imiapower.com\/es\/wp-json\/wp\/v2\/types\/product"}],"replies":[{"embeddable":true,"href":"https:\/\/imiapower.com\/es\/wp-json\/wp\/v2\/comments?post=8717"}],"version-history":[{"count":3,"href":"https:\/\/imiapower.com\/es\/wp-json\/wp\/v2\/product\/8717\/revisions"}],"predecessor-version":[{"id":8723,"href":"https:\/\/imiapower.com\/es\/wp-json\/wp\/v2\/product\/8717\/revisions\/8723"}],"wp:featuredmedia":[{"embeddable":true,"href":"https:\/\/imiapower.com\/es\/wp-json\/wp\/v2\/media\/8718"}],"wp:attachment":[{"href":"https:\/\/imiapower.com\/es\/wp-json\/wp\/v2\/media?parent=8717"}],"wp:term":[{"taxonomy":"product_cat","embeddable":true,"href":"https:\/\/imiapower.com\/es\/wp-json\/wp\/v2\/product_cat?post=8717"},{"taxonomy":"product_tag","embeddable":true,"href":"https:\/\/imiapower.com\/es\/wp-json\/wp\/v2\/product_tag?post=8717"}],"curies":[{"name":"wp","href":"https:\/\/api.w.org\/{rel}","templated":true}]}}