{"id":9356,"date":"2025-06-23T07:30:14","date_gmt":"2025-06-23T07:30:14","guid":{"rendered":"https:\/\/imiapower.com\/?post_type=product&#038;p=9356"},"modified":"2025-06-23T07:49:48","modified_gmt":"2025-06-23T07:49:48","slug":"67w-charger-pd","status":"publish","type":"product","link":"https:\/\/imiapower.com\/es\/products\/wall-charger\/67w-charger-pd\/","title":{"rendered":"Cargador GaN de 67 W con cable retr\u00e1ctil para carga r\u00e1pida PD"},"content":{"rendered":"<ul>\n<li><strong>Cargador pd<\/strong><\/li>\n<li><strong>Voltaje de entrada:<\/strong> CA 100-240 V<\/li>\n<li><strong>Puerto USB-C:<\/strong> Hasta 67 W (protocolo PD)<\/li>\n<li><strong>Cable tipo C retr\u00e1ctil incorporado:<\/strong> Hasta 60 W (protocolo PD)<\/li>\n<li><strong>Puerto USB-A:<\/strong> Hasta 30 W (protocolo QC)<\/li>\n<li><strong>Configuraci\u00f3n del puerto:<\/strong> 1 cable retr\u00e1ctil tipo C (m\u00e1ximo 65 cm) + dos puertos USB (USB-A + USB-C)<\/li>\n<li><strong>Protocolos compatibles:<\/strong> PD3.0\/2.0, QC4.0\/3.0\/2.0, PPS, Samsung SFC2.0\/SFC\/AFC, Huawei SCP\/FCP, BC1.2, etc.<\/li>\n<\/ul>","protected":false},"excerpt":{"rendered":"<p><img fetchpriority=\"high\" decoding=\"async\" class=\"alignnone wp-image-9359 size-full\" src=\"https:\/\/imiapower.com\/wp-content\/uploads\/converted-3-1.webp\" alt=\"cargador pd\" width=\"800\" height=\"800\" srcset=\"https:\/\/imiapower.com\/wp-content\/uploads\/converted-3-1.webp 800w, https:\/\/imiapower.com\/wp-content\/uploads\/converted-3-1-300x300.webp 300w, https:\/\/imiapower.com\/wp-content\/uploads\/converted-3-1-150x150.webp 150w, https:\/\/imiapower.com\/wp-content\/uploads\/converted-3-1-768x768.webp 768w, https:\/\/imiapower.com\/wp-content\/uploads\/converted-3-1-12x12.webp 12w, https:\/\/imiapower.com\/wp-content\/uploads\/converted-3-1-600x600.webp 600w, https:\/\/imiapower.com\/wp-content\/uploads\/converted-3-1-100x100.webp 100w, https:\/\/imiapower.com\/wp-content\/uploads\/converted-3-1-64x64.webp 64w\" sizes=\"(max-width: 800px) 100vw, 800px\" \/><\/p>\n<p>Este cargador PD de 67 W cuenta con un cable retr\u00e1ctil incorporado para una comodidad sin desorden y una carga r\u00e1pida mientras viaja.<\/p>\n<p>Con tecnolog\u00eda GaN avanzada, ofrece alta eficiencia y tama\u00f1o compacto, perfecto para computadoras port\u00e1tiles, tabletas y tel\u00e9fonos inteligentes que admiten suministro de energ\u00eda USB-C.<\/p>","protected":false},"featured_media":9358,"comment_status":"open","ping_status":"closed","template":"","meta":{"rank_math_lock_modified_date":false,"site-sidebar-layout":"default","site-content-layout":"","ast-site-content-layout":"default","site-content-style":"default","site-sidebar-style":"default","ast-global-header-display":"","ast-banner-title-visibility":"","ast-main-header-display":"","ast-hfb-above-header-display":"","ast-hfb-below-header-display":"","ast-hfb-mobile-header-display":"","site-post-title":"","ast-breadcrumbs-content":"","ast-featured-img":"","footer-sml-layout":"","ast-disable-related-posts":"","theme-transparent-header-meta":"default","adv-header-id-meta":"","stick-header-meta":"","header-above-stick-meta":"","header-main-stick-meta":"","header-below-stick-meta":"","astra-migrate-meta-layouts":"set","ast-page-background-enabled":"default","ast-page-background-meta":{"desktop":{"background-color":"","background-image":"","background-repeat":"repeat","background-position":"center center","background-size":"auto","background-attachment":"scroll","background-type":"","background-media":"","overlay-type":"","overlay-color":"","overlay-opacity":"","overlay-gradient":""},"tablet":{"background-color":"","background-image":"","background-repeat":"repeat","background-position":"center center","background-size":"auto","background-attachment":"scroll","background-type":"","background-media":"","overlay-type":"","overlay-color":"","overlay-opacity":"","overlay-gradient":""},"mobile":{"background-color":"","background-image":"","background-repeat":"repeat","background-position":"center center","background-size":"auto","background-attachment":"scroll","background-type":"","background-media":"","overlay-type":"","overlay-color":"","overlay-opacity":"","overlay-gradient":""}},"ast-content-background-meta":{"desktop":{"background-color":"var(--ast-global-color-5)","background-image":"","background-repeat":"repeat","background-position":"center center","background-size":"auto","background-attachment":"scroll","background-type":"","background-media":"","overlay-type":"","overlay-color":"","overlay-opacity":"","overlay-gradient":""},"tablet":{"background-color":"var(--ast-global-color-5)","background-image":"","background-repeat":"repeat","background-position":"center center","background-size":"auto","background-attachment":"scroll","background-type":"","background-media":"","overlay-type":"","overlay-color":"","overlay-opacity":"","overlay-gradient":""},"mobile":{"background-color":"var(--ast-global-color-5)","background-image":"","background-repeat":"repeat","background-position":"center center","background-size":"auto","background-attachment":"scroll","background-type":"","background-media":"","overlay-type":"","overlay-color":"","overlay-opacity":"","overlay-gradient":""}}},"product_cat":[43],"product_tag":[],"class_list":{"0":"post-9356","1":"product","2":"type-product","3":"status-publish","4":"has-post-thumbnail","6":"product_cat-wall-charger","7":"desktop-align-center","8":"tablet-align-center","9":"mobile-align-center","11":"first","12":"instock","13":"featured","14":"shipping-taxable","15":"product-type-simple"},"_links":{"self":[{"href":"https:\/\/imiapower.com\/es\/wp-json\/wp\/v2\/product\/9356","targetHints":{"allow":["GET"]}}],"collection":[{"href":"https:\/\/imiapower.com\/es\/wp-json\/wp\/v2\/product"}],"about":[{"href":"https:\/\/imiapower.com\/es\/wp-json\/wp\/v2\/types\/product"}],"replies":[{"embeddable":true,"href":"https:\/\/imiapower.com\/es\/wp-json\/wp\/v2\/comments?post=9356"}],"version-history":[{"count":6,"href":"https:\/\/imiapower.com\/es\/wp-json\/wp\/v2\/product\/9356\/revisions"}],"predecessor-version":[{"id":9366,"href":"https:\/\/imiapower.com\/es\/wp-json\/wp\/v2\/product\/9356\/revisions\/9366"}],"wp:featuredmedia":[{"embeddable":true,"href":"https:\/\/imiapower.com\/es\/wp-json\/wp\/v2\/media\/9358"}],"wp:attachment":[{"href":"https:\/\/imiapower.com\/es\/wp-json\/wp\/v2\/media?parent=9356"}],"wp:term":[{"taxonomy":"product_cat","embeddable":true,"href":"https:\/\/imiapower.com\/es\/wp-json\/wp\/v2\/product_cat?post=9356"},{"taxonomy":"product_tag","embeddable":true,"href":"https:\/\/imiapower.com\/es\/wp-json\/wp\/v2\/product_tag?post=9356"}],"curies":[{"name":"wp","href":"https:\/\/api.w.org\/{rel}","templated":true}]}}