{"id":9460,"date":"2025-07-14T09:22:12","date_gmt":"2025-07-14T09:22:12","guid":{"rendered":"https:\/\/imiapower.com\/?post_type=product&#038;p=9460"},"modified":"2025-07-14T09:22:47","modified_gmt":"2025-07-14T09:22:47","slug":"universal-travel-outlet-35w","status":"publish","type":"product","link":"https:\/\/imiapower.com\/es\/products\/travel-adapter\/universal-travel-outlet-35w\/","title":{"rendered":"Toma de corriente universal de viaje con USB, USB-C PD de 35 W, toma de CA: compatibilidad mundial"},"content":{"rendered":"<ul>\n<li><strong>Voltaje de entrada:<\/strong>110 ~ 250 V CA, 50-60 Hz<\/li>\n<li><strong>Salida de CA:<\/strong>10A m\u00e1x. (1000W\/100V o 2400W\/240V)<\/li>\n<li><strong>Salida USB:<\/strong> 5 V 3 A\/9 V 2 A\/12 V 1,5 A (m\u00e1ximo 18 W)<\/li>\n<li><strong>Salida tipo C1:<\/strong>5 V, 3 A, 9 V, 3 A, 12 V, 2,91 A, 15 V, 2,33 A, 20 V, 1,75 A (m\u00e1x. 35 W)<\/li>\n<li><strong>Salida tipo C2:<\/strong> 5 V 1 A 5 W<\/li>\n<li><strong>Cable C3:<\/strong>5 V, 3 A, 9 V, 3 A, 12 V, 2,91 A, 15 V, 2,33 A, 20 V, 1,75 A (m\u00e1x. 35 W)<\/li>\n<li><strong>C1\/C2+C3:<\/strong> 20 W + 5 W<\/li>\n<li><strong>C1+C2+C3+USB:<\/strong>20 W + 15 W<\/li>\n<li><strong>C3+USB:<\/strong>5V3A<\/li>\n<li><strong>Peso:<\/strong>248 gramos<\/li>\n<li><strong>Material :<\/strong> PC cocida + metal de cobre.<\/li>\n<li><strong>Certificado :<\/strong> FCC, CE<\/li>\n<\/ul>","protected":false},"excerpt":{"rendered":"<p>Viaje de forma m\u00e1s inteligente con este enchufe de viaje universal, dise\u00f1ado para brindar comodidad, seguridad y velocidad.<\/p>\n<p>Compatible con una entrada de CA de 110 a 250 V y con una salida de potencia de hasta 2400 W, este adaptador es ideal para viajes internacionales.<\/p>\n<p>Cuenta con un dise\u00f1o multipuerto que incluye un USB-A (18 W), dos puertos USB-C (C1 y C2) y un cable integrado (C3) con Power Delivery (PD) de hasta 35 W. Carga smartphones, tablets, port\u00e1tiles y otros dispositivos electr\u00f3nicos simult\u00e1neamente.<\/p>","protected":false},"featured_media":9465,"comment_status":"open","ping_status":"closed","template":"","meta":{"rank_math_lock_modified_date":false,"site-sidebar-layout":"default","site-content-layout":"","ast-site-content-layout":"default","site-content-style":"default","site-sidebar-style":"default","ast-global-header-display":"","ast-banner-title-visibility":"","ast-main-header-display":"","ast-hfb-above-header-display":"","ast-hfb-below-header-display":"","ast-hfb-mobile-header-display":"","site-post-title":"","ast-breadcrumbs-content":"","ast-featured-img":"","footer-sml-layout":"","ast-disable-related-posts":"","theme-transparent-header-meta":"default","adv-header-id-meta":"","stick-header-meta":"","header-above-stick-meta":"","header-main-stick-meta":"","header-below-stick-meta":"","astra-migrate-meta-layouts":"set","ast-page-background-enabled":"default","ast-page-background-meta":{"desktop":{"background-color":"","background-image":"","background-repeat":"repeat","background-position":"center center","background-size":"auto","background-attachment":"scroll","background-type":"","background-media":"","overlay-type":"","overlay-color":"","overlay-opacity":"","overlay-gradient":""},"tablet":{"background-color":"","background-image":"","background-repeat":"repeat","background-position":"center center","background-size":"auto","background-attachment":"scroll","background-type":"","background-media":"","overlay-type":"","overlay-color":"","overlay-opacity":"","overlay-gradient":""},"mobile":{"background-color":"","background-image":"","background-repeat":"repeat","background-position":"center center","background-size":"auto","background-attachment":"scroll","background-type":"","background-media":"","overlay-type":"","overlay-color":"","overlay-opacity":"","overlay-gradient":""}},"ast-content-background-meta":{"desktop":{"background-color":"var(--ast-global-color-5)","background-image":"","background-repeat":"repeat","background-position":"center center","background-size":"auto","background-attachment":"scroll","background-type":"","background-media":"","overlay-type":"","overlay-color":"","overlay-opacity":"","overlay-gradient":""},"tablet":{"background-color":"var(--ast-global-color-5)","background-image":"","background-repeat":"repeat","background-position":"center center","background-size":"auto","background-attachment":"scroll","background-type":"","background-media":"","overlay-type":"","overlay-color":"","overlay-opacity":"","overlay-gradient":""},"mobile":{"background-color":"var(--ast-global-color-5)","background-image":"","background-repeat":"repeat","background-position":"center center","background-size":"auto","background-attachment":"scroll","background-type":"","background-media":"","overlay-type":"","overlay-color":"","overlay-opacity":"","overlay-gradient":""}}},"product_cat":[64],"product_tag":[],"class_list":{"0":"post-9460","1":"product","2":"type-product","3":"status-publish","4":"has-post-thumbnail","6":"product_cat-travel-adapter","7":"desktop-align-center","8":"tablet-align-center","9":"mobile-align-center","11":"first","12":"instock","13":"shipping-taxable","14":"product-type-simple"},"_links":{"self":[{"href":"https:\/\/imiapower.com\/es\/wp-json\/wp\/v2\/product\/9460","targetHints":{"allow":["GET"]}}],"collection":[{"href":"https:\/\/imiapower.com\/es\/wp-json\/wp\/v2\/product"}],"about":[{"href":"https:\/\/imiapower.com\/es\/wp-json\/wp\/v2\/types\/product"}],"replies":[{"embeddable":true,"href":"https:\/\/imiapower.com\/es\/wp-json\/wp\/v2\/comments?post=9460"}],"version-history":[{"count":1,"href":"https:\/\/imiapower.com\/es\/wp-json\/wp\/v2\/product\/9460\/revisions"}],"predecessor-version":[{"id":9467,"href":"https:\/\/imiapower.com\/es\/wp-json\/wp\/v2\/product\/9460\/revisions\/9467"}],"wp:featuredmedia":[{"embeddable":true,"href":"https:\/\/imiapower.com\/es\/wp-json\/wp\/v2\/media\/9465"}],"wp:attachment":[{"href":"https:\/\/imiapower.com\/es\/wp-json\/wp\/v2\/media?parent=9460"}],"wp:term":[{"taxonomy":"product_cat","embeddable":true,"href":"https:\/\/imiapower.com\/es\/wp-json\/wp\/v2\/product_cat?post=9460"},{"taxonomy":"product_tag","embeddable":true,"href":"https:\/\/imiapower.com\/es\/wp-json\/wp\/v2\/product_tag?post=9460"}],"curies":[{"name":"wp","href":"https:\/\/api.w.org\/{rel}","templated":true}]}}