{"id":9468,"date":"2025-07-15T03:45:45","date_gmt":"2025-07-15T03:45:45","guid":{"rendered":"https:\/\/imiapower.com\/?post_type=product&#038;p=9468"},"modified":"2025-07-15T03:45:47","modified_gmt":"2025-07-15T03:45:47","slug":"45w-travel-adapter-usb-c","status":"publish","type":"product","link":"https:\/\/imiapower.com\/es\/products\/travel-adapter\/45w-travel-adapter-usb-c\/","title":{"rendered":"Adaptador de viaje universal de 45 W con carga r\u00e1pida USB-C PD y toma de CA"},"content":{"rendered":"<ul>\n<li><strong>Adaptador de viaje de 45 W<\/strong><\/li>\n<li><strong>Voltaje de entrada:<\/strong>110 ~ 250 V CA, 50-60 Hz<\/li>\n<li><strong>Salida de CA:<\/strong>10A m\u00e1x. (1000W\/100V o 2400W\/240V)<\/li>\n<li><strong>Salida USB \u00fanica:<\/strong> 5 V 3 A \/ 9 V 2 A \/ 12 V 1,5 A (m\u00e1x. 18 W)<\/li>\n<li><strong>Salida \u00fanica tipo C:<\/strong>5 V, 3 A, 9 V, 3 A, 12 V, 3 A, 15 V, 3 A, 20 V, 2,25 A (M\u00c1XIMO 45 W)<\/li>\n<li><strong>Salida USB+Tipo C:<\/strong> 5 V 3 A (m\u00e1ximo 15 W)<\/li>\n<li><strong>Tama\u00f1o :<\/strong>74*50,5*53,9 mm<\/li>\n<li><strong>Material :<\/strong> PC cocida + metal de cobre.<\/li>\n<li><strong>Certificado :<\/strong> FCC, CE<\/li>\n<\/ul>","protected":false},"excerpt":{"rendered":"<p><strong data-start=\"797\" data-end=\"865\">Adaptador de viaje de 45 W con carga r\u00e1pida USB-C PD para uso mundial<\/strong><br data-start=\"865\" data-end=\"868\" \/>Este adaptador universal compacto admite una entrada de 110 a 250 V y proporciona hasta 45 W a trav\u00e9s de USB-C para cargar r\u00e1pidamente su computadora port\u00e1til, tableta o tel\u00e9fono inteligente.<\/p>\n<p>Equipado con una toma de CA (hasta 2400 W), un puerto USB-A (18 W m\u00e1x.) y una salida combinada USB+Tipo-C (15 W m\u00e1x.), es perfecto para viajes internacionales.<\/p>\n<p>Fabricado con materiales de cobre y PC ign\u00edfugos y certificado por FCC y CE para un uso global seguro.<\/p>","protected":false},"featured_media":9469,"comment_status":"open","ping_status":"closed","template":"","meta":{"rank_math_lock_modified_date":false,"site-sidebar-layout":"default","site-content-layout":"","ast-site-content-layout":"default","site-content-style":"default","site-sidebar-style":"default","ast-global-header-display":"","ast-banner-title-visibility":"","ast-main-header-display":"","ast-hfb-above-header-display":"","ast-hfb-below-header-display":"","ast-hfb-mobile-header-display":"","site-post-title":"","ast-breadcrumbs-content":"","ast-featured-img":"","footer-sml-layout":"","ast-disable-related-posts":"","theme-transparent-header-meta":"default","adv-header-id-meta":"","stick-header-meta":"","header-above-stick-meta":"","header-main-stick-meta":"","header-below-stick-meta":"","astra-migrate-meta-layouts":"set","ast-page-background-enabled":"default","ast-page-background-meta":{"desktop":{"background-color":"","background-image":"","background-repeat":"repeat","background-position":"center center","background-size":"auto","background-attachment":"scroll","background-type":"","background-media":"","overlay-type":"","overlay-color":"","overlay-opacity":"","overlay-gradient":""},"tablet":{"background-color":"","background-image":"","background-repeat":"repeat","background-position":"center center","background-size":"auto","background-attachment":"scroll","background-type":"","background-media":"","overlay-type":"","overlay-color":"","overlay-opacity":"","overlay-gradient":""},"mobile":{"background-color":"","background-image":"","background-repeat":"repeat","background-position":"center center","background-size":"auto","background-attachment":"scroll","background-type":"","background-media":"","overlay-type":"","overlay-color":"","overlay-opacity":"","overlay-gradient":""}},"ast-content-background-meta":{"desktop":{"background-color":"var(--ast-global-color-5)","background-image":"","background-repeat":"repeat","background-position":"center center","background-size":"auto","background-attachment":"scroll","background-type":"","background-media":"","overlay-type":"","overlay-color":"","overlay-opacity":"","overlay-gradient":""},"tablet":{"background-color":"var(--ast-global-color-5)","background-image":"","background-repeat":"repeat","background-position":"center center","background-size":"auto","background-attachment":"scroll","background-type":"","background-media":"","overlay-type":"","overlay-color":"","overlay-opacity":"","overlay-gradient":""},"mobile":{"background-color":"var(--ast-global-color-5)","background-image":"","background-repeat":"repeat","background-position":"center center","background-size":"auto","background-attachment":"scroll","background-type":"","background-media":"","overlay-type":"","overlay-color":"","overlay-opacity":"","overlay-gradient":""}}},"product_cat":[64],"product_tag":[],"class_list":{"0":"post-9468","1":"product","2":"type-product","3":"status-publish","4":"has-post-thumbnail","6":"product_cat-travel-adapter","7":"desktop-align-center","8":"tablet-align-center","9":"mobile-align-center","11":"first","12":"instock","13":"shipping-taxable","14":"product-type-simple"},"_links":{"self":[{"href":"https:\/\/imiapower.com\/es\/wp-json\/wp\/v2\/product\/9468","targetHints":{"allow":["GET"]}}],"collection":[{"href":"https:\/\/imiapower.com\/es\/wp-json\/wp\/v2\/product"}],"about":[{"href":"https:\/\/imiapower.com\/es\/wp-json\/wp\/v2\/types\/product"}],"replies":[{"embeddable":true,"href":"https:\/\/imiapower.com\/es\/wp-json\/wp\/v2\/comments?post=9468"}],"version-history":[{"count":2,"href":"https:\/\/imiapower.com\/es\/wp-json\/wp\/v2\/product\/9468\/revisions"}],"predecessor-version":[{"id":9472,"href":"https:\/\/imiapower.com\/es\/wp-json\/wp\/v2\/product\/9468\/revisions\/9472"}],"wp:featuredmedia":[{"embeddable":true,"href":"https:\/\/imiapower.com\/es\/wp-json\/wp\/v2\/media\/9469"}],"wp:attachment":[{"href":"https:\/\/imiapower.com\/es\/wp-json\/wp\/v2\/media?parent=9468"}],"wp:term":[{"taxonomy":"product_cat","embeddable":true,"href":"https:\/\/imiapower.com\/es\/wp-json\/wp\/v2\/product_cat?post=9468"},{"taxonomy":"product_tag","embeddable":true,"href":"https:\/\/imiapower.com\/es\/wp-json\/wp\/v2\/product_tag?post=9468"}],"curies":[{"name":"wp","href":"https:\/\/api.w.org\/{rel}","templated":true}]}}