{"id":9579,"date":"2025-08-02T00:17:39","date_gmt":"2025-08-02T00:17:39","guid":{"rendered":"https:\/\/imiapower.com\/?post_type=product&#038;p=9579"},"modified":"2025-08-02T00:17:40","modified_gmt":"2025-08-02T00:17:40","slug":"type-i-adapter","status":"publish","type":"product","link":"https:\/\/imiapower.com\/es\/products\/travel-adapter\/type-i-adapter\/","title":{"rendered":"Adaptador tipo I: convertidor de corriente de Europa a Australia"},"content":{"rendered":"<ul>\n<li><strong>Adaptador tipo i<\/strong><\/li>\n<li><strong>Aporte :<\/strong> 250 V 10 A 2500 W m\u00e1x.<\/li>\n<li><strong>Material de la carcasa:<\/strong> PC<\/li>\n<li><strong>Est\u00e1ndar:<\/strong> Cumple con la norma IEC60884-2-5<\/li>\n<li><strong>Color:<\/strong>\u00a0Blanco\/negro<\/li>\n<li><strong>Observaci\u00f3n:<\/strong> Adaptador de enchufe de Europa a Australia<\/li>\n<\/ul>","protected":false},"excerpt":{"rendered":"<p data-start=\"751\" data-end=\"1342\">Alimente sin esfuerzo sus dispositivos europeos en Australia con este cargador de alta calidad. <strong data-start=\"828\" data-end=\"851\">Adaptador tipo I<\/strong>.<\/p>\n<p data-start=\"751\" data-end=\"1342\">Dise\u00f1ado para ser compatible con sistemas de 250 V 10 A y una potencia nominal m\u00e1xima de 2500 W, garantiza una conversi\u00f3n el\u00e9ctrica segura y eficiente.<\/p>\n<p data-start=\"751\" data-end=\"1342\">Fabricado con carcasa de PC ign\u00edfuga duradera y compatible con <strong data-start=\"1056\" data-end=\"1072\">IEC60884-2-5<\/strong> Est\u00e1ndares para adaptadores, este accesorio compacto y f\u00e1cil de transportar es ideal para viajeros frecuentes, estudiantes internacionales o profesionales de negocios.<\/p>\n<p data-start=\"751\" data-end=\"1342\">Disponible en cl\u00e1sico <strong data-start=\"1245\" data-end=\"1263\">blanco o negro<\/strong> acabados, se convierte f\u00e1cilmente <strong data-start=\"1293\" data-end=\"1341\">Enchufes de Europa (UE) a Australia (AUS)<\/strong>.<\/p>\n<p data-start=\"751\" data-end=\"1342\"><img fetchpriority=\"high\" decoding=\"async\" class=\"alignnone wp-image-9580 size-full\" src=\"https:\/\/imiapower.com\/wp-content\/uploads\/converted-1-12.webp\" alt=\"adaptador tipo i\" width=\"960\" height=\"669\" srcset=\"https:\/\/imiapower.com\/wp-content\/uploads\/converted-1-12.webp 960w, https:\/\/imiapower.com\/wp-content\/uploads\/converted-1-12-300x209.webp 300w, https:\/\/imiapower.com\/wp-content\/uploads\/converted-1-12-768x535.webp 768w, https:\/\/imiapower.com\/wp-content\/uploads\/converted-1-12-18x12.webp 18w, https:\/\/imiapower.com\/wp-content\/uploads\/converted-1-12-600x418.webp 600w, https:\/\/imiapower.com\/wp-content\/uploads\/converted-1-12-64x45.webp 64w\" sizes=\"(max-width: 960px) 100vw, 960px\" \/><\/p>","protected":false},"featured_media":9581,"comment_status":"open","ping_status":"closed","template":"","meta":{"rank_math_lock_modified_date":false,"site-sidebar-layout":"default","site-content-layout":"","ast-site-content-layout":"default","site-content-style":"default","site-sidebar-style":"default","ast-global-header-display":"","ast-banner-title-visibility":"","ast-main-header-display":"","ast-hfb-above-header-display":"","ast-hfb-below-header-display":"","ast-hfb-mobile-header-display":"","site-post-title":"","ast-breadcrumbs-content":"","ast-featured-img":"","footer-sml-layout":"","ast-disable-related-posts":"","theme-transparent-header-meta":"default","adv-header-id-meta":"","stick-header-meta":"","header-above-stick-meta":"","header-main-stick-meta":"","header-below-stick-meta":"","astra-migrate-meta-layouts":"set","ast-page-background-enabled":"default","ast-page-background-meta":{"desktop":{"background-color":"","background-image":"","background-repeat":"repeat","background-position":"center center","background-size":"auto","background-attachment":"scroll","background-type":"","background-media":"","overlay-type":"","overlay-color":"","overlay-opacity":"","overlay-gradient":""},"tablet":{"background-color":"","background-image":"","background-repeat":"repeat","background-position":"center center","background-size":"auto","background-attachment":"scroll","background-type":"","background-media":"","overlay-type":"","overlay-color":"","overlay-opacity":"","overlay-gradient":""},"mobile":{"background-color":"","background-image":"","background-repeat":"repeat","background-position":"center center","background-size":"auto","background-attachment":"scroll","background-type":"","background-media":"","overlay-type":"","overlay-color":"","overlay-opacity":"","overlay-gradient":""}},"ast-content-background-meta":{"desktop":{"background-color":"var(--ast-global-color-5)","background-image":"","background-repeat":"repeat","background-position":"center center","background-size":"auto","background-attachment":"scroll","background-type":"","background-media":"","overlay-type":"","overlay-color":"","overlay-opacity":"","overlay-gradient":""},"tablet":{"background-color":"var(--ast-global-color-5)","background-image":"","background-repeat":"repeat","background-position":"center center","background-size":"auto","background-attachment":"scroll","background-type":"","background-media":"","overlay-type":"","overlay-color":"","overlay-opacity":"","overlay-gradient":""},"mobile":{"background-color":"var(--ast-global-color-5)","background-image":"","background-repeat":"repeat","background-position":"center center","background-size":"auto","background-attachment":"scroll","background-type":"","background-media":"","overlay-type":"","overlay-color":"","overlay-opacity":"","overlay-gradient":""}}},"product_cat":[64],"product_tag":[],"class_list":{"0":"post-9579","1":"product","2":"type-product","3":"status-publish","4":"has-post-thumbnail","6":"product_cat-travel-adapter","7":"desktop-align-center","8":"tablet-align-center","9":"mobile-align-center","11":"first","12":"instock","13":"shipping-taxable","14":"product-type-simple"},"_links":{"self":[{"href":"https:\/\/imiapower.com\/es\/wp-json\/wp\/v2\/product\/9579","targetHints":{"allow":["GET"]}}],"collection":[{"href":"https:\/\/imiapower.com\/es\/wp-json\/wp\/v2\/product"}],"about":[{"href":"https:\/\/imiapower.com\/es\/wp-json\/wp\/v2\/types\/product"}],"replies":[{"embeddable":true,"href":"https:\/\/imiapower.com\/es\/wp-json\/wp\/v2\/comments?post=9579"}],"version-history":[{"count":2,"href":"https:\/\/imiapower.com\/es\/wp-json\/wp\/v2\/product\/9579\/revisions"}],"predecessor-version":[{"id":9583,"href":"https:\/\/imiapower.com\/es\/wp-json\/wp\/v2\/product\/9579\/revisions\/9583"}],"wp:featuredmedia":[{"embeddable":true,"href":"https:\/\/imiapower.com\/es\/wp-json\/wp\/v2\/media\/9581"}],"wp:attachment":[{"href":"https:\/\/imiapower.com\/es\/wp-json\/wp\/v2\/media?parent=9579"}],"wp:term":[{"taxonomy":"product_cat","embeddable":true,"href":"https:\/\/imiapower.com\/es\/wp-json\/wp\/v2\/product_cat?post=9579"},{"taxonomy":"product_tag","embeddable":true,"href":"https:\/\/imiapower.com\/es\/wp-json\/wp\/v2\/product_tag?post=9579"}],"curies":[{"name":"wp","href":"https:\/\/api.w.org\/{rel}","templated":true}]}}