{"id":9584,"date":"2025-07-26T02:15:58","date_gmt":"2025-07-26T02:15:58","guid":{"rendered":"https:\/\/imiapower.com\/?post_type=product&#038;p=9584"},"modified":"2025-08-02T00:17:55","modified_gmt":"2025-08-02T00:17:55","slug":"electrical-adapter","status":"publish","type":"product","link":"https:\/\/imiapower.com\/es\/products\/travel-adapter\/electrical-adapter\/","title":{"rendered":"Adaptador el\u00e9ctrico: convertidor de enchufe de Europa a Suiza"},"content":{"rendered":"<ul>\n<li><strong>Adaptador el\u00e9ctrico<\/strong><\/li>\n<li><strong>Aporte :<\/strong> 250 V 10 A 2500 W m\u00e1x.<\/li>\n<li><strong>Material de la carcasa:<\/strong> PC<\/li>\n<li><strong>Est\u00e1ndar:<\/strong> Cumple con la norma IEC60884-2-5<\/li>\n<li><strong>Color:<\/strong>\u00a0Blanco\/negro<\/li>\n<li><strong>Observaci\u00f3n:<\/strong> Adaptador de enchufe de Europa a Suiza<\/li>\n<\/ul>","protected":false},"excerpt":{"rendered":"<p data-start=\"817\" data-end=\"1130\">Este alto rendimiento <strong data-start=\"839\" data-end=\"861\">adaptador el\u00e9ctrico<\/strong> es la soluci\u00f3n perfecta para alimentar sus dispositivos europeos en <strong data-start=\"924\" data-end=\"939\">Suiza<\/strong>Dise\u00f1ado para convertir el est\u00e1ndar <strong data-start=\"970\" data-end=\"982\">enchufes de la UE<\/strong> a <strong data-start=\"986\" data-end=\"1003\">enchufes suizos<\/strong>, admite hasta <strong data-start=\"1023\" data-end=\"1035\">250 V 10 A<\/strong>, con un <strong data-start=\"1044\" data-end=\"1069\">carga m\u00e1xima de 2500W<\/strong>\u2014Ideal para la mayor\u00eda de electrodom\u00e9sticos de viaje, cargadores y productos electr\u00f3nicos.<\/p>\n<p data-start=\"1132\" data-end=\"1551\">Construido con material duradero y retardante al fuego. <strong data-start=\"1171\" data-end=\"1185\">Carcasa de PC<\/strong>Ofrece seguridad y durabilidad. El producto cumple con <strong data-start=\"1250\" data-end=\"1266\">IEC60884-2-5<\/strong>Cumple con las normas internacionales de seguridad para adaptadores de enchufe. Ya sea que viaje, se mude o simplemente necesite un convertidor de UE a CH en casa o en la oficina, este adaptador compacto es una opci\u00f3n confiable. Disponible en <strong data-start=\"1482\" data-end=\"1500\">blanco o negro<\/strong>Combina funcionalidad con un dise\u00f1o limpio y moderno.<\/p>\n<p data-start=\"1132\" data-end=\"1551\"><img fetchpriority=\"high\" decoding=\"async\" class=\"alignnone wp-image-9586 size-full\" src=\"https:\/\/imiapower.com\/wp-content\/uploads\/20250409024035250.jpg\" alt=\"adaptador el\u00e9ctrico\" width=\"960\" height=\"674\" srcset=\"https:\/\/imiapower.com\/wp-content\/uploads\/20250409024035250.jpg 960w, https:\/\/imiapower.com\/wp-content\/uploads\/20250409024035250-300x211.jpg 300w, https:\/\/imiapower.com\/wp-content\/uploads\/20250409024035250-768x539.jpg 768w, https:\/\/imiapower.com\/wp-content\/uploads\/20250409024035250-18x12.jpg 18w, https:\/\/imiapower.com\/wp-content\/uploads\/20250409024035250-600x421.jpg 600w, https:\/\/imiapower.com\/wp-content\/uploads\/20250409024035250-64x45.jpg 64w\" sizes=\"(max-width: 960px) 100vw, 960px\" \/><\/p>\n<p data-start=\"751\" data-end=\"1342\">","protected":false},"featured_media":9585,"comment_status":"open","ping_status":"closed","template":"","meta":{"rank_math_lock_modified_date":false,"site-sidebar-layout":"default","site-content-layout":"","ast-site-content-layout":"default","site-content-style":"default","site-sidebar-style":"default","ast-global-header-display":"","ast-banner-title-visibility":"","ast-main-header-display":"","ast-hfb-above-header-display":"","ast-hfb-below-header-display":"","ast-hfb-mobile-header-display":"","site-post-title":"","ast-breadcrumbs-content":"","ast-featured-img":"","footer-sml-layout":"","ast-disable-related-posts":"","theme-transparent-header-meta":"default","adv-header-id-meta":"","stick-header-meta":"","header-above-stick-meta":"","header-main-stick-meta":"","header-below-stick-meta":"","astra-migrate-meta-layouts":"set","ast-page-background-enabled":"default","ast-page-background-meta":{"desktop":{"background-color":"","background-image":"","background-repeat":"repeat","background-position":"center center","background-size":"auto","background-attachment":"scroll","background-type":"","background-media":"","overlay-type":"","overlay-color":"","overlay-opacity":"","overlay-gradient":""},"tablet":{"background-color":"","background-image":"","background-repeat":"repeat","background-position":"center center","background-size":"auto","background-attachment":"scroll","background-type":"","background-media":"","overlay-type":"","overlay-color":"","overlay-opacity":"","overlay-gradient":""},"mobile":{"background-color":"","background-image":"","background-repeat":"repeat","background-position":"center center","background-size":"auto","background-attachment":"scroll","background-type":"","background-media":"","overlay-type":"","overlay-color":"","overlay-opacity":"","overlay-gradient":""}},"ast-content-background-meta":{"desktop":{"background-color":"var(--ast-global-color-5)","background-image":"","background-repeat":"repeat","background-position":"center center","background-size":"auto","background-attachment":"scroll","background-type":"","background-media":"","overlay-type":"","overlay-color":"","overlay-opacity":"","overlay-gradient":""},"tablet":{"background-color":"var(--ast-global-color-5)","background-image":"","background-repeat":"repeat","background-position":"center center","background-size":"auto","background-attachment":"scroll","background-type":"","background-media":"","overlay-type":"","overlay-color":"","overlay-opacity":"","overlay-gradient":""},"mobile":{"background-color":"var(--ast-global-color-5)","background-image":"","background-repeat":"repeat","background-position":"center center","background-size":"auto","background-attachment":"scroll","background-type":"","background-media":"","overlay-type":"","overlay-color":"","overlay-opacity":"","overlay-gradient":""}}},"product_cat":[64],"product_tag":[],"class_list":{"0":"post-9584","1":"product","2":"type-product","3":"status-publish","4":"has-post-thumbnail","6":"product_cat-travel-adapter","7":"desktop-align-center","8":"tablet-align-center","9":"mobile-align-center","11":"first","12":"instock","13":"shipping-taxable","14":"product-type-simple"},"_links":{"self":[{"href":"https:\/\/imiapower.com\/es\/wp-json\/wp\/v2\/product\/9584","targetHints":{"allow":["GET"]}}],"collection":[{"href":"https:\/\/imiapower.com\/es\/wp-json\/wp\/v2\/product"}],"about":[{"href":"https:\/\/imiapower.com\/es\/wp-json\/wp\/v2\/types\/product"}],"replies":[{"embeddable":true,"href":"https:\/\/imiapower.com\/es\/wp-json\/wp\/v2\/comments?post=9584"}],"version-history":[{"count":1,"href":"https:\/\/imiapower.com\/es\/wp-json\/wp\/v2\/product\/9584\/revisions"}],"predecessor-version":[{"id":9587,"href":"https:\/\/imiapower.com\/es\/wp-json\/wp\/v2\/product\/9584\/revisions\/9587"}],"wp:featuredmedia":[{"embeddable":true,"href":"https:\/\/imiapower.com\/es\/wp-json\/wp\/v2\/media\/9585"}],"wp:attachment":[{"href":"https:\/\/imiapower.com\/es\/wp-json\/wp\/v2\/media?parent=9584"}],"wp:term":[{"taxonomy":"product_cat","embeddable":true,"href":"https:\/\/imiapower.com\/es\/wp-json\/wp\/v2\/product_cat?post=9584"},{"taxonomy":"product_tag","embeddable":true,"href":"https:\/\/imiapower.com\/es\/wp-json\/wp\/v2\/product_tag?post=9584"}],"curies":[{"name":"wp","href":"https:\/\/api.w.org\/{rel}","templated":true}]}}