{"id":9588,"date":"2025-07-26T02:38:35","date_gmt":"2025-07-26T02:38:35","guid":{"rendered":"https:\/\/imiapower.com\/?post_type=product&#038;p=9588"},"modified":"2025-08-02T00:18:08","modified_gmt":"2025-08-02T00:18:08","slug":"power-adapter-travel","status":"publish","type":"product","link":"https:\/\/imiapower.com\/es\/products\/travel-adapter\/power-adapter-travel\/","title":{"rendered":"Adaptador de corriente para viajes: convertidor de enchufe de Europa a Sud\u00e1frica"},"content":{"rendered":"<ul>\n<li><strong>Adaptador de corriente de viaje<\/strong><\/li>\n<li><strong>Aporte :<\/strong> 250 V 10 A 2500 W m\u00e1x.<\/li>\n<li><strong>Material de la carcasa:<\/strong> PC<\/li>\n<li><strong>Est\u00e1ndar:<\/strong> Cumple con la norma IEC60884-2-5<\/li>\n<li><strong>Color:<\/strong>\u00a0Blanco\/negro<\/li>\n<li><strong>Observaci\u00f3n:<\/strong> Adaptador de enchufe de Europa a Sud\u00e1frica<\/li>\n<\/ul>","protected":false},"excerpt":{"rendered":"<p data-start=\"744\" data-end=\"1042\">Viaje con confianza utilizando este producto de alta calidad. <strong data-start=\"791\" data-end=\"815\">adaptador de corriente de viaje<\/strong> Soluci\u00f3n dise\u00f1ada para convertir <strong data-start=\"845\" data-end=\"863\">enchufes europeos<\/strong> a <strong data-start=\"867\" data-end=\"892\">enchufes sudafricanos<\/strong>Ya sea que est\u00e9 de visita, se mude o env\u00ede dispositivos electr\u00f3nicos al exterior, este adaptador compacto garantiza un suministro de energ\u00eda seguro y eficiente para sus dispositivos.<\/p>\n<p data-start=\"1044\" data-end=\"1385\">Con una potencia nominal de <strong data-start=\"1067\" data-end=\"1090\">250 V 10 A, 2500 W m\u00e1x.<\/strong>Es compatible con una amplia gama de dispositivos electr\u00f3nicos, como computadoras port\u00e1tiles, cargadores, secadores de pelo y m\u00e1s. Fabricado con <strong data-start=\"1201\" data-end=\"1240\">Carcasa de PC duradera y retardante al fuego<\/strong>Ofrece mayor seguridad y durabilidad. Este adaptador es... <strong data-start=\"1300\" data-end=\"1331\">conforme con IEC60884-2-5<\/strong>, cumpliendo con los est\u00e1ndares internacionales para adaptadores de viaje.<\/p>\n<p data-start=\"1387\" data-end=\"1565\">Disponible en <strong data-start=\"1400\" data-end=\"1418\">blanco o negro<\/strong>Combina un dise\u00f1o moderno con un rendimiento confiable: un accesorio imprescindible para los viajeros globales que necesitan un <strong data-start=\"1527\" data-end=\"1553\">De Europa a Sud\u00e1frica<\/strong> conexi\u00f3n.<\/p>\n<p data-start=\"1387\" data-end=\"1565\"><img fetchpriority=\"high\" decoding=\"async\" class=\"alignnone wp-image-9590 size-full\" src=\"https:\/\/imiapower.com\/wp-content\/uploads\/converted-21.webp\" alt=\"adaptador de corriente de viaje\" width=\"960\" height=\"822\" srcset=\"https:\/\/imiapower.com\/wp-content\/uploads\/converted-21.webp 960w, https:\/\/imiapower.com\/wp-content\/uploads\/converted-21-300x257.webp 300w, https:\/\/imiapower.com\/wp-content\/uploads\/converted-21-768x658.webp 768w, https:\/\/imiapower.com\/wp-content\/uploads\/converted-21-14x12.webp 14w, https:\/\/imiapower.com\/wp-content\/uploads\/converted-21-600x514.webp 600w, https:\/\/imiapower.com\/wp-content\/uploads\/converted-21-64x55.webp 64w\" sizes=\"(max-width: 960px) 100vw, 960px\" \/><\/p>","protected":false},"featured_media":9589,"comment_status":"open","ping_status":"closed","template":"","meta":{"rank_math_lock_modified_date":false,"site-sidebar-layout":"default","site-content-layout":"","ast-site-content-layout":"default","site-content-style":"default","site-sidebar-style":"default","ast-global-header-display":"","ast-banner-title-visibility":"","ast-main-header-display":"","ast-hfb-above-header-display":"","ast-hfb-below-header-display":"","ast-hfb-mobile-header-display":"","site-post-title":"","ast-breadcrumbs-content":"","ast-featured-img":"","footer-sml-layout":"","ast-disable-related-posts":"","theme-transparent-header-meta":"default","adv-header-id-meta":"","stick-header-meta":"","header-above-stick-meta":"","header-main-stick-meta":"","header-below-stick-meta":"","astra-migrate-meta-layouts":"set","ast-page-background-enabled":"default","ast-page-background-meta":{"desktop":{"background-color":"","background-image":"","background-repeat":"repeat","background-position":"center center","background-size":"auto","background-attachment":"scroll","background-type":"","background-media":"","overlay-type":"","overlay-color":"","overlay-opacity":"","overlay-gradient":""},"tablet":{"background-color":"","background-image":"","background-repeat":"repeat","background-position":"center center","background-size":"auto","background-attachment":"scroll","background-type":"","background-media":"","overlay-type":"","overlay-color":"","overlay-opacity":"","overlay-gradient":""},"mobile":{"background-color":"","background-image":"","background-repeat":"repeat","background-position":"center center","background-size":"auto","background-attachment":"scroll","background-type":"","background-media":"","overlay-type":"","overlay-color":"","overlay-opacity":"","overlay-gradient":""}},"ast-content-background-meta":{"desktop":{"background-color":"var(--ast-global-color-5)","background-image":"","background-repeat":"repeat","background-position":"center center","background-size":"auto","background-attachment":"scroll","background-type":"","background-media":"","overlay-type":"","overlay-color":"","overlay-opacity":"","overlay-gradient":""},"tablet":{"background-color":"var(--ast-global-color-5)","background-image":"","background-repeat":"repeat","background-position":"center center","background-size":"auto","background-attachment":"scroll","background-type":"","background-media":"","overlay-type":"","overlay-color":"","overlay-opacity":"","overlay-gradient":""},"mobile":{"background-color":"var(--ast-global-color-5)","background-image":"","background-repeat":"repeat","background-position":"center center","background-size":"auto","background-attachment":"scroll","background-type":"","background-media":"","overlay-type":"","overlay-color":"","overlay-opacity":"","overlay-gradient":""}}},"product_cat":[64],"product_tag":[],"class_list":{"0":"post-9588","1":"product","2":"type-product","3":"status-publish","4":"has-post-thumbnail","6":"product_cat-travel-adapter","7":"desktop-align-center","8":"tablet-align-center","9":"mobile-align-center","11":"first","12":"instock","13":"shipping-taxable","14":"product-type-simple"},"_links":{"self":[{"href":"https:\/\/imiapower.com\/es\/wp-json\/wp\/v2\/product\/9588","targetHints":{"allow":["GET"]}}],"collection":[{"href":"https:\/\/imiapower.com\/es\/wp-json\/wp\/v2\/product"}],"about":[{"href":"https:\/\/imiapower.com\/es\/wp-json\/wp\/v2\/types\/product"}],"replies":[{"embeddable":true,"href":"https:\/\/imiapower.com\/es\/wp-json\/wp\/v2\/comments?post=9588"}],"version-history":[{"count":1,"href":"https:\/\/imiapower.com\/es\/wp-json\/wp\/v2\/product\/9588\/revisions"}],"predecessor-version":[{"id":9591,"href":"https:\/\/imiapower.com\/es\/wp-json\/wp\/v2\/product\/9588\/revisions\/9591"}],"wp:featuredmedia":[{"embeddable":true,"href":"https:\/\/imiapower.com\/es\/wp-json\/wp\/v2\/media\/9589"}],"wp:attachment":[{"href":"https:\/\/imiapower.com\/es\/wp-json\/wp\/v2\/media?parent=9588"}],"wp:term":[{"taxonomy":"product_cat","embeddable":true,"href":"https:\/\/imiapower.com\/es\/wp-json\/wp\/v2\/product_cat?post=9588"},{"taxonomy":"product_tag","embeddable":true,"href":"https:\/\/imiapower.com\/es\/wp-json\/wp\/v2\/product_tag?post=9588"}],"curies":[{"name":"wp","href":"https:\/\/api.w.org\/{rel}","templated":true}]}}