{"id":9600,"date":"2025-07-26T08:31:16","date_gmt":"2025-07-26T08:31:16","guid":{"rendered":"https:\/\/imiapower.com\/?post_type=product&#038;p=9600"},"modified":"2025-08-02T00:18:41","modified_gmt":"2025-08-02T00:18:41","slug":"plug-in-adapter-europe-to-us","status":"publish","type":"product","link":"https:\/\/imiapower.com\/es\/products\/travel-adapter\/plug-in-adapter-europe-to-us\/","title":{"rendered":"Adaptador de enchufe de Europa a EE. UU. | Adaptador de corriente de viaje de 250 V y 10 A"},"content":{"rendered":"<ul>\n<li><strong>Adaptador de enchufe<\/strong><\/li>\n<li><strong>Aporte :<\/strong> 250 V 10 A 2500 W m\u00e1x.<\/li>\n<li><strong>Material de la carcasa:<\/strong> PC<\/li>\n<li><strong>Est\u00e1ndar:<\/strong> Cumple con la norma IEC60884-2-5<\/li>\n<li><strong>Color:<\/strong>\u00a0Blanco\/negro<\/li>\n<li><strong>Observaci\u00f3n:<\/strong> Adaptador de enchufe de Europa a Estados Unidos<\/li>\n<\/ul>","protected":false},"excerpt":{"rendered":"<p>Este <strong data-start=\"731\" data-end=\"750\">adaptador de enchufe<\/strong> est\u00e1 dise\u00f1ado para convertir enchufes europeos (tipo C\/E\/F) a tomas de corriente est\u00e1ndar de EE. UU. Con una carga m\u00e1xima de <strong data-start=\"849\" data-end=\"869\">250 V 10 A (2500 W)<\/strong>Es compatible con una amplia gama de dispositivos electr\u00f3nicos, incluidos cargadores, secadores de pelo y peque\u00f1os electrodom\u00e9sticos.<\/p>\n<p>El adaptador cuenta con una <strong data-start=\"995\" data-end=\"1022\">carcasa de PC de alta calidad<\/strong> Para una mayor resistencia al calor y durabilidad. Totalmente <strong data-start=\"1074\" data-end=\"1115\">Cumple con las normas IEC60884-2-5<\/strong>Garantiza un funcionamiento seguro y una fiabilidad a largo plazo. Ideal para viajeros, importadores y compatibilidad global de dispositivos. Disponible en <strong data-start=\"1248\" data-end=\"1266\">blanco o negro<\/strong> Opciones de color para una apariencia limpia y minimalista.<\/p>\n<p><img fetchpriority=\"high\" decoding=\"async\" class=\"alignnone wp-image-9601 size-full\" src=\"https:\/\/imiapower.com\/wp-content\/uploads\/converted-1-16.webp\" alt=\"adaptador de enchufe\" width=\"960\" height=\"742\" srcset=\"https:\/\/imiapower.com\/wp-content\/uploads\/converted-1-16.webp 960w, https:\/\/imiapower.com\/wp-content\/uploads\/converted-1-16-300x232.webp 300w, https:\/\/imiapower.com\/wp-content\/uploads\/converted-1-16-768x594.webp 768w, https:\/\/imiapower.com\/wp-content\/uploads\/converted-1-16-16x12.webp 16w, https:\/\/imiapower.com\/wp-content\/uploads\/converted-1-16-600x464.webp 600w, https:\/\/imiapower.com\/wp-content\/uploads\/converted-1-16-64x49.webp 64w\" sizes=\"(max-width: 960px) 100vw, 960px\" \/><\/p>","protected":false},"featured_media":9602,"comment_status":"open","ping_status":"closed","template":"","meta":{"rank_math_lock_modified_date":false,"site-sidebar-layout":"default","site-content-layout":"","ast-site-content-layout":"default","site-content-style":"default","site-sidebar-style":"default","ast-global-header-display":"","ast-banner-title-visibility":"","ast-main-header-display":"","ast-hfb-above-header-display":"","ast-hfb-below-header-display":"","ast-hfb-mobile-header-display":"","site-post-title":"","ast-breadcrumbs-content":"","ast-featured-img":"","footer-sml-layout":"","ast-disable-related-posts":"","theme-transparent-header-meta":"default","adv-header-id-meta":"","stick-header-meta":"","header-above-stick-meta":"","header-main-stick-meta":"","header-below-stick-meta":"","astra-migrate-meta-layouts":"set","ast-page-background-enabled":"default","ast-page-background-meta":{"desktop":{"background-color":"","background-image":"","background-repeat":"repeat","background-position":"center center","background-size":"auto","background-attachment":"scroll","background-type":"","background-media":"","overlay-type":"","overlay-color":"","overlay-opacity":"","overlay-gradient":""},"tablet":{"background-color":"","background-image":"","background-repeat":"repeat","background-position":"center center","background-size":"auto","background-attachment":"scroll","background-type":"","background-media":"","overlay-type":"","overlay-color":"","overlay-opacity":"","overlay-gradient":""},"mobile":{"background-color":"","background-image":"","background-repeat":"repeat","background-position":"center center","background-size":"auto","background-attachment":"scroll","background-type":"","background-media":"","overlay-type":"","overlay-color":"","overlay-opacity":"","overlay-gradient":""}},"ast-content-background-meta":{"desktop":{"background-color":"var(--ast-global-color-5)","background-image":"","background-repeat":"repeat","background-position":"center center","background-size":"auto","background-attachment":"scroll","background-type":"","background-media":"","overlay-type":"","overlay-color":"","overlay-opacity":"","overlay-gradient":""},"tablet":{"background-color":"var(--ast-global-color-5)","background-image":"","background-repeat":"repeat","background-position":"center center","background-size":"auto","background-attachment":"scroll","background-type":"","background-media":"","overlay-type":"","overlay-color":"","overlay-opacity":"","overlay-gradient":""},"mobile":{"background-color":"var(--ast-global-color-5)","background-image":"","background-repeat":"repeat","background-position":"center center","background-size":"auto","background-attachment":"scroll","background-type":"","background-media":"","overlay-type":"","overlay-color":"","overlay-opacity":"","overlay-gradient":""}}},"product_cat":[64],"product_tag":[],"class_list":{"0":"post-9600","1":"product","2":"type-product","3":"status-publish","4":"has-post-thumbnail","6":"product_cat-travel-adapter","7":"desktop-align-center","8":"tablet-align-center","9":"mobile-align-center","11":"first","12":"instock","13":"shipping-taxable","14":"product-type-simple"},"_links":{"self":[{"href":"https:\/\/imiapower.com\/es\/wp-json\/wp\/v2\/product\/9600","targetHints":{"allow":["GET"]}}],"collection":[{"href":"https:\/\/imiapower.com\/es\/wp-json\/wp\/v2\/product"}],"about":[{"href":"https:\/\/imiapower.com\/es\/wp-json\/wp\/v2\/types\/product"}],"replies":[{"embeddable":true,"href":"https:\/\/imiapower.com\/es\/wp-json\/wp\/v2\/comments?post=9600"}],"version-history":[{"count":1,"href":"https:\/\/imiapower.com\/es\/wp-json\/wp\/v2\/product\/9600\/revisions"}],"predecessor-version":[{"id":9603,"href":"https:\/\/imiapower.com\/es\/wp-json\/wp\/v2\/product\/9600\/revisions\/9603"}],"wp:featuredmedia":[{"embeddable":true,"href":"https:\/\/imiapower.com\/es\/wp-json\/wp\/v2\/media\/9602"}],"wp:attachment":[{"href":"https:\/\/imiapower.com\/es\/wp-json\/wp\/v2\/media?parent=9600"}],"wp:term":[{"taxonomy":"product_cat","embeddable":true,"href":"https:\/\/imiapower.com\/es\/wp-json\/wp\/v2\/product_cat?post=9600"},{"taxonomy":"product_tag","embeddable":true,"href":"https:\/\/imiapower.com\/es\/wp-json\/wp\/v2\/product_tag?post=9600"}],"curies":[{"name":"wp","href":"https:\/\/api.w.org\/{rel}","templated":true}]}}