{"id":9614,"date":"2025-08-08T02:44:59","date_gmt":"2025-08-08T02:44:59","guid":{"rendered":"https:\/\/imiapower.com\/?post_type=product&#038;p=9614"},"modified":"2025-08-08T02:57:03","modified_gmt":"2025-08-08T02:57:03","slug":"germany-adapter-plug-type","status":"publish","type":"product","link":"https:\/\/imiapower.com\/es\/products\/travel-adapter\/germany-adapter-plug-type\/","title":{"rendered":"Adaptador de enchufe alem\u00e1n: universal a enchufe alem\u00e1n"},"content":{"rendered":"<ul>\n<li><strong>Tipo de enchufe adaptador de Alemania<\/strong><\/li>\n<li><strong>Aporte :<\/strong>250 V 10 A 2500 W m\u00e1x.<\/li>\n<li><strong>Material de la carcasa:<\/strong>PC<\/li>\n<li><strong>Est\u00e1ndar: <\/strong>BS8546, IEC60884-2-5<\/li>\n<li><strong>Color:<\/strong>\u00a0Blanco\/negro<\/li>\n<li><strong>Observaci\u00f3n:<\/strong>Adaptador de enchufe mundial a DE<\/li>\n<\/ul>","protected":false},"excerpt":{"rendered":"<p data-start=\"894\" data-end=\"1206\">Este tipo de enchufe adaptador de Alemania est\u00e1 dise\u00f1ado para viajeros internacionales que necesitan conectar dispositivos a tomas de corriente alemanas (tipo E\/F).<br data-start=\"1032\" data-end=\"1035\" \/>Compatible con enchufes de m\u00e1s de 170 pa\u00edses, este adaptador universal permite a los usuarios conectar de forma segura enchufes de EE. UU., Reino Unido, Australia y otros pa\u00edses a la toma Schuko est\u00e1ndar de Alemania.<\/p>\n<p data-start=\"1208\" data-end=\"1422\">Fabricado con material de PC ign\u00edfugo y con una clasificaci\u00f3n de 250 V 10 A (2500 W m\u00e1x.), el adaptador cumple con los est\u00e1ndares de seguridad BS8546 e IEC60884-2-5, lo que lo convierte en una opci\u00f3n confiable para viajes, negocios y uso en hoteles.<\/p>\n<p data-start=\"1208\" data-end=\"1422\"><img fetchpriority=\"high\" decoding=\"async\" class=\"alignnone wp-image-9623 size-full\" src=\"https:\/\/imiapower.com\/wp-content\/uploads\/converted-2-12.webp\" alt=\"tipo de enchufe adaptador de Alemania\" width=\"960\" height=\"960\" srcset=\"https:\/\/imiapower.com\/wp-content\/uploads\/converted-2-12.webp 960w, https:\/\/imiapower.com\/wp-content\/uploads\/converted-2-12-300x300.webp 300w, https:\/\/imiapower.com\/wp-content\/uploads\/converted-2-12-150x150.webp 150w, https:\/\/imiapower.com\/wp-content\/uploads\/converted-2-12-768x768.webp 768w, https:\/\/imiapower.com\/wp-content\/uploads\/converted-2-12-12x12.webp 12w, https:\/\/imiapower.com\/wp-content\/uploads\/converted-2-12-600x600.webp 600w, https:\/\/imiapower.com\/wp-content\/uploads\/converted-2-12-100x100.webp 100w, https:\/\/imiapower.com\/wp-content\/uploads\/converted-2-12-64x64.webp 64w\" sizes=\"(max-width: 960px) 100vw, 960px\" \/><\/p>","protected":false},"featured_media":9625,"comment_status":"open","ping_status":"closed","template":"","meta":{"rank_math_lock_modified_date":false,"site-sidebar-layout":"default","site-content-layout":"","ast-site-content-layout":"default","site-content-style":"default","site-sidebar-style":"default","ast-global-header-display":"","ast-banner-title-visibility":"","ast-main-header-display":"","ast-hfb-above-header-display":"","ast-hfb-below-header-display":"","ast-hfb-mobile-header-display":"","site-post-title":"","ast-breadcrumbs-content":"","ast-featured-img":"","footer-sml-layout":"","ast-disable-related-posts":"","theme-transparent-header-meta":"default","adv-header-id-meta":"","stick-header-meta":"","header-above-stick-meta":"","header-main-stick-meta":"","header-below-stick-meta":"","astra-migrate-meta-layouts":"set","ast-page-background-enabled":"default","ast-page-background-meta":{"desktop":{"background-color":"","background-image":"","background-repeat":"repeat","background-position":"center center","background-size":"auto","background-attachment":"scroll","background-type":"","background-media":"","overlay-type":"","overlay-color":"","overlay-opacity":"","overlay-gradient":""},"tablet":{"background-color":"","background-image":"","background-repeat":"repeat","background-position":"center center","background-size":"auto","background-attachment":"scroll","background-type":"","background-media":"","overlay-type":"","overlay-color":"","overlay-opacity":"","overlay-gradient":""},"mobile":{"background-color":"","background-image":"","background-repeat":"repeat","background-position":"center center","background-size":"auto","background-attachment":"scroll","background-type":"","background-media":"","overlay-type":"","overlay-color":"","overlay-opacity":"","overlay-gradient":""}},"ast-content-background-meta":{"desktop":{"background-color":"var(--ast-global-color-5)","background-image":"","background-repeat":"repeat","background-position":"center center","background-size":"auto","background-attachment":"scroll","background-type":"","background-media":"","overlay-type":"","overlay-color":"","overlay-opacity":"","overlay-gradient":""},"tablet":{"background-color":"var(--ast-global-color-5)","background-image":"","background-repeat":"repeat","background-position":"center center","background-size":"auto","background-attachment":"scroll","background-type":"","background-media":"","overlay-type":"","overlay-color":"","overlay-opacity":"","overlay-gradient":""},"mobile":{"background-color":"var(--ast-global-color-5)","background-image":"","background-repeat":"repeat","background-position":"center center","background-size":"auto","background-attachment":"scroll","background-type":"","background-media":"","overlay-type":"","overlay-color":"","overlay-opacity":"","overlay-gradient":""}}},"product_cat":[64],"product_tag":[],"class_list":{"0":"post-9614","1":"product","2":"type-product","3":"status-publish","4":"has-post-thumbnail","6":"product_cat-travel-adapter","7":"desktop-align-center","8":"tablet-align-center","9":"mobile-align-center","11":"first","12":"instock","13":"shipping-taxable","14":"product-type-simple"},"_links":{"self":[{"href":"https:\/\/imiapower.com\/es\/wp-json\/wp\/v2\/product\/9614","targetHints":{"allow":["GET"]}}],"collection":[{"href":"https:\/\/imiapower.com\/es\/wp-json\/wp\/v2\/product"}],"about":[{"href":"https:\/\/imiapower.com\/es\/wp-json\/wp\/v2\/types\/product"}],"replies":[{"embeddable":true,"href":"https:\/\/imiapower.com\/es\/wp-json\/wp\/v2\/comments?post=9614"}],"version-history":[{"count":1,"href":"https:\/\/imiapower.com\/es\/wp-json\/wp\/v2\/product\/9614\/revisions"}],"predecessor-version":[{"id":9626,"href":"https:\/\/imiapower.com\/es\/wp-json\/wp\/v2\/product\/9614\/revisions\/9626"}],"wp:featuredmedia":[{"embeddable":true,"href":"https:\/\/imiapower.com\/es\/wp-json\/wp\/v2\/media\/9625"}],"wp:attachment":[{"href":"https:\/\/imiapower.com\/es\/wp-json\/wp\/v2\/media?parent=9614"}],"wp:term":[{"taxonomy":"product_cat","embeddable":true,"href":"https:\/\/imiapower.com\/es\/wp-json\/wp\/v2\/product_cat?post=9614"},{"taxonomy":"product_tag","embeddable":true,"href":"https:\/\/imiapower.com\/es\/wp-json\/wp\/v2\/product_tag?post=9614"}],"curies":[{"name":"wp","href":"https:\/\/api.w.org\/{rel}","templated":true}]}}