{"id":9640,"date":"2025-08-12T01:52:35","date_gmt":"2025-08-12T01:52:35","guid":{"rendered":"https:\/\/imiapower.com\/?post_type=product&#038;p=9640"},"modified":"2025-08-21T00:50:47","modified_gmt":"2025-08-21T00:50:47","slug":"travel-adapter-plug-china","status":"publish","type":"product","link":"https:\/\/imiapower.com\/es\/products\/travel-adapter\/travel-adapter-plug-china\/","title":{"rendered":"Adaptador de viaje para China \u2013 Adaptador de enchufe internacional a China\/Australia 250 V 10 A"},"content":{"rendered":"<ul>\n<li><strong>Adaptador de viaje para enchufe de China<\/strong><\/li>\n<li><strong>Aporte :<\/strong>250 V 10 A 2500 W m\u00e1x.<\/li>\n<li><strong>Material de la carcasa:<\/strong>PC<\/li>\n<li><strong>Est\u00e1ndar: <\/strong>BS8546, IEC60884-2-5<\/li>\n<li><strong>Color:<\/strong>\u00a0Blanco\/negro<\/li>\n<li><strong>Observaci\u00f3n:<\/strong>Adaptador de enchufe del mundo a China\/Australia<\/li>\n<\/ul>","protected":false},"excerpt":{"rendered":"<p><img fetchpriority=\"high\" decoding=\"async\" class=\"alignnone wp-image-9641 size-full\" src=\"https:\/\/imiapower.com\/wp-content\/uploads\/converted-1-21.webp\" alt=\"Adaptador de viaje para enchufe de China\" width=\"960\" height=\"960\" srcset=\"https:\/\/imiapower.com\/wp-content\/uploads\/converted-1-21.webp 960w, https:\/\/imiapower.com\/wp-content\/uploads\/converted-1-21-300x300.webp 300w, https:\/\/imiapower.com\/wp-content\/uploads\/converted-1-21-150x150.webp 150w, https:\/\/imiapower.com\/wp-content\/uploads\/converted-1-21-768x768.webp 768w, https:\/\/imiapower.com\/wp-content\/uploads\/converted-1-21-12x12.webp 12w, https:\/\/imiapower.com\/wp-content\/uploads\/converted-1-21-600x600.webp 600w, https:\/\/imiapower.com\/wp-content\/uploads\/converted-1-21-100x100.webp 100w, https:\/\/imiapower.com\/wp-content\/uploads\/converted-1-21-64x64.webp 64w\" sizes=\"(max-width: 960px) 100vw, 960px\" \/><\/p>\n<p>El r\u00e1pido crecimiento econ\u00f3mico de China atrae a innumerables viajeros de negocios, representantes de marcas y distribuidores de todo el mundo.<\/p>\n<p>De hecho, m\u00e1s del 90% de los fabricantes de adaptadores mundiales tienen su sede en China, lo que hace que las visitas sean a\u00fan m\u00e1s frecuentes para los profesionales del sector.<\/p>\n<p>Ya sea que asista a ferias comerciales, visite f\u00e1bricas o explore las ciudades de China, un <strong data-start=\"1136\" data-end=\"1165\">t<\/strong>El adaptador de enchufe Ravel de China es imprescindible para mantener sus dispositivos encendidos.<\/p>\n<p>Nuestro adaptador de enchufe del mundo a China\/Australia admite 250 V, 10 A y hasta 2500 W m\u00e1x.<\/p>\n<p>Fabricado con una carcasa de PC duradera y compatible con los est\u00e1ndares de seguridad BS8546 e IEC60884-2-5, es perfecto para cargar computadoras port\u00e1tiles, c\u00e1maras y tel\u00e9fonos inteligentes.<\/p>\n<p>Compacto, confiable y disponible en blanco o negro, garantiza que permanecer\u00e1 conectado y productivo durante todo su viaje.<\/p>","protected":false},"featured_media":9642,"comment_status":"open","ping_status":"closed","template":"","meta":{"rank_math_lock_modified_date":false,"site-sidebar-layout":"default","site-content-layout":"","ast-site-content-layout":"default","site-content-style":"default","site-sidebar-style":"default","ast-global-header-display":"","ast-banner-title-visibility":"","ast-main-header-display":"","ast-hfb-above-header-display":"","ast-hfb-below-header-display":"","ast-hfb-mobile-header-display":"","site-post-title":"","ast-breadcrumbs-content":"","ast-featured-img":"","footer-sml-layout":"","ast-disable-related-posts":"","theme-transparent-header-meta":"default","adv-header-id-meta":"","stick-header-meta":"","header-above-stick-meta":"","header-main-stick-meta":"","header-below-stick-meta":"","astra-migrate-meta-layouts":"set","ast-page-background-enabled":"default","ast-page-background-meta":{"desktop":{"background-color":"","background-image":"","background-repeat":"repeat","background-position":"center center","background-size":"auto","background-attachment":"scroll","background-type":"","background-media":"","overlay-type":"","overlay-color":"","overlay-opacity":"","overlay-gradient":""},"tablet":{"background-color":"","background-image":"","background-repeat":"repeat","background-position":"center center","background-size":"auto","background-attachment":"scroll","background-type":"","background-media":"","overlay-type":"","overlay-color":"","overlay-opacity":"","overlay-gradient":""},"mobile":{"background-color":"","background-image":"","background-repeat":"repeat","background-position":"center center","background-size":"auto","background-attachment":"scroll","background-type":"","background-media":"","overlay-type":"","overlay-color":"","overlay-opacity":"","overlay-gradient":""}},"ast-content-background-meta":{"desktop":{"background-color":"var(--ast-global-color-5)","background-image":"","background-repeat":"repeat","background-position":"center center","background-size":"auto","background-attachment":"scroll","background-type":"","background-media":"","overlay-type":"","overlay-color":"","overlay-opacity":"","overlay-gradient":""},"tablet":{"background-color":"var(--ast-global-color-5)","background-image":"","background-repeat":"repeat","background-position":"center center","background-size":"auto","background-attachment":"scroll","background-type":"","background-media":"","overlay-type":"","overlay-color":"","overlay-opacity":"","overlay-gradient":""},"mobile":{"background-color":"var(--ast-global-color-5)","background-image":"","background-repeat":"repeat","background-position":"center center","background-size":"auto","background-attachment":"scroll","background-type":"","background-media":"","overlay-type":"","overlay-color":"","overlay-opacity":"","overlay-gradient":""}}},"product_cat":[64],"product_tag":[],"class_list":{"0":"post-9640","1":"product","2":"type-product","3":"status-publish","4":"has-post-thumbnail","6":"product_cat-travel-adapter","7":"desktop-align-center","8":"tablet-align-center","9":"mobile-align-center","11":"first","12":"instock","13":"shipping-taxable","14":"product-type-simple"},"_links":{"self":[{"href":"https:\/\/imiapower.com\/es\/wp-json\/wp\/v2\/product\/9640","targetHints":{"allow":["GET"]}}],"collection":[{"href":"https:\/\/imiapower.com\/es\/wp-json\/wp\/v2\/product"}],"about":[{"href":"https:\/\/imiapower.com\/es\/wp-json\/wp\/v2\/types\/product"}],"replies":[{"embeddable":true,"href":"https:\/\/imiapower.com\/es\/wp-json\/wp\/v2\/comments?post=9640"}],"version-history":[{"count":1,"href":"https:\/\/imiapower.com\/es\/wp-json\/wp\/v2\/product\/9640\/revisions"}],"predecessor-version":[{"id":9643,"href":"https:\/\/imiapower.com\/es\/wp-json\/wp\/v2\/product\/9640\/revisions\/9643"}],"wp:featuredmedia":[{"embeddable":true,"href":"https:\/\/imiapower.com\/es\/wp-json\/wp\/v2\/media\/9642"}],"wp:attachment":[{"href":"https:\/\/imiapower.com\/es\/wp-json\/wp\/v2\/media?parent=9640"}],"wp:term":[{"taxonomy":"product_cat","embeddable":true,"href":"https:\/\/imiapower.com\/es\/wp-json\/wp\/v2\/product_cat?post=9640"},{"taxonomy":"product_tag","embeddable":true,"href":"https:\/\/imiapower.com\/es\/wp-json\/wp\/v2\/product_tag?post=9640"}],"curies":[{"name":"wp","href":"https:\/\/api.w.org\/{rel}","templated":true}]}}