{"id":9725,"date":"2025-09-02T00:15:46","date_gmt":"2025-09-02T00:15:46","guid":{"rendered":"https:\/\/imiapower.com\/?post_type=product&#038;p=9725"},"modified":"2025-09-03T00:46:43","modified_gmt":"2025-09-03T00:46:43","slug":"travel-adapter-for-high-power-appliances","status":"publish","type":"product","link":"https:\/\/imiapower.com\/es\/products\/travel-adapter\/travel-adapter-for-high-power-appliances\/","title":{"rendered":"Adaptador de viaje para electrodom\u00e9sticos de alta potencia | 2500 W m\u00e1x. | 4 enchufes desmontables (EE. UU., Reino Unido, Australia y UE) con carga r\u00e1pida PD de 20 W"},"content":{"rendered":"<ul>\n<li><strong>Adaptador de viaje para electrodom\u00e9sticos de alta potencia<\/strong><\/li>\n<li><strong>Aporte :<\/strong> 100-250 V 10 A m\u00e1x. 2500 W m\u00e1x.<\/li>\n<li><strong>Producci\u00f3n<\/strong> PD 20W, EE. UU. 18W<\/li>\n<li><strong>Puerto de carga:<\/strong> 2 puertos usb c y 1 usb a.<\/li>\n<li><strong>Color:<\/strong> Blanco y negro<\/li>\n<li><b>Enchufes: EE. UU., Australia, Reino Unido y UE<\/b><\/li>\n<\/ul>","protected":false},"excerpt":{"rendered":"<p><img fetchpriority=\"high\" decoding=\"async\" class=\"alignnone wp-image-9728 size-full\" src=\"https:\/\/imiapower.com\/wp-content\/uploads\/converted-2-14.webp\" alt=\"Adaptador de viaje para electrodom\u00e9sticos de alta potencia\" width=\"960\" height=\"960\" srcset=\"https:\/\/imiapower.com\/wp-content\/uploads\/converted-2-14.webp 960w, https:\/\/imiapower.com\/wp-content\/uploads\/converted-2-14-300x300.webp 300w, https:\/\/imiapower.com\/wp-content\/uploads\/converted-2-14-150x150.webp 150w, https:\/\/imiapower.com\/wp-content\/uploads\/converted-2-14-768x768.webp 768w, https:\/\/imiapower.com\/wp-content\/uploads\/converted-2-14-12x12.webp 12w, https:\/\/imiapower.com\/wp-content\/uploads\/converted-2-14-600x600.webp 600w, https:\/\/imiapower.com\/wp-content\/uploads\/converted-2-14-100x100.webp 100w, https:\/\/imiapower.com\/wp-content\/uploads\/converted-2-14-64x64.webp 64w\" sizes=\"(max-width: 960px) 100vw, 960px\" \/> <img decoding=\"async\" class=\"alignnone wp-image-9729 size-full\" src=\"https:\/\/imiapower.com\/wp-content\/uploads\/converted-37.webp\" alt=\"Adaptador de viaje para electrodom\u00e9sticos de alta potencia\" width=\"850\" height=\"1553\" srcset=\"https:\/\/imiapower.com\/wp-content\/uploads\/converted-37.webp 850w, https:\/\/imiapower.com\/wp-content\/uploads\/converted-37-164x300.webp 164w, https:\/\/imiapower.com\/wp-content\/uploads\/converted-37-560x1024.webp 560w, https:\/\/imiapower.com\/wp-content\/uploads\/converted-37-768x1403.webp 768w, https:\/\/imiapower.com\/wp-content\/uploads\/converted-37-841x1536.webp 841w, https:\/\/imiapower.com\/wp-content\/uploads\/converted-37-7x12.webp 7w, https:\/\/imiapower.com\/wp-content\/uploads\/converted-37-600x1096.webp 600w, https:\/\/imiapower.com\/wp-content\/uploads\/converted-37-64x117.webp 64w\" sizes=\"(max-width: 850px) 100vw, 850px\" \/><\/p>\n<p data-start=\"916\" data-end=\"1272\">Adaptador de viaje para electrodom\u00e9sticos de alta potencia: la opci\u00f3n ideal para viajeros internacionales que llevan dispositivos como hervidores, afeitadoras, secadores de pelo, planchas para el pelo, c\u00e1maras y otros aparatos electr\u00f3nicos de alto voltaje. Este adaptador universal admite de 100 a 250 V, 10 A y hasta 2500 W, lo que lo hace seguro y fiable tanto para dispositivos cotidianos como para electrodom\u00e9sticos exigentes.<\/p>\n<p data-start=\"1274\" data-end=\"1380\">Equipado con 4 enchufes desmontables (EE. UU., Reino Unido, AUS, UE), garantiza la compatibilidad en m\u00e1s de 200 pa\u00edses:<\/p>\n<ul data-start=\"1381\" data-end=\"2005\">\n<li data-start=\"1381\" data-end=\"1552\">\n<p data-start=\"1383\" data-end=\"1552\">Enchufe de EE. UU.: ampliamente utilizado en Estados Unidos, Canad\u00e1, Jap\u00f3n, M\u00e9xico, Filipinas, Panam\u00e1, Colombia, Barbados, Guam, Hait\u00ed, Honduras, Jamaica, L\u00edbano y m\u00e1s.<\/p>\n<\/li>\n<li data-start=\"1553\" data-end=\"1681\">\n<p data-start=\"1555\" data-end=\"1681\">Enchufe AUS: com\u00fan en Australia, Nueva Zelanda, Argentina, Fiji, Egipto, Kiribati, Nauru, Letonia, Pap\u00faa Nueva Guinea, etc.<\/p>\n<\/li>\n<li data-start=\"1682\" data-end=\"1811\">\n<p data-start=\"1684\" data-end=\"1811\">Enchufe del Reino Unido: se utiliza en el Reino Unido, Emiratos \u00c1rabes Unidos, Pakist\u00e1n, But\u00e1n, Kenia, Botsuana, Malawi, Chipre, Seychelles y otros.<\/p>\n<\/li>\n<li data-start=\"1812\" data-end=\"2005\">\n<p data-start=\"1814\" data-end=\"2005\">Enchufe UE: est\u00e1ndar en Alemania, Corea del Sur, Vietnam, Rusia, Brasil, Grecia, Francia, Indonesia, Finlandia, Noruega, Polonia, Portugal, Austria, Espa\u00f1a, Suecia y en la mayor parte de Europa.<\/p>\n<\/li>\n<\/ul>\n<p data-start=\"2007\" data-end=\"2206\">Adem\u00e1s de su toma de CA universal, este adaptador integra tecnolog\u00eda de carga moderna con salida PD 20W y USB 18W, adem\u00e1s de 2 puertos USB-C y 1 USB-A para una carga r\u00e1pida de m\u00faltiples dispositivos.<\/p>\n<p data-start=\"2208\" data-end=\"2403\">Disponible en blanco y negro, este adaptador combina potencia, versatilidad y portabilidad, con un peso de tan solo 95 g. Es imprescindible para viajeros internacionales, viajes de negocios y compradores B2B.<\/p>\n<p data-start=\"2405\" data-end=\"2578\">Como fabricante de fuentes de alimentaci\u00f3n, tambi\u00e9n ofrecemos personalizaci\u00f3n OEM\/ODM, suministro al por mayor y marca privada a distribuidores y clientes de la industria en todo el mundo.<\/p>\n<p>&nbsp;<\/p>","protected":false},"featured_media":9727,"comment_status":"open","ping_status":"closed","template":"","meta":{"rank_math_lock_modified_date":false,"site-sidebar-layout":"default","site-content-layout":"","ast-site-content-layout":"default","site-content-style":"default","site-sidebar-style":"default","ast-global-header-display":"","ast-banner-title-visibility":"","ast-main-header-display":"","ast-hfb-above-header-display":"","ast-hfb-below-header-display":"","ast-hfb-mobile-header-display":"","site-post-title":"","ast-breadcrumbs-content":"","ast-featured-img":"","footer-sml-layout":"","ast-disable-related-posts":"","theme-transparent-header-meta":"default","adv-header-id-meta":"","stick-header-meta":"","header-above-stick-meta":"","header-main-stick-meta":"","header-below-stick-meta":"","astra-migrate-meta-layouts":"set","ast-page-background-enabled":"default","ast-page-background-meta":{"desktop":{"background-color":"","background-image":"","background-repeat":"repeat","background-position":"center center","background-size":"auto","background-attachment":"scroll","background-type":"","background-media":"","overlay-type":"","overlay-color":"","overlay-opacity":"","overlay-gradient":""},"tablet":{"background-color":"","background-image":"","background-repeat":"repeat","background-position":"center center","background-size":"auto","background-attachment":"scroll","background-type":"","background-media":"","overlay-type":"","overlay-color":"","overlay-opacity":"","overlay-gradient":""},"mobile":{"background-color":"","background-image":"","background-repeat":"repeat","background-position":"center center","background-size":"auto","background-attachment":"scroll","background-type":"","background-media":"","overlay-type":"","overlay-color":"","overlay-opacity":"","overlay-gradient":""}},"ast-content-background-meta":{"desktop":{"background-color":"var(--ast-global-color-5)","background-image":"","background-repeat":"repeat","background-position":"center center","background-size":"auto","background-attachment":"scroll","background-type":"","background-media":"","overlay-type":"","overlay-color":"","overlay-opacity":"","overlay-gradient":""},"tablet":{"background-color":"var(--ast-global-color-5)","background-image":"","background-repeat":"repeat","background-position":"center center","background-size":"auto","background-attachment":"scroll","background-type":"","background-media":"","overlay-type":"","overlay-color":"","overlay-opacity":"","overlay-gradient":""},"mobile":{"background-color":"var(--ast-global-color-5)","background-image":"","background-repeat":"repeat","background-position":"center center","background-size":"auto","background-attachment":"scroll","background-type":"","background-media":"","overlay-type":"","overlay-color":"","overlay-opacity":"","overlay-gradient":""}}},"product_cat":[64],"product_tag":[],"class_list":{"0":"post-9725","1":"product","2":"type-product","3":"status-publish","4":"has-post-thumbnail","6":"product_cat-travel-adapter","7":"desktop-align-center","8":"tablet-align-center","9":"mobile-align-center","11":"first","12":"instock","13":"shipping-taxable","14":"product-type-simple"},"_links":{"self":[{"href":"https:\/\/imiapower.com\/es\/wp-json\/wp\/v2\/product\/9725","targetHints":{"allow":["GET"]}}],"collection":[{"href":"https:\/\/imiapower.com\/es\/wp-json\/wp\/v2\/product"}],"about":[{"href":"https:\/\/imiapower.com\/es\/wp-json\/wp\/v2\/types\/product"}],"replies":[{"embeddable":true,"href":"https:\/\/imiapower.com\/es\/wp-json\/wp\/v2\/comments?post=9725"}],"version-history":[{"count":1,"href":"https:\/\/imiapower.com\/es\/wp-json\/wp\/v2\/product\/9725\/revisions"}],"predecessor-version":[{"id":9730,"href":"https:\/\/imiapower.com\/es\/wp-json\/wp\/v2\/product\/9725\/revisions\/9730"}],"wp:featuredmedia":[{"embeddable":true,"href":"https:\/\/imiapower.com\/es\/wp-json\/wp\/v2\/media\/9727"}],"wp:attachment":[{"href":"https:\/\/imiapower.com\/es\/wp-json\/wp\/v2\/media?parent=9725"}],"wp:term":[{"taxonomy":"product_cat","embeddable":true,"href":"https:\/\/imiapower.com\/es\/wp-json\/wp\/v2\/product_cat?post=9725"},{"taxonomy":"product_tag","embeddable":true,"href":"https:\/\/imiapower.com\/es\/wp-json\/wp\/v2\/product_tag?post=9725"}],"curies":[{"name":"wp","href":"https:\/\/api.w.org\/{rel}","templated":true}]}}