{"id":9841,"date":"2026-01-05T08:57:43","date_gmt":"2026-01-05T08:57:43","guid":{"rendered":"https:\/\/imiapower.com\/?post_type=product&#038;p=9841"},"modified":"2026-01-05T08:58:24","modified_gmt":"2026-01-05T08:58:24","slug":"140w-macbook-charger-pd","status":"publish","type":"product","link":"https:\/\/imiapower.com\/es\/products\/wall-charger\/140w-macbook-charger-pd\/","title":{"rendered":"Cargador de MacBook de 140 W compatible con MacBook Pro de 16 pulgadas, iPad Pro y Samsung S23, compatible con QC4.0+."},"content":{"rendered":"<ul>\n<li><strong>Cargador de MacBook de 140 W<\/strong><\/li>\n<li><strong>Aporte :<\/strong>100-240 VCA 50\/60 HZ<\/li>\n<li><strong>Producci\u00f3n<\/strong>5,1 V 5 A 9 V 3 A 12 V 3 A 15 V 3 A 20 V 5 A 28 V 5 A<\/li>\n<li><strong>Dimensi\u00f3n:<\/strong>75*75*29MM<\/li>\n<li><strong>Dise\u00f1o:<\/strong>Despliegue el enchufe de EE. UU. y el enchufe de la UE<\/li>\n<li><strong>Color:<\/strong>Negro<\/li>\n<li><strong>Certificado :<\/strong>UL FCC CE CB UKCA<\/li>\n<li><strong>Plazo de ejecuci\u00f3n de producci\u00f3n:<\/strong>30 d\u00edas<\/li>\n<li><strong>Garantizar:<\/strong>2 a\u00f1os<\/li>\n<\/ul>","protected":false},"excerpt":{"rendered":"<p><span class=\"citation-43\">Ofrece una enorme potencia de salida continua de 140 W<\/span>. <span class=\"citation-42\">Admite el \u00faltimo perfil de voltaje de 28 V\/5 A necesario para la carga r\u00e1pida de la MacBook Pro de 16 pulgadas cuando se combina con un cable E-Marker de 140 W<\/span>.<\/p>\n<p><span class=\"citation-41\">Carga r\u00e1pida universal:<\/span><span class=\"citation-41\"> No solo una <\/span><span class=\"citation-41\">Cargador de MacBook de 140 W<\/span><span class=\"citation-41\">; cuenta con una amplia compatibilidad de protocolos, incluidos PD3.1, PPS, QC4+, QC3.0, Samsung AFC, Huawei SCP\/FCP y MTK PE-2.0<\/span>.<\/p>\n<p>Ajuste de potencia inteligente: el AVS (fuente de voltaje ajustable) incorporado reconoce autom\u00e1ticamente el dispositivo y ajusta la salida. <span class=\"citation-40\">En el modo PPS, ajusta el voltaje en pasos de 20 mV (5,02 V-21 V) para una eficiencia de carga \u00f3ptima.<\/span>.<\/p>\n<p><span class=\"citation-39\">Seguridad integral:<\/span><span class=\"citation-39\"> Dise\u00f1ado con una carcasa de PC duradera (clasificaci\u00f3n UL94 V-0)<\/span>. <span class=\"citation-38\">Cuenta con m\u00faltiples sistemas de protecci\u00f3n que incluyen protecci\u00f3n contra sobrecarga (m\u00e1ximo 180 W) y protecci\u00f3n contra cortocircuitos con recuperaci\u00f3n autom\u00e1tica.<\/span>.<\/p>\n<p><span class=\"citation-37\">Compatibilidad global:<\/span><span class=\"citation-37\"> Admite entrada CA 100-240 V 50\/60 Hz<\/span>, lo que lo convierte en un compa\u00f1ero de viaje ideal. <span class=\"citation-36\">El dise\u00f1o compacto de montaje en pared se adapta f\u00e1cilmente a bolsos para tener energ\u00eda dondequiera que est\u00e9.<\/span>.<\/p>","protected":false},"featured_media":9844,"comment_status":"open","ping_status":"closed","template":"","meta":{"rank_math_lock_modified_date":false,"site-sidebar-layout":"default","site-content-layout":"","ast-site-content-layout":"default","site-content-style":"default","site-sidebar-style":"default","ast-global-header-display":"","ast-banner-title-visibility":"","ast-main-header-display":"","ast-hfb-above-header-display":"","ast-hfb-below-header-display":"","ast-hfb-mobile-header-display":"","site-post-title":"","ast-breadcrumbs-content":"","ast-featured-img":"","footer-sml-layout":"","ast-disable-related-posts":"","theme-transparent-header-meta":"default","adv-header-id-meta":"","stick-header-meta":"","header-above-stick-meta":"","header-main-stick-meta":"","header-below-stick-meta":"","astra-migrate-meta-layouts":"set","ast-page-background-enabled":"default","ast-page-background-meta":{"desktop":{"background-color":"","background-image":"","background-repeat":"repeat","background-position":"center center","background-size":"auto","background-attachment":"scroll","background-type":"","background-media":"","overlay-type":"","overlay-color":"","overlay-opacity":"","overlay-gradient":""},"tablet":{"background-color":"","background-image":"","background-repeat":"repeat","background-position":"center center","background-size":"auto","background-attachment":"scroll","background-type":"","background-media":"","overlay-type":"","overlay-color":"","overlay-opacity":"","overlay-gradient":""},"mobile":{"background-color":"","background-image":"","background-repeat":"repeat","background-position":"center center","background-size":"auto","background-attachment":"scroll","background-type":"","background-media":"","overlay-type":"","overlay-color":"","overlay-opacity":"","overlay-gradient":""}},"ast-content-background-meta":{"desktop":{"background-color":"var(--ast-global-color-5)","background-image":"","background-repeat":"repeat","background-position":"center center","background-size":"auto","background-attachment":"scroll","background-type":"","background-media":"","overlay-type":"","overlay-color":"","overlay-opacity":"","overlay-gradient":""},"tablet":{"background-color":"var(--ast-global-color-5)","background-image":"","background-repeat":"repeat","background-position":"center center","background-size":"auto","background-attachment":"scroll","background-type":"","background-media":"","overlay-type":"","overlay-color":"","overlay-opacity":"","overlay-gradient":""},"mobile":{"background-color":"var(--ast-global-color-5)","background-image":"","background-repeat":"repeat","background-position":"center center","background-size":"auto","background-attachment":"scroll","background-type":"","background-media":"","overlay-type":"","overlay-color":"","overlay-opacity":"","overlay-gradient":""}}},"product_cat":[43],"product_tag":[],"class_list":{"0":"post-9841","1":"product","2":"type-product","3":"status-publish","4":"has-post-thumbnail","6":"product_cat-wall-charger","7":"desktop-align-center","8":"tablet-align-center","9":"mobile-align-center","11":"first","12":"instock","13":"shipping-taxable","14":"product-type-simple"},"_links":{"self":[{"href":"https:\/\/imiapower.com\/es\/wp-json\/wp\/v2\/product\/9841","targetHints":{"allow":["GET"]}}],"collection":[{"href":"https:\/\/imiapower.com\/es\/wp-json\/wp\/v2\/product"}],"about":[{"href":"https:\/\/imiapower.com\/es\/wp-json\/wp\/v2\/types\/product"}],"replies":[{"embeddable":true,"href":"https:\/\/imiapower.com\/es\/wp-json\/wp\/v2\/comments?post=9841"}],"version-history":[{"count":1,"href":"https:\/\/imiapower.com\/es\/wp-json\/wp\/v2\/product\/9841\/revisions"}],"predecessor-version":[{"id":9845,"href":"https:\/\/imiapower.com\/es\/wp-json\/wp\/v2\/product\/9841\/revisions\/9845"}],"wp:featuredmedia":[{"embeddable":true,"href":"https:\/\/imiapower.com\/es\/wp-json\/wp\/v2\/media\/9844"}],"wp:attachment":[{"href":"https:\/\/imiapower.com\/es\/wp-json\/wp\/v2\/media?parent=9841"}],"wp:term":[{"taxonomy":"product_cat","embeddable":true,"href":"https:\/\/imiapower.com\/es\/wp-json\/wp\/v2\/product_cat?post=9841"},{"taxonomy":"product_tag","embeddable":true,"href":"https:\/\/imiapower.com\/es\/wp-json\/wp\/v2\/product_tag?post=9841"}],"curies":[{"name":"wp","href":"https:\/\/api.w.org\/{rel}","templated":true}]}}