{"id":9862,"date":"2026-01-06T08:19:21","date_gmt":"2026-01-06T08:19:21","guid":{"rendered":"https:\/\/imiapower.com\/?post_type=product&#038;p=9862"},"modified":"2026-01-09T01:54:43","modified_gmt":"2026-01-09T01:54:43","slug":"weldless-18650-battery-bank","status":"publish","type":"product","link":"https:\/\/imiapower.com\/es\/products\/battery-bank\/weldless-18650-battery-bank\/","title":{"rendered":"Kit de banco de bater\u00edas sin soldadura: robusto, reparable y de carga r\u00e1pida"},"content":{"rendered":"<ul>\n<li><strong>banco de bater\u00edas<\/strong><\/li>\n<li><strong>Producci\u00f3n<\/strong>1x USB-C + 2x USB-A (5 V, 9 V, 12 V hasta 18 W)<\/li>\n<li><strong>Material :<\/strong>Carcasa robusta impresa en 3D + tornillos flexibles de TPU 95A<\/li>\n<li><strong>Dimensiones:<\/strong>Ultracompacto<\/li>\n<li><strong>Carga r\u00e1pida:<\/strong>18W Bidireccional<\/li>\n<\/ul>","protected":false},"excerpt":{"rendered":"<p>Construya su propio banco de bater\u00edas de alta confiabilidad sin una soldadora por puntos.<\/p>\n<p>Este innovador kit de bricolaje presenta un dise\u00f1o modular resistente que utiliza una carga r\u00e1pida bidireccional IP5328P de 18 W.<\/p>\n<p>Utiliza tornillos flexibles de TPU \u00fanicos para crear conexiones seguras a presi\u00f3n para celdas 18650 o 21700. Con 3 puertos (USB-C y USB-A) y un dise\u00f1o pr\u00e1ctico.<\/p>\n<p>Esta es la soluci\u00f3n de energ\u00eda definitiva para creadores y entusiastas de la tecnolog\u00eda.<\/p>","protected":false},"featured_media":9871,"comment_status":"open","ping_status":"closed","template":"","meta":{"rank_math_lock_modified_date":false,"site-sidebar-layout":"default","site-content-layout":"","ast-site-content-layout":"default","site-content-style":"default","site-sidebar-style":"default","ast-global-header-display":"","ast-banner-title-visibility":"","ast-main-header-display":"","ast-hfb-above-header-display":"","ast-hfb-below-header-display":"","ast-hfb-mobile-header-display":"","site-post-title":"","ast-breadcrumbs-content":"","ast-featured-img":"","footer-sml-layout":"","ast-disable-related-posts":"","theme-transparent-header-meta":"default","adv-header-id-meta":"","stick-header-meta":"","header-above-stick-meta":"","header-main-stick-meta":"","header-below-stick-meta":"","astra-migrate-meta-layouts":"set","ast-page-background-enabled":"default","ast-page-background-meta":{"desktop":{"background-color":"","background-image":"","background-repeat":"repeat","background-position":"center center","background-size":"auto","background-attachment":"scroll","background-type":"","background-media":"","overlay-type":"","overlay-color":"","overlay-opacity":"","overlay-gradient":""},"tablet":{"background-color":"","background-image":"","background-repeat":"repeat","background-position":"center center","background-size":"auto","background-attachment":"scroll","background-type":"","background-media":"","overlay-type":"","overlay-color":"","overlay-opacity":"","overlay-gradient":""},"mobile":{"background-color":"","background-image":"","background-repeat":"repeat","background-position":"center center","background-size":"auto","background-attachment":"scroll","background-type":"","background-media":"","overlay-type":"","overlay-color":"","overlay-opacity":"","overlay-gradient":""}},"ast-content-background-meta":{"desktop":{"background-color":"var(--ast-global-color-5)","background-image":"","background-repeat":"repeat","background-position":"center center","background-size":"auto","background-attachment":"scroll","background-type":"","background-media":"","overlay-type":"","overlay-color":"","overlay-opacity":"","overlay-gradient":""},"tablet":{"background-color":"var(--ast-global-color-5)","background-image":"","background-repeat":"repeat","background-position":"center center","background-size":"auto","background-attachment":"scroll","background-type":"","background-media":"","overlay-type":"","overlay-color":"","overlay-opacity":"","overlay-gradient":""},"mobile":{"background-color":"var(--ast-global-color-5)","background-image":"","background-repeat":"repeat","background-position":"center center","background-size":"auto","background-attachment":"scroll","background-type":"","background-media":"","overlay-type":"","overlay-color":"","overlay-opacity":"","overlay-gradient":""}}},"product_cat":[364],"product_tag":[],"class_list":{"0":"post-9862","1":"product","2":"type-product","3":"status-publish","4":"has-post-thumbnail","6":"product_cat-battery-bank","7":"desktop-align-center","8":"tablet-align-center","9":"mobile-align-center","11":"first","12":"instock","13":"shipping-taxable","14":"product-type-simple"},"_links":{"self":[{"href":"https:\/\/imiapower.com\/es\/wp-json\/wp\/v2\/product\/9862","targetHints":{"allow":["GET"]}}],"collection":[{"href":"https:\/\/imiapower.com\/es\/wp-json\/wp\/v2\/product"}],"about":[{"href":"https:\/\/imiapower.com\/es\/wp-json\/wp\/v2\/types\/product"}],"replies":[{"embeddable":true,"href":"https:\/\/imiapower.com\/es\/wp-json\/wp\/v2\/comments?post=9862"}],"version-history":[{"count":5,"href":"https:\/\/imiapower.com\/es\/wp-json\/wp\/v2\/product\/9862\/revisions"}],"predecessor-version":[{"id":9869,"href":"https:\/\/imiapower.com\/es\/wp-json\/wp\/v2\/product\/9862\/revisions\/9869"}],"wp:featuredmedia":[{"embeddable":true,"href":"https:\/\/imiapower.com\/es\/wp-json\/wp\/v2\/media\/9871"}],"wp:attachment":[{"href":"https:\/\/imiapower.com\/es\/wp-json\/wp\/v2\/media?parent=9862"}],"wp:term":[{"taxonomy":"product_cat","embeddable":true,"href":"https:\/\/imiapower.com\/es\/wp-json\/wp\/v2\/product_cat?post=9862"},{"taxonomy":"product_tag","embeddable":true,"href":"https:\/\/imiapower.com\/es\/wp-json\/wp\/v2\/product_tag?post=9862"}],"curies":[{"name":"wp","href":"https:\/\/api.w.org\/{rel}","templated":true}]}}