{"id":9885,"date":"2026-01-23T02:04:30","date_gmt":"2026-01-23T02:04:30","guid":{"rendered":"https:\/\/imiapower.com\/?post_type=product&#038;p=9885"},"modified":"2026-01-23T02:04:30","modified_gmt":"2026-01-23T02:04:30","slug":"worldwide-travel-charger","status":"publish","type":"product","link":"https:\/\/imiapower.com\/es\/products\/travel-adapter\/worldwide-travel-charger\/","title":{"rendered":"Adaptador de viaje universal para todo el mundo | Enchufe internacional todo en uno (EE. UU., UE, Reino Unido y Australia)"},"content":{"rendered":"<ul>\n<li><strong>Cargador de viaje mundial<\/strong><\/li>\n<li><strong>Voltaje de entrada:<\/strong> 100~250V, 50\/60Hz<\/li>\n<li><strong>Clasificaci\u00f3n de potencia:<\/strong> 10 A m\u00e1x. (1000 W\/100 V, 2500 W\/250 V)<\/li>\n<li><strong>Peso bruto:<\/strong> 150 gramos<\/li>\n<li><strong>Uso:<\/strong> Solamente para uso en interiores<\/li>\n<li><strong>Toma de tierra:<\/strong> Sin conexi\u00f3n a tierra<\/li>\n<\/ul>\n<p>&nbsp;<\/p>","protected":false},"excerpt":{"rendered":"<p data-path-to-node=\"3\">Mini tama\u00f1o, alcance global: El cargador de viaje definitivo para todo el mundo. Viaja m\u00e1s ligero y con m\u00e1s inteligencia. Este miniadaptador de cargador de viaje para todo el mundo ofrece conectividad global en un dise\u00f1o ultracompacto, ahorrando valioso espacio en tu equipaje sin comprometer la seguridad.<\/p>\n<ul data-path-to-node=\"4\">\n<li>\n<p data-path-to-node=\"4,0,0\">\ud83d\udccf <strong>Dise\u00f1o ultramini: <\/strong>No dejes que los adaptadores voluminosos te agobien. Nuestro dise\u00f1o minicubo cabe f\u00e1cilmente en tu bolsillo o bolso, lo que lo convierte en el compa\u00f1ero de viaje minimalista perfecto.<\/p>\n<\/li>\n<li>\n<p data-path-to-node=\"4,1,0\">\u26a1 <strong>Soluci\u00f3n de cargador de viaje mundial:<\/strong> A pesar de su tama\u00f1o peque\u00f1o, cubre m\u00e1s de 150 pa\u00edses con enchufes retr\u00e1ctiles de EE. UU., Reino Unido, UE y Australia.<\/p>\n<\/li>\n<li>\n<p data-path-to-node=\"4,2,0\">\ud83d\udee1\ufe0f <strong>Certificado de seguridad:<\/strong> Peque\u00f1o pero potente. Cumple con rigurosos est\u00e1ndares de seguridad (probado seg\u00fan UL 62368-1:2025) e incorpora persianas para mayor seguridad.<\/p>\n<\/li>\n<li>\n<p data-path-to-node=\"4,3,0\">\ud83d\udd0c <strong>Compatibilidad universal:<\/strong> La mini carcasa cuenta con un enchufe universal que acepta de forma segura enchufes de casi cualquier parte del mundo.<\/p>\n<\/li>\n<\/ul>","protected":false},"featured_media":9888,"comment_status":"open","ping_status":"closed","template":"","meta":{"rank_math_lock_modified_date":false,"site-sidebar-layout":"default","site-content-layout":"","ast-site-content-layout":"default","site-content-style":"default","site-sidebar-style":"default","ast-global-header-display":"","ast-banner-title-visibility":"","ast-main-header-display":"","ast-hfb-above-header-display":"","ast-hfb-below-header-display":"","ast-hfb-mobile-header-display":"","site-post-title":"","ast-breadcrumbs-content":"","ast-featured-img":"","footer-sml-layout":"","ast-disable-related-posts":"","theme-transparent-header-meta":"default","adv-header-id-meta":"","stick-header-meta":"","header-above-stick-meta":"","header-main-stick-meta":"","header-below-stick-meta":"","astra-migrate-meta-layouts":"set","ast-page-background-enabled":"default","ast-page-background-meta":{"desktop":{"background-color":"","background-image":"","background-repeat":"repeat","background-position":"center center","background-size":"auto","background-attachment":"scroll","background-type":"","background-media":"","overlay-type":"","overlay-color":"","overlay-opacity":"","overlay-gradient":""},"tablet":{"background-color":"","background-image":"","background-repeat":"repeat","background-position":"center center","background-size":"auto","background-attachment":"scroll","background-type":"","background-media":"","overlay-type":"","overlay-color":"","overlay-opacity":"","overlay-gradient":""},"mobile":{"background-color":"","background-image":"","background-repeat":"repeat","background-position":"center center","background-size":"auto","background-attachment":"scroll","background-type":"","background-media":"","overlay-type":"","overlay-color":"","overlay-opacity":"","overlay-gradient":""}},"ast-content-background-meta":{"desktop":{"background-color":"var(--ast-global-color-5)","background-image":"","background-repeat":"repeat","background-position":"center center","background-size":"auto","background-attachment":"scroll","background-type":"","background-media":"","overlay-type":"","overlay-color":"","overlay-opacity":"","overlay-gradient":""},"tablet":{"background-color":"var(--ast-global-color-5)","background-image":"","background-repeat":"repeat","background-position":"center center","background-size":"auto","background-attachment":"scroll","background-type":"","background-media":"","overlay-type":"","overlay-color":"","overlay-opacity":"","overlay-gradient":""},"mobile":{"background-color":"var(--ast-global-color-5)","background-image":"","background-repeat":"repeat","background-position":"center center","background-size":"auto","background-attachment":"scroll","background-type":"","background-media":"","overlay-type":"","overlay-color":"","overlay-opacity":"","overlay-gradient":""}}},"product_cat":[64],"product_tag":[],"class_list":{"0":"post-9885","1":"product","2":"type-product","3":"status-publish","4":"has-post-thumbnail","6":"product_cat-travel-adapter","7":"desktop-align-center","8":"tablet-align-center","9":"mobile-align-center","11":"first","12":"instock","13":"shipping-taxable","14":"product-type-simple"},"_links":{"self":[{"href":"https:\/\/imiapower.com\/es\/wp-json\/wp\/v2\/product\/9885","targetHints":{"allow":["GET"]}}],"collection":[{"href":"https:\/\/imiapower.com\/es\/wp-json\/wp\/v2\/product"}],"about":[{"href":"https:\/\/imiapower.com\/es\/wp-json\/wp\/v2\/types\/product"}],"replies":[{"embeddable":true,"href":"https:\/\/imiapower.com\/es\/wp-json\/wp\/v2\/comments?post=9885"}],"version-history":[{"count":3,"href":"https:\/\/imiapower.com\/es\/wp-json\/wp\/v2\/product\/9885\/revisions"}],"predecessor-version":[{"id":9891,"href":"https:\/\/imiapower.com\/es\/wp-json\/wp\/v2\/product\/9885\/revisions\/9891"}],"wp:featuredmedia":[{"embeddable":true,"href":"https:\/\/imiapower.com\/es\/wp-json\/wp\/v2\/media\/9888"}],"wp:attachment":[{"href":"https:\/\/imiapower.com\/es\/wp-json\/wp\/v2\/media?parent=9885"}],"wp:term":[{"taxonomy":"product_cat","embeddable":true,"href":"https:\/\/imiapower.com\/es\/wp-json\/wp\/v2\/product_cat?post=9885"},{"taxonomy":"product_tag","embeddable":true,"href":"https:\/\/imiapower.com\/es\/wp-json\/wp\/v2\/product_tag?post=9885"}],"curies":[{"name":"wp","href":"https:\/\/api.w.org\/{rel}","templated":true}]}}