{"id":4652,"date":"2023-03-04T00:24:05","date_gmt":"2023-03-04T00:24:05","guid":{"rendered":"https:\/\/imia.com.cn\/?post_type=product&#038;p=4652"},"modified":"2024-08-16T13:06:51","modified_gmt":"2024-08-16T13:06:51","slug":"20w-pd-wall-charger","status":"publish","type":"product","link":"https:\/\/imiapower.com\/fr\/products\/wall-charger\/20w-pd-wall-charger\/","title":{"rendered":"Fabricant populaire de chargeur mural PD 20 W"},"content":{"rendered":"<ul>\n<li><strong>chargeur mural 20 W PD<\/strong><\/li>\n<li><strong>Sortir<\/strong>5V2A 10W maximum<\/li>\n<li><strong>Tension d&#039;entr\u00e9e:<\/strong>100-240V<\/li>\n<li><strong>Fr\u00e9quence d&#039;entr\u00e9e\u00a0:<\/strong>50\/60 Hz<\/li>\n<li><strong>Classe \u00e9nerg\u00e9tique\u00a0: <\/strong>VI<\/li>\n<li><strong>Certification de s\u00e9curit\u00e9\u00a0:<\/strong>EN62368\u00a0:\u00a0FCC\/CE\/SAA\/CCC<\/li>\n<li><strong>Taille am\u00e9ricaine\/CN\/JP\u00a0:<\/strong>60*26*40mm<\/li>\n<li><strong>Taille UE\/KR\u00a0:<\/strong>80*27*40mm<\/li>\n<li><strong>Taille UK:<\/strong>75*27*39.5mm<\/li>\n<\/ul>","protected":false},"excerpt":{"rendered":"<p>M\u00eame si les chargeurs PD nouvellement d\u00e9velopp\u00e9s sur le march\u00e9 vont jusqu&#039;\u00e0 140 W et 200 W, un chargeur mural PD 20 W est \u00e9galement un appareil de charge tr\u00e8s courant et populaire, et il peut r\u00e9pondre aux exigences de charge rapide des t\u00e9l\u00e9phones du march\u00e9.<\/p>\n<p>Certaines marques populaires ont s\u00e9lectionn\u00e9 ce chargeur PD 20 W, ce chargeur peut \u00eatre ajout\u00e9 un design en carton comme couverture, et beaucoup de jeunes l&#039;aiment, car il a \u00e9t\u00e9 choisi par une marque populaire, donc la qualit\u00e9 est assur\u00e9e, nous fournissons des \u00e9chantillons gratuits \u00e0 tester, prend \u00e9galement en charge un faible MOQ<\/p>\n<p>20 watts pour charger rapidement vos smartphones, tablettes et autres appareils aliment\u00e9s par USB.<\/p>\n<p>Des vitesses de charge jusqu&#039;\u00e0 50% plus rapides avec les technologies avanc\u00e9es USB Power Delivery (PD) et Qualcomm Quick Charge.<\/p>\n<p>&nbsp;<\/p>","protected":false},"featured_media":4584,"comment_status":"closed","ping_status":"closed","template":"","meta":{"rank_math_lock_modified_date":false,"site-sidebar-layout":"default","site-content-layout":"default","ast-site-content-layout":"default","site-content-style":"default","site-sidebar-style":"default","ast-global-header-display":"","ast-banner-title-visibility":"","ast-main-header-display":"","ast-hfb-above-header-display":"","ast-hfb-below-header-display":"","ast-hfb-mobile-header-display":"","site-post-title":"","ast-breadcrumbs-content":"","ast-featured-img":"","footer-sml-layout":"","ast-disable-related-posts":"","theme-transparent-header-meta":"default","adv-header-id-meta":"","stick-header-meta":"","header-above-stick-meta":"","header-main-stick-meta":"","header-below-stick-meta":"","astra-migrate-meta-layouts":"set","ast-page-background-enabled":"default","ast-page-background-meta":{"desktop":{"background-color":"","background-image":"","background-repeat":"repeat","background-position":"center center","background-size":"auto","background-attachment":"scroll","background-type":"","background-media":"","overlay-type":"","overlay-color":"","overlay-opacity":"","overlay-gradient":""},"tablet":{"background-color":"","background-image":"","background-repeat":"repeat","background-position":"center center","background-size":"auto","background-attachment":"scroll","background-type":"","background-media":"","overlay-type":"","overlay-color":"","overlay-opacity":"","overlay-gradient":""},"mobile":{"background-color":"","background-image":"","background-repeat":"repeat","background-position":"center center","background-size":"auto","background-attachment":"scroll","background-type":"","background-media":"","overlay-type":"","overlay-color":"","overlay-opacity":"","overlay-gradient":""}},"ast-content-background-meta":{"desktop":{"background-color":"var(--ast-global-color-5)","background-image":"","background-repeat":"repeat","background-position":"center center","background-size":"auto","background-attachment":"scroll","background-type":"","background-media":"","overlay-type":"","overlay-color":"","overlay-opacity":"","overlay-gradient":""},"tablet":{"background-color":"var(--ast-global-color-5)","background-image":"","background-repeat":"repeat","background-position":"center center","background-size":"auto","background-attachment":"scroll","background-type":"","background-media":"","overlay-type":"","overlay-color":"","overlay-opacity":"","overlay-gradient":""},"mobile":{"background-color":"var(--ast-global-color-5)","background-image":"","background-repeat":"repeat","background-position":"center center","background-size":"auto","background-attachment":"scroll","background-type":"","background-media":"","overlay-type":"","overlay-color":"","overlay-opacity":"","overlay-gradient":""}}},"product_cat":[43],"product_tag":[],"class_list":{"0":"post-4652","1":"product","2":"type-product","3":"status-publish","4":"has-post-thumbnail","6":"product_cat-wall-charger","7":"desktop-align-center","8":"tablet-align-center","9":"mobile-align-center","11":"first","12":"instock","13":"shipping-taxable","14":"purchasable","15":"product-type-simple"},"_links":{"self":[{"href":"https:\/\/imiapower.com\/fr\/wp-json\/wp\/v2\/product\/4652","targetHints":{"allow":["GET"]}}],"collection":[{"href":"https:\/\/imiapower.com\/fr\/wp-json\/wp\/v2\/product"}],"about":[{"href":"https:\/\/imiapower.com\/fr\/wp-json\/wp\/v2\/types\/product"}],"replies":[{"embeddable":true,"href":"https:\/\/imiapower.com\/fr\/wp-json\/wp\/v2\/comments?post=4652"}],"version-history":[{"count":4,"href":"https:\/\/imiapower.com\/fr\/wp-json\/wp\/v2\/product\/4652\/revisions"}],"predecessor-version":[{"id":8288,"href":"https:\/\/imiapower.com\/fr\/wp-json\/wp\/v2\/product\/4652\/revisions\/8288"}],"wp:featuredmedia":[{"embeddable":true,"href":"https:\/\/imiapower.com\/fr\/wp-json\/wp\/v2\/media\/4584"}],"wp:attachment":[{"href":"https:\/\/imiapower.com\/fr\/wp-json\/wp\/v2\/media?parent=4652"}],"wp:term":[{"taxonomy":"product_cat","embeddable":true,"href":"https:\/\/imiapower.com\/fr\/wp-json\/wp\/v2\/product_cat?post=4652"},{"taxonomy":"product_tag","embeddable":true,"href":"https:\/\/imiapower.com\/fr\/wp-json\/wp\/v2\/product_tag?post=4652"}],"curies":[{"name":"wp","href":"https:\/\/api.w.org\/{rel}","templated":true}]}}