{"id":4653,"date":"2023-03-04T00:24:05","date_gmt":"2023-03-04T00:24:05","guid":{"rendered":"https:\/\/imia.com.cn\/?post_type=product&#038;p=4653"},"modified":"2024-11-30T09:16:54","modified_gmt":"2024-11-30T09:16:54","slug":"usb-charger-with-display","status":"publish","type":"product","link":"https:\/\/imiapower.com\/fr\/products\/wall-charger\/usb-charger-with-display\/","title":{"rendered":"beau chargeur usb avec affichage 12 v"},"content":{"rendered":"<ul>\n<li><strong>Chargeur USB avec \u00e9cran<\/strong><\/li>\n<li><strong>Sortir<\/strong>: 5V2.4A 12WMax<\/li>\n<li><strong>Tension d&#039;entr\u00e9e:<\/strong>100-240V<\/li>\n<li><strong>Fr\u00e9quence d&#039;entr\u00e9e\u00a0:<\/strong>50\/60 Hz<\/li>\n<li><strong>Classe \u00e9nerg\u00e9tique\u00a0: <\/strong>VI<\/li>\n<li><strong>Certification de s\u00e9curit\u00e9\u00a0: <\/strong>EN62368\u00a0:FCC\/CCC<\/li>\n<li><strong>Pieds pliants Taille US\/CN\/JP\u00a0:<\/strong> 60*26*40mm<\/li>\n<\/ul>","protected":false},"excerpt":{"rendered":"<p>Le chargeur \u00e0 affichage num\u00e9rique peut afficher la tension et le courant pendant la charge, mise hors tension automatique une fois la charge compl\u00e8te, ce produit se vend plusieurs ann\u00e9es sur le march\u00e9 int\u00e9rieur et le march\u00e9 \u00e9tranger<\/p>\n<p>Avant d&#039;aller dormir, nous chargeons notre t\u00e9l\u00e9phone portable, une fois compl\u00e8tement charg\u00e9, l&#039;alimentation se coupe automatiquement, apr\u00e8s nous \u00eatre lev\u00e9s le matin, nous v\u00e9rifions notre t\u00e9l\u00e9phone \u00e0 pleine puissance et interrompons la charge.<\/p>\n<p>Ce chargeur USB avec affichage non seulement de l&#039;affichage et de la fonction de coupure automatique de ce chargeur, cette conception de chargeur est \u00e9galement belle, pas comme le chargeur normal du march\u00e9, ce chargeur comprenant 8 moules, le co\u00fbt de d\u00e9veloppement est \u00e9galement \u00e9lev\u00e9 et permet \u00e0 ce chargeur de se d\u00e9marquer<\/p>\n<p>https:\/\/www.youtube.com\/embed\/tlPwMeR-arw<\/p>","protected":false},"featured_media":4583,"comment_status":"closed","ping_status":"closed","template":"","meta":{"rank_math_lock_modified_date":false,"site-sidebar-layout":"default","site-content-layout":"default","ast-site-content-layout":"default","site-content-style":"default","site-sidebar-style":"default","ast-global-header-display":"","ast-banner-title-visibility":"","ast-main-header-display":"","ast-hfb-above-header-display":"","ast-hfb-below-header-display":"","ast-hfb-mobile-header-display":"","site-post-title":"","ast-breadcrumbs-content":"","ast-featured-img":"","footer-sml-layout":"","ast-disable-related-posts":"","theme-transparent-header-meta":"default","adv-header-id-meta":"","stick-header-meta":"","header-above-stick-meta":"","header-main-stick-meta":"","header-below-stick-meta":"","astra-migrate-meta-layouts":"set","ast-page-background-enabled":"default","ast-page-background-meta":{"desktop":{"background-color":"","background-image":"","background-repeat":"repeat","background-position":"center center","background-size":"auto","background-attachment":"scroll","background-type":"","background-media":"","overlay-type":"","overlay-color":"","overlay-opacity":"","overlay-gradient":""},"tablet":{"background-color":"","background-image":"","background-repeat":"repeat","background-position":"center center","background-size":"auto","background-attachment":"scroll","background-type":"","background-media":"","overlay-type":"","overlay-color":"","overlay-opacity":"","overlay-gradient":""},"mobile":{"background-color":"","background-image":"","background-repeat":"repeat","background-position":"center center","background-size":"auto","background-attachment":"scroll","background-type":"","background-media":"","overlay-type":"","overlay-color":"","overlay-opacity":"","overlay-gradient":""}},"ast-content-background-meta":{"desktop":{"background-color":"var(--ast-global-color-5)","background-image":"","background-repeat":"repeat","background-position":"center center","background-size":"auto","background-attachment":"scroll","background-type":"","background-media":"","overlay-type":"","overlay-color":"","overlay-opacity":"","overlay-gradient":""},"tablet":{"background-color":"var(--ast-global-color-5)","background-image":"","background-repeat":"repeat","background-position":"center center","background-size":"auto","background-attachment":"scroll","background-type":"","background-media":"","overlay-type":"","overlay-color":"","overlay-opacity":"","overlay-gradient":""},"mobile":{"background-color":"var(--ast-global-color-5)","background-image":"","background-repeat":"repeat","background-position":"center center","background-size":"auto","background-attachment":"scroll","background-type":"","background-media":"","overlay-type":"","overlay-color":"","overlay-opacity":"","overlay-gradient":""}}},"product_cat":[43],"product_tag":[],"class_list":{"0":"post-4653","1":"product","2":"type-product","3":"status-publish","4":"has-post-thumbnail","6":"product_cat-wall-charger","7":"desktop-align-center","8":"tablet-align-center","9":"mobile-align-center","11":"first","12":"instock","13":"shipping-taxable","14":"purchasable","15":"product-type-simple"},"_links":{"self":[{"href":"https:\/\/imiapower.com\/fr\/wp-json\/wp\/v2\/product\/4653","targetHints":{"allow":["GET"]}}],"collection":[{"href":"https:\/\/imiapower.com\/fr\/wp-json\/wp\/v2\/product"}],"about":[{"href":"https:\/\/imiapower.com\/fr\/wp-json\/wp\/v2\/types\/product"}],"replies":[{"embeddable":true,"href":"https:\/\/imiapower.com\/fr\/wp-json\/wp\/v2\/comments?post=4653"}],"version-history":[{"count":5,"href":"https:\/\/imiapower.com\/fr\/wp-json\/wp\/v2\/product\/4653\/revisions"}],"predecessor-version":[{"id":8585,"href":"https:\/\/imiapower.com\/fr\/wp-json\/wp\/v2\/product\/4653\/revisions\/8585"}],"wp:featuredmedia":[{"embeddable":true,"href":"https:\/\/imiapower.com\/fr\/wp-json\/wp\/v2\/media\/4583"}],"wp:attachment":[{"href":"https:\/\/imiapower.com\/fr\/wp-json\/wp\/v2\/media?parent=4653"}],"wp:term":[{"taxonomy":"product_cat","embeddable":true,"href":"https:\/\/imiapower.com\/fr\/wp-json\/wp\/v2\/product_cat?post=4653"},{"taxonomy":"product_tag","embeddable":true,"href":"https:\/\/imiapower.com\/fr\/wp-json\/wp\/v2\/product_tag?post=4653"}],"curies":[{"name":"wp","href":"https:\/\/api.w.org\/{rel}","templated":true}]}}