{"id":4661,"date":"2023-03-04T00:24:05","date_gmt":"2023-03-04T00:24:05","guid":{"rendered":"https:\/\/imia.com.cn\/?post_type=product&#038;p=4661"},"modified":"2024-08-16T09:00:33","modified_gmt":"2024-08-16T09:00:33","slug":"45w-wall-charger","status":"publish","type":"product","link":"https:\/\/imiapower.com\/fr\/products\/wall-charger\/45w-wall-charger\/","title":{"rendered":"Chargeur mural 45 W pas cher d&#039;un fournisseur chinois"},"content":{"rendered":"<ul>\n<li><strong>Chargeur mural 45W<\/strong><\/li>\n<li><strong>Sortir<\/strong> A+C 45W maximum<\/li>\n<li><strong>Type-C\u00a0:<\/strong> 5V3A\/9V3A\/12V3A\/15V3A\/20V2.25A PD45W<\/li>\n<li><strong>USB-A\u00a0:<\/strong>5V3A\/9V2A\/12V1,5A QC18W<\/li>\n<li><strong>Double sortie\u00a0:<\/strong>5V4A<\/li>\n<li><strong>Tension d&#039;entr\u00e9e:<\/strong> 100-240V<\/li>\n<li><strong>Fr\u00e9quence d&#039;entr\u00e9e\u00a0:<\/strong> 50\/60 Hz<\/li>\n<li><strong>Classe \u00e9nerg\u00e9tique :<\/strong> VI<\/li>\n<li><strong>Certification de s\u00e9curit\u00e9\u00a0:<\/strong> EN62368\u00a0:\u00a0FCC\/CE\/SAA<\/li>\n<li><strong>Taille am\u00e9ricaine\/CN\/JP\u00a0:<\/strong> 60*26*40mm<\/li>\n<li><strong>Taille UE\/KR\u00a0:<\/strong> 80*27*40mm<\/li>\n<li><strong>Taille UK:<\/strong> 75*27*39.5mm<\/li>\n<\/ul>","protected":false},"excerpt":{"rendered":"<p>Un chargeur USB de 45 W est le watt le plus vendu cette ann\u00e9e, car il charge rapidement et son prix n&#039;est pas si \u00e9lev\u00e9, il peut \u00eatre utilis\u00e9 pour les smartphones et les ordinateurs portables pour une charge rapide.<\/p>\n<p>La plupart des smartphones et tablettes modernes prennent en charge la charge rapide via USB-C, et ce chargeur mural de 45 W peut recharger rapidement ces appareils.<\/p>\n<p>De nombreux ordinateurs portables ultra-minces (comme le MacBook Air, le Dell XPS 13 ou le Microsoft Surface) peuvent se charger avec un chargeur USB-C de 45 W<\/p>","protected":false},"featured_media":4586,"comment_status":"closed","ping_status":"closed","template":"","meta":{"rank_math_lock_modified_date":false,"site-sidebar-layout":"default","site-content-layout":"default","ast-site-content-layout":"default","site-content-style":"default","site-sidebar-style":"default","ast-global-header-display":"","ast-banner-title-visibility":"","ast-main-header-display":"","ast-hfb-above-header-display":"","ast-hfb-below-header-display":"","ast-hfb-mobile-header-display":"","site-post-title":"","ast-breadcrumbs-content":"","ast-featured-img":"","footer-sml-layout":"","ast-disable-related-posts":"","theme-transparent-header-meta":"default","adv-header-id-meta":"","stick-header-meta":"","header-above-stick-meta":"","header-main-stick-meta":"","header-below-stick-meta":"","astra-migrate-meta-layouts":"set","ast-page-background-enabled":"default","ast-page-background-meta":{"desktop":{"background-color":"","background-image":"","background-repeat":"repeat","background-position":"center center","background-size":"auto","background-attachment":"scroll","background-type":"","background-media":"","overlay-type":"","overlay-color":"","overlay-opacity":"","overlay-gradient":""},"tablet":{"background-color":"","background-image":"","background-repeat":"repeat","background-position":"center center","background-size":"auto","background-attachment":"scroll","background-type":"","background-media":"","overlay-type":"","overlay-color":"","overlay-opacity":"","overlay-gradient":""},"mobile":{"background-color":"","background-image":"","background-repeat":"repeat","background-position":"center center","background-size":"auto","background-attachment":"scroll","background-type":"","background-media":"","overlay-type":"","overlay-color":"","overlay-opacity":"","overlay-gradient":""}},"ast-content-background-meta":{"desktop":{"background-color":"var(--ast-global-color-5)","background-image":"","background-repeat":"repeat","background-position":"center center","background-size":"auto","background-attachment":"scroll","background-type":"","background-media":"","overlay-type":"","overlay-color":"","overlay-opacity":"","overlay-gradient":""},"tablet":{"background-color":"var(--ast-global-color-5)","background-image":"","background-repeat":"repeat","background-position":"center center","background-size":"auto","background-attachment":"scroll","background-type":"","background-media":"","overlay-type":"","overlay-color":"","overlay-opacity":"","overlay-gradient":""},"mobile":{"background-color":"var(--ast-global-color-5)","background-image":"","background-repeat":"repeat","background-position":"center center","background-size":"auto","background-attachment":"scroll","background-type":"","background-media":"","overlay-type":"","overlay-color":"","overlay-opacity":"","overlay-gradient":""}}},"product_cat":[43],"product_tag":[],"class_list":{"0":"post-4661","1":"product","2":"type-product","3":"status-publish","4":"has-post-thumbnail","6":"product_cat-wall-charger","7":"desktop-align-center","8":"tablet-align-center","9":"mobile-align-center","11":"first","12":"instock","13":"shipping-taxable","14":"purchasable","15":"product-type-simple"},"_links":{"self":[{"href":"https:\/\/imiapower.com\/fr\/wp-json\/wp\/v2\/product\/4661","targetHints":{"allow":["GET"]}}],"collection":[{"href":"https:\/\/imiapower.com\/fr\/wp-json\/wp\/v2\/product"}],"about":[{"href":"https:\/\/imiapower.com\/fr\/wp-json\/wp\/v2\/types\/product"}],"replies":[{"embeddable":true,"href":"https:\/\/imiapower.com\/fr\/wp-json\/wp\/v2\/comments?post=4661"}],"version-history":[{"count":4,"href":"https:\/\/imiapower.com\/fr\/wp-json\/wp\/v2\/product\/4661\/revisions"}],"predecessor-version":[{"id":8280,"href":"https:\/\/imiapower.com\/fr\/wp-json\/wp\/v2\/product\/4661\/revisions\/8280"}],"wp:featuredmedia":[{"embeddable":true,"href":"https:\/\/imiapower.com\/fr\/wp-json\/wp\/v2\/media\/4586"}],"wp:attachment":[{"href":"https:\/\/imiapower.com\/fr\/wp-json\/wp\/v2\/media?parent=4661"}],"wp:term":[{"taxonomy":"product_cat","embeddable":true,"href":"https:\/\/imiapower.com\/fr\/wp-json\/wp\/v2\/product_cat?post=4661"},{"taxonomy":"product_tag","embeddable":true,"href":"https:\/\/imiapower.com\/fr\/wp-json\/wp\/v2\/product_tag?post=4661"}],"curies":[{"name":"wp","href":"https:\/\/api.w.org\/{rel}","templated":true}]}}