{"id":4667,"date":"2023-03-04T00:24:06","date_gmt":"2023-03-04T00:24:06","guid":{"rendered":"https:\/\/imia.com.cn\/?post_type=product&#038;p=4667"},"modified":"2025-09-30T03:22:16","modified_gmt":"2025-09-30T03:22:16","slug":"laptop-computer-charger","status":"publish","type":"product","link":"https:\/\/imiapower.com\/fr\/products\/power-adapter\/laptop-computer-charger\/","title":{"rendered":"Chargeur massif pour ordinateur portable 30w"},"content":{"rendered":"<ul>\n<li><strong>chargeur d&#039;ordinateur portable<\/strong><\/li>\n<li><strong>Sortir<\/strong> 12V2,5A 30W maximum<\/li>\n<li><strong>Tension d&#039;entr\u00e9e:<\/strong> 100-240V<\/li>\n<li><strong>Fr\u00e9quence d&#039;entr\u00e9e\u00a0:<\/strong> 50\/60 Hz<\/li>\n<li><strong>Classe \u00e9nerg\u00e9tique :<\/strong> VI<\/li>\n<li><strong>Certification de s\u00e9curit\u00e9\u00a0:<\/strong> EN62368\u00a0:\u00a0FCC\/CE\/SAA<\/li>\n<li><strong>Taille am\u00e9ricaine\/CN\/JP\u00a0:<\/strong> 60*26*40mm<\/li>\n<li><strong>Taille UE\/KR\u00a0:<\/strong> 80*27*40mm<\/li>\n<li><strong>Taille UK:<\/strong> 75*27*39.5mm<\/li>\n<\/ul>","protected":false},"excerpt":{"rendered":"<p>Choisir le bon chargeur pour ordinateur portable implique de garantir la compatibilit\u00e9 avec les besoins d&#039;alimentation de votre ordinateur portable, de choisir un produit fiable et s\u00fbr et d&#039;envisager des fonctionnalit\u00e9s suppl\u00e9mentaires qui am\u00e9liorent la commodit\u00e9 et la portabilit\u00e9. En vous concentrant sur ces aspects, vous pouvez trouver un chargeur fiable qui r\u00e9pond \u00e0 vos besoins et garantit le fonctionnement efficace de votre ordinateur portable.<\/p>","protected":false},"featured_media":4596,"comment_status":"closed","ping_status":"closed","template":"","meta":{"rank_math_lock_modified_date":false,"site-sidebar-layout":"default","site-content-layout":"default","ast-site-content-layout":"default","site-content-style":"default","site-sidebar-style":"default","ast-global-header-display":"","ast-banner-title-visibility":"","ast-main-header-display":"","ast-hfb-above-header-display":"","ast-hfb-below-header-display":"","ast-hfb-mobile-header-display":"","site-post-title":"","ast-breadcrumbs-content":"","ast-featured-img":"","footer-sml-layout":"","ast-disable-related-posts":"","theme-transparent-header-meta":"default","adv-header-id-meta":"","stick-header-meta":"","header-above-stick-meta":"","header-main-stick-meta":"","header-below-stick-meta":"","astra-migrate-meta-layouts":"set","ast-page-background-enabled":"default","ast-page-background-meta":{"desktop":{"background-color":"","background-image":"","background-repeat":"repeat","background-position":"center center","background-size":"auto","background-attachment":"scroll","background-type":"","background-media":"","overlay-type":"","overlay-color":"","overlay-opacity":"","overlay-gradient":""},"tablet":{"background-color":"","background-image":"","background-repeat":"repeat","background-position":"center center","background-size":"auto","background-attachment":"scroll","background-type":"","background-media":"","overlay-type":"","overlay-color":"","overlay-opacity":"","overlay-gradient":""},"mobile":{"background-color":"","background-image":"","background-repeat":"repeat","background-position":"center center","background-size":"auto","background-attachment":"scroll","background-type":"","background-media":"","overlay-type":"","overlay-color":"","overlay-opacity":"","overlay-gradient":""}},"ast-content-background-meta":{"desktop":{"background-color":"var(--ast-global-color-5)","background-image":"","background-repeat":"repeat","background-position":"center center","background-size":"auto","background-attachment":"scroll","background-type":"","background-media":"","overlay-type":"","overlay-color":"","overlay-opacity":"","overlay-gradient":""},"tablet":{"background-color":"var(--ast-global-color-5)","background-image":"","background-repeat":"repeat","background-position":"center center","background-size":"auto","background-attachment":"scroll","background-type":"","background-media":"","overlay-type":"","overlay-color":"","overlay-opacity":"","overlay-gradient":""},"mobile":{"background-color":"var(--ast-global-color-5)","background-image":"","background-repeat":"repeat","background-position":"center center","background-size":"auto","background-attachment":"scroll","background-type":"","background-media":"","overlay-type":"","overlay-color":"","overlay-opacity":"","overlay-gradient":""}}},"product_cat":[58],"product_tag":[],"class_list":{"0":"post-4667","1":"product","2":"type-product","3":"status-publish","4":"has-post-thumbnail","6":"product_cat-power-adapter","7":"desktop-align-center","8":"tablet-align-center","9":"mobile-align-center","11":"first","12":"instock","13":"shipping-taxable","14":"purchasable","15":"product-type-simple"},"_links":{"self":[{"href":"https:\/\/imiapower.com\/fr\/wp-json\/wp\/v2\/product\/4667","targetHints":{"allow":["GET"]}}],"collection":[{"href":"https:\/\/imiapower.com\/fr\/wp-json\/wp\/v2\/product"}],"about":[{"href":"https:\/\/imiapower.com\/fr\/wp-json\/wp\/v2\/types\/product"}],"replies":[{"embeddable":true,"href":"https:\/\/imiapower.com\/fr\/wp-json\/wp\/v2\/comments?post=4667"}],"version-history":[{"count":4,"href":"https:\/\/imiapower.com\/fr\/wp-json\/wp\/v2\/product\/4667\/revisions"}],"predecessor-version":[{"id":8165,"href":"https:\/\/imiapower.com\/fr\/wp-json\/wp\/v2\/product\/4667\/revisions\/8165"}],"wp:featuredmedia":[{"embeddable":true,"href":"https:\/\/imiapower.com\/fr\/wp-json\/wp\/v2\/media\/4596"}],"wp:attachment":[{"href":"https:\/\/imiapower.com\/fr\/wp-json\/wp\/v2\/media?parent=4667"}],"wp:term":[{"taxonomy":"product_cat","embeddable":true,"href":"https:\/\/imiapower.com\/fr\/wp-json\/wp\/v2\/product_cat?post=4667"},{"taxonomy":"product_tag","embeddable":true,"href":"https:\/\/imiapower.com\/fr\/wp-json\/wp\/v2\/product_tag?post=4667"}],"curies":[{"name":"wp","href":"https:\/\/api.w.org\/{rel}","templated":true}]}}