{"id":4669,"date":"2023-03-04T00:24:06","date_gmt":"2023-03-04T00:24:06","guid":{"rendered":"https:\/\/imia.com.cn\/?post_type=product&#038;p=4669"},"modified":"2024-07-25T07:49:43","modified_gmt":"2024-07-25T07:49:43","slug":"lightning-to-usb-cable","status":"publish","type":"product","link":"https:\/\/imiapower.com\/fr\/products\/usb-cable\/lightning-to-usb-cable\/","title":{"rendered":"C\u00e2ble Lightning vers USB puissant en provenance de Chine"},"content":{"rendered":"<ul>\n<li><strong>c\u00e2ble Lightning vers USB<\/strong><\/li>\n<li><strong>C\u00e2ble Lightning Huawei\u00a0:<\/strong> USB-A vers Lightning 20 W maximum<\/li>\n<li><strong>Sp\u00e9cification:<\/strong> OD3.8, 1M<\/li>\n<li><strong>Couleur:<\/strong> Blanc noir.<\/li>\n<li><strong>Mat\u00e9riel:<\/strong> TPE, tiss\u00e9, nylon.<\/li>\n<li><strong>Mat\u00e9riau du bouchon\u00a0:<\/strong> USB en cuivre avec violet.<\/li>\n<li><strong>Fonction:<\/strong> Transfert de donn\u00e9es, charge rapide<\/li>\n<\/ul>","protected":false},"excerpt":{"rendered":"<p>Un c\u00e2ble Lightning vers USB est un accessoire indispensable pour charger et synchroniser les appareils Apple. Le choix d&#039;un c\u00e2ble de haute qualit\u00e9 garantit une compatibilit\u00e9 et des performances fiables. Avec diverses options disponibles en diff\u00e9rentes longueurs et qualit\u00e9s de fabrication, vous pouvez trouver un c\u00e2ble qui r\u00e9pond \u00e0 vos besoins pour un usage quotidien ou en voyage.<\/p>","protected":false},"featured_media":4598,"comment_status":"closed","ping_status":"closed","template":"","meta":{"rank_math_lock_modified_date":false,"site-sidebar-layout":"default","site-content-layout":"default","ast-site-content-layout":"default","site-content-style":"default","site-sidebar-style":"default","ast-global-header-display":"","ast-banner-title-visibility":"","ast-main-header-display":"","ast-hfb-above-header-display":"","ast-hfb-below-header-display":"","ast-hfb-mobile-header-display":"","site-post-title":"","ast-breadcrumbs-content":"","ast-featured-img":"","footer-sml-layout":"","ast-disable-related-posts":"","theme-transparent-header-meta":"default","adv-header-id-meta":"","stick-header-meta":"","header-above-stick-meta":"","header-main-stick-meta":"","header-below-stick-meta":"","astra-migrate-meta-layouts":"set","ast-page-background-enabled":"default","ast-page-background-meta":{"desktop":{"background-color":"","background-image":"","background-repeat":"repeat","background-position":"center center","background-size":"auto","background-attachment":"scroll","background-type":"","background-media":"","overlay-type":"","overlay-color":"","overlay-opacity":"","overlay-gradient":""},"tablet":{"background-color":"","background-image":"","background-repeat":"repeat","background-position":"center center","background-size":"auto","background-attachment":"scroll","background-type":"","background-media":"","overlay-type":"","overlay-color":"","overlay-opacity":"","overlay-gradient":""},"mobile":{"background-color":"","background-image":"","background-repeat":"repeat","background-position":"center center","background-size":"auto","background-attachment":"scroll","background-type":"","background-media":"","overlay-type":"","overlay-color":"","overlay-opacity":"","overlay-gradient":""}},"ast-content-background-meta":{"desktop":{"background-color":"var(--ast-global-color-5)","background-image":"","background-repeat":"repeat","background-position":"center center","background-size":"auto","background-attachment":"scroll","background-type":"","background-media":"","overlay-type":"","overlay-color":"","overlay-opacity":"","overlay-gradient":""},"tablet":{"background-color":"var(--ast-global-color-5)","background-image":"","background-repeat":"repeat","background-position":"center center","background-size":"auto","background-attachment":"scroll","background-type":"","background-media":"","overlay-type":"","overlay-color":"","overlay-opacity":"","overlay-gradient":""},"mobile":{"background-color":"var(--ast-global-color-5)","background-image":"","background-repeat":"repeat","background-position":"center center","background-size":"auto","background-attachment":"scroll","background-type":"","background-media":"","overlay-type":"","overlay-color":"","overlay-opacity":"","overlay-gradient":""}}},"product_cat":[60],"product_tag":[],"class_list":{"0":"post-4669","1":"product","2":"type-product","3":"status-publish","4":"has-post-thumbnail","6":"product_cat-usb-cable","7":"desktop-align-center","8":"tablet-align-center","9":"mobile-align-center","11":"first","12":"instock","13":"shipping-taxable","14":"purchasable","15":"product-type-simple"},"_links":{"self":[{"href":"https:\/\/imiapower.com\/fr\/wp-json\/wp\/v2\/product\/4669","targetHints":{"allow":["GET"]}}],"collection":[{"href":"https:\/\/imiapower.com\/fr\/wp-json\/wp\/v2\/product"}],"about":[{"href":"https:\/\/imiapower.com\/fr\/wp-json\/wp\/v2\/types\/product"}],"replies":[{"embeddable":true,"href":"https:\/\/imiapower.com\/fr\/wp-json\/wp\/v2\/comments?post=4669"}],"version-history":[{"count":2,"href":"https:\/\/imiapower.com\/fr\/wp-json\/wp\/v2\/product\/4669\/revisions"}],"predecessor-version":[{"id":8169,"href":"https:\/\/imiapower.com\/fr\/wp-json\/wp\/v2\/product\/4669\/revisions\/8169"}],"wp:featuredmedia":[{"embeddable":true,"href":"https:\/\/imiapower.com\/fr\/wp-json\/wp\/v2\/media\/4598"}],"wp:attachment":[{"href":"https:\/\/imiapower.com\/fr\/wp-json\/wp\/v2\/media?parent=4669"}],"wp:term":[{"taxonomy":"product_cat","embeddable":true,"href":"https:\/\/imiapower.com\/fr\/wp-json\/wp\/v2\/product_cat?post=4669"},{"taxonomy":"product_tag","embeddable":true,"href":"https:\/\/imiapower.com\/fr\/wp-json\/wp\/v2\/product_tag?post=4669"}],"curies":[{"name":"wp","href":"https:\/\/api.w.org\/{rel}","templated":true}]}}