{"id":6433,"date":"2023-06-08T08:40:22","date_gmt":"2023-06-08T08:40:22","guid":{"rendered":"https:\/\/imia.com.cn\/?post_type=product&#038;p=6433"},"modified":"2024-12-09T08:23:04","modified_gmt":"2024-12-09T08:23:04","slug":"fast-charger","status":"publish","type":"product","link":"https:\/\/imiapower.com\/fr\/products\/wall-charger\/fast-charger\/","title":{"rendered":"Chargeur rapide USB 65 W GaN Tech"},"content":{"rendered":"<ul>\n<li><strong>Chargeur rapide<\/strong><\/li>\n<li><strong>Saisir :<\/strong> 110-240 V CA 50-60 Hz 1,5 A.<\/li>\n<li><strong>DC. Sortir:<\/strong> Type C1\u00a0: 5V3A 9V3A 12V3A 15V3A 20V3,25A (MAX65W) Type C2\u00a0: 5V3A 9V3A 15V3A 20V2,25A (MAX45W) USB\u00a0: 5V3A 9V2A 12V 1,5A (18W) C1+C2\u00a0:45W+18W (MAX 63w) C1 +A : 45W+18W (MAX63W) C2+A:5V4,5A MAX22,5W :<\/li>\n<li><strong>Accord de support\u00a0:<\/strong> QC4.0+,PD3.0,,QC2.0SCP,FCP.AFC,PPS APPLE 2.4A.MTK PE<\/li>\n<li><strong>Mat\u00e9riel:<\/strong> Mat\u00e9riau ignifuge PC, qualit\u00e9 VO UL94.<\/li>\n<\/ul>","protected":false},"excerpt":{"rendered":"<p>Chargeur rapide Entr\u00e9e : 110-240V AC 50-60HZ 1,5A. DC. Sortie : Type C1 : 5 V 3 A, 9 V 3 A, 12 V 3 A, 15 V 3 A, 20 V 3,25 A (MAX 65 W) Type C2 : 5 V 3 A, 9 V 3 A, 15 V 3 A, 20 V 2,25 A (MAX 45 W) USB : 5 V 3 A, 9 V 2 A, 12 V 1,5 A (18 W) C1+C2 : 45 W + 18 W (MAX 63 W) C1+A : 45 W + 18 W (MAX 63 W) C2+A : 5 V 4,5 A, MAX 22,5 W : Accord de prise en charge : QC4.0+, PD3.0, QC2.0SCP, FCP. AFC, PPS APPLE 2,4 A. MTK PE Mat\u00e9riau : mat\u00e9riau ignifuge PC, qualit\u00e9 VO UL94.<\/p>","protected":false},"featured_media":6440,"comment_status":"closed","ping_status":"closed","template":"","meta":{"rank_math_lock_modified_date":false,"site-sidebar-layout":"default","site-content-layout":"default","ast-site-content-layout":"default","site-content-style":"default","site-sidebar-style":"default","ast-global-header-display":"","ast-banner-title-visibility":"","ast-main-header-display":"","ast-hfb-above-header-display":"","ast-hfb-below-header-display":"","ast-hfb-mobile-header-display":"","site-post-title":"","ast-breadcrumbs-content":"","ast-featured-img":"","footer-sml-layout":"","ast-disable-related-posts":"","theme-transparent-header-meta":"default","adv-header-id-meta":"","stick-header-meta":"","header-above-stick-meta":"","header-main-stick-meta":"","header-below-stick-meta":"","astra-migrate-meta-layouts":"set","ast-page-background-enabled":"default","ast-page-background-meta":{"desktop":{"background-color":"","background-image":"","background-repeat":"repeat","background-position":"center center","background-size":"auto","background-attachment":"scroll","background-type":"","background-media":"","overlay-type":"","overlay-color":"","overlay-opacity":"","overlay-gradient":""},"tablet":{"background-color":"","background-image":"","background-repeat":"repeat","background-position":"center center","background-size":"auto","background-attachment":"scroll","background-type":"","background-media":"","overlay-type":"","overlay-color":"","overlay-opacity":"","overlay-gradient":""},"mobile":{"background-color":"","background-image":"","background-repeat":"repeat","background-position":"center center","background-size":"auto","background-attachment":"scroll","background-type":"","background-media":"","overlay-type":"","overlay-color":"","overlay-opacity":"","overlay-gradient":""}},"ast-content-background-meta":{"desktop":{"background-color":"var(--ast-global-color-5)","background-image":"","background-repeat":"repeat","background-position":"center center","background-size":"auto","background-attachment":"scroll","background-type":"","background-media":"","overlay-type":"","overlay-color":"","overlay-opacity":"","overlay-gradient":""},"tablet":{"background-color":"var(--ast-global-color-5)","background-image":"","background-repeat":"repeat","background-position":"center center","background-size":"auto","background-attachment":"scroll","background-type":"","background-media":"","overlay-type":"","overlay-color":"","overlay-opacity":"","overlay-gradient":""},"mobile":{"background-color":"var(--ast-global-color-5)","background-image":"","background-repeat":"repeat","background-position":"center center","background-size":"auto","background-attachment":"scroll","background-type":"","background-media":"","overlay-type":"","overlay-color":"","overlay-opacity":"","overlay-gradient":""}}},"product_cat":[43],"product_tag":[],"class_list":{"0":"post-6433","1":"product","2":"type-product","3":"status-publish","4":"has-post-thumbnail","6":"product_cat-wall-charger","7":"desktop-align-center","8":"tablet-align-center","9":"mobile-align-center","11":"first","12":"instock","13":"shipping-taxable","14":"product-type-simple"},"_links":{"self":[{"href":"https:\/\/imiapower.com\/fr\/wp-json\/wp\/v2\/product\/6433","targetHints":{"allow":["GET"]}}],"collection":[{"href":"https:\/\/imiapower.com\/fr\/wp-json\/wp\/v2\/product"}],"about":[{"href":"https:\/\/imiapower.com\/fr\/wp-json\/wp\/v2\/types\/product"}],"replies":[{"embeddable":true,"href":"https:\/\/imiapower.com\/fr\/wp-json\/wp\/v2\/comments?post=6433"}],"version-history":[{"count":1,"href":"https:\/\/imiapower.com\/fr\/wp-json\/wp\/v2\/product\/6433\/revisions"}],"predecessor-version":[{"id":7805,"href":"https:\/\/imiapower.com\/fr\/wp-json\/wp\/v2\/product\/6433\/revisions\/7805"}],"wp:featuredmedia":[{"embeddable":true,"href":"https:\/\/imiapower.com\/fr\/wp-json\/wp\/v2\/media\/6440"}],"wp:attachment":[{"href":"https:\/\/imiapower.com\/fr\/wp-json\/wp\/v2\/media?parent=6433"}],"wp:term":[{"taxonomy":"product_cat","embeddable":true,"href":"https:\/\/imiapower.com\/fr\/wp-json\/wp\/v2\/product_cat?post=6433"},{"taxonomy":"product_tag","embeddable":true,"href":"https:\/\/imiapower.com\/fr\/wp-json\/wp\/v2\/product_tag?post=6433"}],"curies":[{"name":"wp","href":"https:\/\/api.w.org\/{rel}","templated":true}]}}