{"id":6477,"date":"2024-01-22T04:10:39","date_gmt":"2024-01-22T04:10:39","guid":{"rendered":"https:\/\/imia.com.cn\/?post_type=product&#038;p=6477"},"modified":"2024-11-12T09:56:59","modified_gmt":"2024-11-12T09:56:59","slug":"best-travel-power-adapter-converterter","status":"publish","type":"product","link":"https:\/\/imiapower.com\/fr\/products\/travel-adapter\/best-travel-power-adapter-converterter\/","title":{"rendered":"Meilleure usine de convertisseur d&#039;adaptateur secteur de voyage en Chine"},"content":{"rendered":"<ul>\n<li><strong>Meilleur convertisseur d&#039;adaptateur secteur de voyage<\/strong><\/li>\n<li><strong>Entr\u00e9e CA\u00a0:<\/strong>100 ~ 250 V\/CA 50-60 Hz<\/li>\n<li><strong>Sortie CA\u00a0:<\/strong> 6A maximum (660W\/110V ou 1440W\/240V)<\/li>\n<li><strong>Prise:<\/strong> UE\/AU\/Royaume-Uni\/\u00c9tats-Unis<\/li>\n<li><strong>Couleur: <\/strong>Blanc noir<\/li>\n<li><strong>Taille:<\/strong> 50*40*75mm<\/li>\n<li><strong>Mat\u00e9riel:<\/strong> ABS + cuivre m\u00e9tal<\/li>\n<li><strong>Note:<\/strong> Le tout-en-un peut \u00eatre utilis\u00e9 dans plus de 170 pays<\/li>\n<li><strong>Certificat :<\/strong>\u00a0 CE, RoHS<\/li>\n<\/ul>\n<p>&nbsp;<\/p>","protected":false},"excerpt":{"rendered":"<p>Il s&#039;agit d&#039;un produit n\u00e9cessaire pour voyager dans diff\u00e9rents pays, car dans d&#039;autres pays, la prise de charge est diff\u00e9rente, cet adaptateur comprenant les prises UE, US, AUS et UK peut r\u00e9pondre aux demandes de prise de la plupart des pays<\/p>\n<p>Ce meilleur convertisseur d&#039;adaptateur secteur de voyage <span style=\"font-size: 16px;\">est le mod\u00e8le le plus ancien et dispose \u00e9galement d&#039;une version mise \u00e0 jour avec un double port de chargement USB qui peut charger les smartphones, les ordinateurs portables et certains autres gadgets \u00e9lectroniques avec commodit\u00e9<\/span><\/p>\n<p>Meilleur convertisseur de tension de voyage pour fer \u00e0 friser<\/p>\n<p>Quel est l&#039;avantage du meilleur convertisseur de puissance de voyage ?<\/p>\n<p>Compatible avec de nombreuses prises internationales. Les adaptateurs int\u00e9gr\u00e9s aux ports USB permettent de charger simultan\u00e9ment plusieurs appareils. Un v\u00e9ritable plus pour les voyageurs f\u00e9rus de technologie.<\/p>\n<p>Meilleur convertisseur d&#039;adaptateur de voyage de Chine<\/p>\n<p>Si vous recherchez le meilleur convertisseur d&#039;adaptateur de voyage de Chine, l&#039;adaptateur Imia est le meilleur. Connu pour sa qualit\u00e9 et sa polyvalence, il est devenu de plus en plus populaire en Chine. De plus, Imia allie fonctionnalit\u00e9 et durabilit\u00e9. Ce qui en fait m\u00eame un excellent choix pour les aventures internationales.<\/p>\n<p>Quelques inconv\u00e9nients du meilleur convertisseur d&#039;adaptateur de voyage pour l&#039;Europe<\/p>\n<p>Les adaptateurs et convertisseurs de voyage sont certes indispensables pour les voyages en Europe, mais ils pr\u00e9sentent quelques probl\u00e8mes.<\/p>\n<p>Signes du meilleur convertisseur d&#039;adaptateur secteur de voyage<\/p>\n<p>Ainsi, choisir le meilleur convertisseur d&#039;adaptateur de voyage pour l&#039;Europe est tr\u00e8s important. Un meilleur convertisseur d&#039;adaptateur de voyage peut r\u00e9duire vos tracas pour l&#039;aventure europ\u00e9enne.<\/p>\n<p>Certaines des meilleures soci\u00e9t\u00e9s de convertisseurs de puissance les plus populaires<\/p>\n<p>Plusieurs entreprises r\u00e9put\u00e9es sont connues pour produire des convertisseurs de puissance et des adaptateurs de voyage de haute qualit\u00e9 :<\/p>\n<p>Toutes ces marques sont devenues populaires tr\u00e8s t\u00f4t pour leurs performances.<\/p>\n<p>&nbsp;<\/p>","protected":false},"featured_media":6480,"comment_status":"closed","ping_status":"closed","template":"","meta":{"rank_math_lock_modified_date":false,"site-sidebar-layout":"default","site-content-layout":"","ast-site-content-layout":"default","site-content-style":"default","site-sidebar-style":"default","ast-global-header-display":"","ast-banner-title-visibility":"","ast-main-header-display":"","ast-hfb-above-header-display":"","ast-hfb-below-header-display":"","ast-hfb-mobile-header-display":"","site-post-title":"","ast-breadcrumbs-content":"","ast-featured-img":"","footer-sml-layout":"","ast-disable-related-posts":"","theme-transparent-header-meta":"default","adv-header-id-meta":"","stick-header-meta":"","header-above-stick-meta":"","header-main-stick-meta":"","header-below-stick-meta":"","astra-migrate-meta-layouts":"set","ast-page-background-enabled":"default","ast-page-background-meta":{"desktop":{"background-color":"","background-image":"","background-repeat":"repeat","background-position":"center center","background-size":"auto","background-attachment":"scroll","background-type":"","background-media":"","overlay-type":"","overlay-color":"","overlay-opacity":"","overlay-gradient":""},"tablet":{"background-color":"","background-image":"","background-repeat":"repeat","background-position":"center center","background-size":"auto","background-attachment":"scroll","background-type":"","background-media":"","overlay-type":"","overlay-color":"","overlay-opacity":"","overlay-gradient":""},"mobile":{"background-color":"","background-image":"","background-repeat":"repeat","background-position":"center center","background-size":"auto","background-attachment":"scroll","background-type":"","background-media":"","overlay-type":"","overlay-color":"","overlay-opacity":"","overlay-gradient":""}},"ast-content-background-meta":{"desktop":{"background-color":"var(--ast-global-color-5)","background-image":"","background-repeat":"repeat","background-position":"center center","background-size":"auto","background-attachment":"scroll","background-type":"","background-media":"","overlay-type":"","overlay-color":"","overlay-opacity":"","overlay-gradient":""},"tablet":{"background-color":"var(--ast-global-color-5)","background-image":"","background-repeat":"repeat","background-position":"center center","background-size":"auto","background-attachment":"scroll","background-type":"","background-media":"","overlay-type":"","overlay-color":"","overlay-opacity":"","overlay-gradient":""},"mobile":{"background-color":"var(--ast-global-color-5)","background-image":"","background-repeat":"repeat","background-position":"center center","background-size":"auto","background-attachment":"scroll","background-type":"","background-media":"","overlay-type":"","overlay-color":"","overlay-opacity":"","overlay-gradient":""}}},"product_cat":[64],"product_tag":[],"class_list":{"0":"post-6477","1":"product","2":"type-product","3":"status-publish","4":"has-post-thumbnail","6":"product_cat-travel-adapter","7":"desktop-align-center","8":"tablet-align-center","9":"mobile-align-center","11":"first","12":"instock","13":"shipping-taxable","14":"product-type-simple"},"_links":{"self":[{"href":"https:\/\/imiapower.com\/fr\/wp-json\/wp\/v2\/product\/6477","targetHints":{"allow":["GET"]}}],"collection":[{"href":"https:\/\/imiapower.com\/fr\/wp-json\/wp\/v2\/product"}],"about":[{"href":"https:\/\/imiapower.com\/fr\/wp-json\/wp\/v2\/types\/product"}],"replies":[{"embeddable":true,"href":"https:\/\/imiapower.com\/fr\/wp-json\/wp\/v2\/comments?post=6477"}],"version-history":[{"count":14,"href":"https:\/\/imiapower.com\/fr\/wp-json\/wp\/v2\/product\/6477\/revisions"}],"predecessor-version":[{"id":8676,"href":"https:\/\/imiapower.com\/fr\/wp-json\/wp\/v2\/product\/6477\/revisions\/8676"}],"wp:featuredmedia":[{"embeddable":true,"href":"https:\/\/imiapower.com\/fr\/wp-json\/wp\/v2\/media\/6480"}],"wp:attachment":[{"href":"https:\/\/imiapower.com\/fr\/wp-json\/wp\/v2\/media?parent=6477"}],"wp:term":[{"taxonomy":"product_cat","embeddable":true,"href":"https:\/\/imiapower.com\/fr\/wp-json\/wp\/v2\/product_cat?post=6477"},{"taxonomy":"product_tag","embeddable":true,"href":"https:\/\/imiapower.com\/fr\/wp-json\/wp\/v2\/product_tag?post=6477"}],"curies":[{"name":"wp","href":"https:\/\/api.w.org\/{rel}","templated":true}]}}