{"id":6493,"date":"2024-01-26T02:56:03","date_gmt":"2024-01-26T02:56:03","guid":{"rendered":"https:\/\/imia.com.cn\/?post_type=product&#038;p=6493"},"modified":"2025-09-30T02:54:48","modified_gmt":"2025-09-30T02:54:48","slug":"european-travel-plug-adapter","status":"publish","type":"product","link":"https:\/\/imiapower.com\/fr\/products\/travel-adapter\/european-travel-plug-adapter\/","title":{"rendered":"Adaptateur prise de voyage europ\u00e9enne 33w type A type C EU"},"content":{"rendered":"<ul>\n<li><strong>Adaptateur de prise de voyage europ\u00e9en<\/strong><\/li>\n<li><strong>Entr\u00e9e CA\u00a0:<\/strong> 100 ~ 250 V\/CA 50-60 Hz<\/li>\n<li><strong>Sortie CA\u00a0:<\/strong> 6A maximum (660W\/110V ou 1440W\/240V)<\/li>\n<li><strong>Sortie USB1+USB2 :<\/strong>5 V 3 A, 9 V 2 A, 12 V 1,66 A (QC 3.0 18 W)<\/li>\n<li><strong>Tapez C1 :<\/strong> 5V3A, 9V3A, 12V2,5A (maximum 33W)<\/li>\n<li><strong>Sortie PD de type C2 :<\/strong> 5V3A Taille : 50x70x55 mm<\/li>\n<li><strong>Mat\u00e9riel :<\/strong> PC cuit + m\u00e9tal de cuivre<\/li>\n<li><strong>Note:<\/strong> EU\/AU\/UK\/US tout-en-un peut \u00eatre utilis\u00e9 dans plus de 170 pays<\/li>\n<li><strong>Certificat :<\/strong> CE, RoHS<\/li>\n<\/ul>","protected":false},"excerpt":{"rendered":"<p>Adaptateur de prise de voyage universel europ\u00e9en, c&#039;est le meilleur compagnon de voyage pour la plupart des individus car il vous pr\u00e9pare \u00e0 tout besoin de charge ou d&#039;alimentation. Adaptateur de voyage universel permettant de connecter l&#039;\u00e9quipement \u00e0 double tension d&#039;un pays, tel qu&#039;un transformateur ou un convertisseur, \u00e0 une prise de courant<\/p>","protected":false},"featured_media":6494,"comment_status":"closed","ping_status":"closed","template":"","meta":{"rank_math_lock_modified_date":false,"site-sidebar-layout":"default","site-content-layout":"","ast-site-content-layout":"default","site-content-style":"default","site-sidebar-style":"default","ast-global-header-display":"","ast-banner-title-visibility":"","ast-main-header-display":"","ast-hfb-above-header-display":"","ast-hfb-below-header-display":"","ast-hfb-mobile-header-display":"","site-post-title":"","ast-breadcrumbs-content":"","ast-featured-img":"","footer-sml-layout":"","ast-disable-related-posts":"","theme-transparent-header-meta":"default","adv-header-id-meta":"","stick-header-meta":"","header-above-stick-meta":"","header-main-stick-meta":"","header-below-stick-meta":"","astra-migrate-meta-layouts":"set","ast-page-background-enabled":"default","ast-page-background-meta":{"desktop":{"background-color":"","background-image":"","background-repeat":"repeat","background-position":"center center","background-size":"auto","background-attachment":"scroll","background-type":"","background-media":"","overlay-type":"","overlay-color":"","overlay-opacity":"","overlay-gradient":""},"tablet":{"background-color":"","background-image":"","background-repeat":"repeat","background-position":"center center","background-size":"auto","background-attachment":"scroll","background-type":"","background-media":"","overlay-type":"","overlay-color":"","overlay-opacity":"","overlay-gradient":""},"mobile":{"background-color":"","background-image":"","background-repeat":"repeat","background-position":"center center","background-size":"auto","background-attachment":"scroll","background-type":"","background-media":"","overlay-type":"","overlay-color":"","overlay-opacity":"","overlay-gradient":""}},"ast-content-background-meta":{"desktop":{"background-color":"var(--ast-global-color-5)","background-image":"","background-repeat":"repeat","background-position":"center center","background-size":"auto","background-attachment":"scroll","background-type":"","background-media":"","overlay-type":"","overlay-color":"","overlay-opacity":"","overlay-gradient":""},"tablet":{"background-color":"var(--ast-global-color-5)","background-image":"","background-repeat":"repeat","background-position":"center center","background-size":"auto","background-attachment":"scroll","background-type":"","background-media":"","overlay-type":"","overlay-color":"","overlay-opacity":"","overlay-gradient":""},"mobile":{"background-color":"var(--ast-global-color-5)","background-image":"","background-repeat":"repeat","background-position":"center center","background-size":"auto","background-attachment":"scroll","background-type":"","background-media":"","overlay-type":"","overlay-color":"","overlay-opacity":"","overlay-gradient":""}}},"product_cat":[64],"product_tag":[],"class_list":{"0":"post-6493","1":"product","2":"type-product","3":"status-publish","4":"has-post-thumbnail","6":"product_cat-travel-adapter","7":"desktop-align-center","8":"tablet-align-center","9":"mobile-align-center","11":"first","12":"instock","13":"shipping-taxable","14":"product-type-simple"},"_links":{"self":[{"href":"https:\/\/imiapower.com\/fr\/wp-json\/wp\/v2\/product\/6493","targetHints":{"allow":["GET"]}}],"collection":[{"href":"https:\/\/imiapower.com\/fr\/wp-json\/wp\/v2\/product"}],"about":[{"href":"https:\/\/imiapower.com\/fr\/wp-json\/wp\/v2\/types\/product"}],"replies":[{"embeddable":true,"href":"https:\/\/imiapower.com\/fr\/wp-json\/wp\/v2\/comments?post=6493"}],"version-history":[{"count":1,"href":"https:\/\/imiapower.com\/fr\/wp-json\/wp\/v2\/product\/6493\/revisions"}],"predecessor-version":[{"id":9200,"href":"https:\/\/imiapower.com\/fr\/wp-json\/wp\/v2\/product\/6493\/revisions\/9200"}],"wp:featuredmedia":[{"embeddable":true,"href":"https:\/\/imiapower.com\/fr\/wp-json\/wp\/v2\/media\/6494"}],"wp:attachment":[{"href":"https:\/\/imiapower.com\/fr\/wp-json\/wp\/v2\/media?parent=6493"}],"wp:term":[{"taxonomy":"product_cat","embeddable":true,"href":"https:\/\/imiapower.com\/fr\/wp-json\/wp\/v2\/product_cat?post=6493"},{"taxonomy":"product_tag","embeddable":true,"href":"https:\/\/imiapower.com\/fr\/wp-json\/wp\/v2\/product_tag?post=6493"}],"curies":[{"name":"wp","href":"https:\/\/api.w.org\/{rel}","templated":true}]}}