{"id":6495,"date":"2024-01-26T03:06:36","date_gmt":"2024-01-26T03:06:36","guid":{"rendered":"https:\/\/imia.com.cn\/?post_type=product&#038;p=6495"},"modified":"2025-09-30T02:56:01","modified_gmt":"2025-09-30T02:56:01","slug":"best-travel-power-adapter","status":"publish","type":"product","link":"https:\/\/imiapower.com\/fr\/products\/travel-adapter\/best-travel-power-adapter\/","title":{"rendered":"Meilleur adaptateur secteur de voyage chargeur rapide 33w"},"content":{"rendered":"<ul>\n<li><strong>Meilleur adaptateur secteur de voyage<\/strong><\/li>\n<li><strong>Saisir :<\/strong>100-250 V\/0,8 A maximum 50\/60 Hz<\/li>\n<li><strong>Sortir<\/strong> Type C1\u00a0: 5V3A, 9V3A, 12V2,5A, 15V2A, 20V1,5A MAX 30W<\/li>\n<li><strong>PP\u00a0:<\/strong> 3,3-11V3A, 3,3-16V2A maximum 33W<\/li>\n<li><strong>Type-C2\/C3\u00a0:<\/strong> 5V3A MAX 15W<\/li>\n<li><strong>USB1\/USB2\u00a0:<\/strong> 5V2,4A MAX 12W<\/li>\n<li><strong>Type-C1 + Type-C2\/C3\u00a0:<\/strong> PD18W+12W<\/li>\n<li><strong>Type C1 + USB\u00a0:<\/strong> PD18W+12W<\/li>\n<li><strong>Production totale :<\/strong>MAX 33W Taille : 50x70x65 mm<\/li>\n<li><strong>Mat\u00e9riel:<\/strong> PC cuit + m\u00e9tal Cooper<\/li>\n<li><strong>Note:<\/strong> Le tout-en-un UE\/AU\/Royaume-Uni\/\u00c9tats-Unis peut \u00eatre utilis\u00e9 dans plus de 170 pays<\/li>\n<li><strong>Certificat :<\/strong> CE, Rohs, FCC, UKCA, Reach, ERP<\/li>\n<\/ul>","protected":false},"excerpt":{"rendered":"<p><img fetchpriority=\"high\" decoding=\"async\" class=\"alignnone wp-image-8697 size-full\" src=\"https:\/\/imiapower.com\/wp-content\/uploads\/Universal-Travel-Adapter-2-1.jpg\" alt=\"Meilleur adaptateur secteur de voyage\" width=\"800\" height=\"800\" srcset=\"https:\/\/imiapower.com\/wp-content\/uploads\/Universal-Travel-Adapter-2-1.jpg 800w, https:\/\/imiapower.com\/wp-content\/uploads\/Universal-Travel-Adapter-2-1-300x300.jpg 300w, https:\/\/imiapower.com\/wp-content\/uploads\/Universal-Travel-Adapter-2-1-100x100.jpg 100w, https:\/\/imiapower.com\/wp-content\/uploads\/Universal-Travel-Adapter-2-1-600x600.jpg 600w, https:\/\/imiapower.com\/wp-content\/uploads\/Universal-Travel-Adapter-2-1-64x64.jpg 64w, https:\/\/imiapower.com\/wp-content\/uploads\/Universal-Travel-Adapter-2-1-150x150.jpg 150w, https:\/\/imiapower.com\/wp-content\/uploads\/Universal-Travel-Adapter-2-1-768x768.jpg 768w, https:\/\/imiapower.com\/wp-content\/uploads\/Universal-Travel-Adapter-2-1-12x12.jpg 12w\" sizes=\"(max-width: 800px) 100vw, 800px\" \/><\/p>\n<p>Adaptateur de voyage universel, c&#039;est le meilleur compagnon de voyage pour la plupart des individus car il vous pr\u00e9pare \u00e0 tout besoin de charge ou d&#039;alimentation. Les adaptateurs de voyage universels permettent \u00e0 l&#039;\u00e9quipement \u00e0 double tension d&#039;un pays, tel qu&#039;un transformateur ou un convertisseur, de se connecter \u00e0 une prise de courant<\/p>\n<p>Cet adaptateur de voyage peut \u00eatre compatible avec une prise \u00ab\u00a0petite Afrique du Sud\u00a0\u00bb que d&#039;autres fabricants ne peuvent pas<\/p>\n<p>Cet adaptateur de voyage est un mod\u00e8le mis \u00e0 la terre, prise britannique, nous utilisons du cuivre tandis que d&#039;autres utilisent du plastique.<\/p>\n<p>Cet adaptateur de voyage utilise une tension sauvage, la prise peut s&#039;adapter \u00e0 la prise d&#039;un s\u00e8che-cheveux, d&#039;un fer \u00e0 friser et de certains autres petits appareils \u00e9lectrom\u00e9nagers.<\/p>\n<p>Pour cet adaptateur de voyage, nous avons obtenu diverses certifications qui r\u00e9pondent aux normes de diff\u00e9rents pays<\/p>\n<p>Cet adaptateur de voyage accepte la conception de logo personnalis\u00e9, et la position de conception du logo a une LED d&#039;affichage num\u00e9rique, ce qui rendra le logo fantastique<\/p>\n<p>&nbsp;<\/p>\n<p>&nbsp;<\/p>","protected":false},"featured_media":7455,"comment_status":"closed","ping_status":"closed","template":"","meta":{"rank_math_lock_modified_date":false,"site-sidebar-layout":"default","site-content-layout":"","ast-site-content-layout":"default","site-content-style":"default","site-sidebar-style":"default","ast-global-header-display":"","ast-banner-title-visibility":"","ast-main-header-display":"","ast-hfb-above-header-display":"","ast-hfb-below-header-display":"","ast-hfb-mobile-header-display":"","site-post-title":"","ast-breadcrumbs-content":"","ast-featured-img":"","footer-sml-layout":"","ast-disable-related-posts":"","theme-transparent-header-meta":"default","adv-header-id-meta":"","stick-header-meta":"","header-above-stick-meta":"","header-main-stick-meta":"","header-below-stick-meta":"","astra-migrate-meta-layouts":"set","ast-page-background-enabled":"default","ast-page-background-meta":{"desktop":{"background-color":"","background-image":"","background-repeat":"repeat","background-position":"center center","background-size":"auto","background-attachment":"scroll","background-type":"","background-media":"","overlay-type":"","overlay-color":"","overlay-opacity":"","overlay-gradient":""},"tablet":{"background-color":"","background-image":"","background-repeat":"repeat","background-position":"center center","background-size":"auto","background-attachment":"scroll","background-type":"","background-media":"","overlay-type":"","overlay-color":"","overlay-opacity":"","overlay-gradient":""},"mobile":{"background-color":"","background-image":"","background-repeat":"repeat","background-position":"center center","background-size":"auto","background-attachment":"scroll","background-type":"","background-media":"","overlay-type":"","overlay-color":"","overlay-opacity":"","overlay-gradient":""}},"ast-content-background-meta":{"desktop":{"background-color":"var(--ast-global-color-5)","background-image":"","background-repeat":"repeat","background-position":"center center","background-size":"auto","background-attachment":"scroll","background-type":"","background-media":"","overlay-type":"","overlay-color":"","overlay-opacity":"","overlay-gradient":""},"tablet":{"background-color":"var(--ast-global-color-5)","background-image":"","background-repeat":"repeat","background-position":"center center","background-size":"auto","background-attachment":"scroll","background-type":"","background-media":"","overlay-type":"","overlay-color":"","overlay-opacity":"","overlay-gradient":""},"mobile":{"background-color":"var(--ast-global-color-5)","background-image":"","background-repeat":"repeat","background-position":"center center","background-size":"auto","background-attachment":"scroll","background-type":"","background-media":"","overlay-type":"","overlay-color":"","overlay-opacity":"","overlay-gradient":""}}},"product_cat":[64],"product_tag":[],"class_list":{"0":"post-6495","1":"product","2":"type-product","3":"status-publish","4":"has-post-thumbnail","6":"product_cat-travel-adapter","7":"desktop-align-center","8":"tablet-align-center","9":"mobile-align-center","11":"first","12":"instock","13":"shipping-taxable","14":"product-type-simple"},"_links":{"self":[{"href":"https:\/\/imiapower.com\/fr\/wp-json\/wp\/v2\/product\/6495","targetHints":{"allow":["GET"]}}],"collection":[{"href":"https:\/\/imiapower.com\/fr\/wp-json\/wp\/v2\/product"}],"about":[{"href":"https:\/\/imiapower.com\/fr\/wp-json\/wp\/v2\/types\/product"}],"replies":[{"embeddable":true,"href":"https:\/\/imiapower.com\/fr\/wp-json\/wp\/v2\/comments?post=6495"}],"version-history":[{"count":4,"href":"https:\/\/imiapower.com\/fr\/wp-json\/wp\/v2\/product\/6495\/revisions"}],"predecessor-version":[{"id":9201,"href":"https:\/\/imiapower.com\/fr\/wp-json\/wp\/v2\/product\/6495\/revisions\/9201"}],"wp:featuredmedia":[{"embeddable":true,"href":"https:\/\/imiapower.com\/fr\/wp-json\/wp\/v2\/media\/7455"}],"wp:attachment":[{"href":"https:\/\/imiapower.com\/fr\/wp-json\/wp\/v2\/media?parent=6495"}],"wp:term":[{"taxonomy":"product_cat","embeddable":true,"href":"https:\/\/imiapower.com\/fr\/wp-json\/wp\/v2\/product_cat?post=6495"},{"taxonomy":"product_tag","embeddable":true,"href":"https:\/\/imiapower.com\/fr\/wp-json\/wp\/v2\/product_tag?post=6495"}],"curies":[{"name":"wp","href":"https:\/\/api.w.org\/{rel}","templated":true}]}}