{"id":6499,"date":"2024-01-26T04:14:59","date_gmt":"2024-01-26T04:14:59","guid":{"rendered":"https:\/\/imia.com.cn\/?post_type=product&#038;p=6499"},"modified":"2024-11-30T03:07:57","modified_gmt":"2024-11-30T03:07:57","slug":"universal-travel-adapter","status":"publish","type":"product","link":"https:\/\/imiapower.com\/fr\/products\/travel-adapter\/universal-travel-adapter\/","title":{"rendered":"Adorable adaptateur de voyage universel USB C PD 65w I-T655"},"content":{"rendered":"<ul>\n<li><strong>adaptateur de voyage universel<\/strong><\/li>\n<li><strong>Type-C1\u00a0:<\/strong> 5 V\/3 A 9 V\/3 A 12 V\/3 A 15 V\/3 A 20 V\/3,25 A Max 65 W PPS 5 V-11 V\/4,05 A<\/li>\n<li><strong>USB-A\u00a0:<\/strong> 5 V\/3 A 9 V\/2 A 12 V\/1,5 A Max 18 W<\/li>\n<li><strong>Type-C2\/C3\/C4\u00a0:<\/strong> 5V3A 15W<\/li>\n<li><strong>Type C1+USBA\u00a0:<\/strong>PD45W+18W (5V3A\/9V3A\/12V3A\/15V2,5A\/20V2,25A 45w+5V\/3A 9V\/2A 12V\/1,5A maximum 18W)<\/li>\n<li><strong>Tapez C1+C2\/C3\/C4\u00a0:<\/strong> PD45W+15W(5V3A\/9V3A\/12V3A\/15V2.5A\/20V2.25A 45w+ 5V3A 15W)<\/li>\n<li><strong>TypeC2+C3\/C3+C4\/C2+C4\u00a0:<\/strong> partag\u00e9 5V3A 15W<\/li>\n<li><strong>TypeC1+C2+C3\/C1+C2+USBA\/C1+C3+USBA\u00a0:<\/strong> PD45W+15W(5V3A\/9V3A\/12V3A\/15V2.5A\/20V2.25A 45w+ 5V3A 15W)<\/li>\n<li><strong>C1+C2+C3+C4\/C1+C2+C3+USBA\u00a0:<\/strong> PD45W+15W(5V3A\/9V3A\/12V3A\/15V2.5A\/20V2.25A 45w+ 5V3A 15W)<\/li>\n<li><strong>TypeC2+C3+C4+USBA\u00a0:<\/strong>\u00a0partag\u00e9 5V3A 15W<\/li>\n<li><strong>TypeC1+C2+C3+C4+A1\u00a0:<\/strong> PD45W+15W(5V3A\/9V3A\/12V3A\/15V2.5A\/20V2.25A 45w+ 5V3A 15W)<\/li>\n<li><strong>Taille:<\/strong> 50x70x65mm<\/li>\n<li><strong>Mat\u00e9riel:<\/strong> PC cuit + m\u00e9tal Cooper<\/li>\n<li><strong>Note:<\/strong> Le tout-en-un UE\/AU\/Royaume-Uni\/\u00c9tats-Unis peut \u00eatre utilis\u00e9 dans plus de 170 pays<\/li>\n<li><strong>Attestation\u00a0:<\/strong> UKCA, CE, FCC<\/li>\n<\/ul>","protected":false},"excerpt":{"rendered":"<p><img fetchpriority=\"high\" decoding=\"async\" class=\"alignnone size-medium wp-image-8727\" src=\"https:\/\/imiapower.com\/wp-content\/uploads\/Travel-Adapter-6-1-216x300.jpg\" alt=\"adaptateur de voyage universel\" width=\"216\" height=\"300\" srcset=\"https:\/\/imiapower.com\/wp-content\/uploads\/Travel-Adapter-6-1-216x300.jpg 216w, https:\/\/imiapower.com\/wp-content\/uploads\/Travel-Adapter-6-1-600x833.jpg 600w, https:\/\/imiapower.com\/wp-content\/uploads\/Travel-Adapter-6-1-64x89.jpg 64w, https:\/\/imiapower.com\/wp-content\/uploads\/Travel-Adapter-6-1-737x1024.jpg 737w, https:\/\/imiapower.com\/wp-content\/uploads\/Travel-Adapter-6-1-768x1067.jpg 768w, https:\/\/imiapower.com\/wp-content\/uploads\/Travel-Adapter-6-1-9x12.jpg 9w, https:\/\/imiapower.com\/wp-content\/uploads\/Travel-Adapter-6-1.jpg 800w\" sizes=\"(max-width: 216px) 100vw, 216px\" \/> <img decoding=\"async\" class=\"alignnone size-medium wp-image-8728\" src=\"https:\/\/imiapower.com\/wp-content\/uploads\/Travel-Adapter-13-238x300.jpg\" alt=\"adaptateur de voyage universel\" width=\"238\" height=\"300\" srcset=\"https:\/\/imiapower.com\/wp-content\/uploads\/Travel-Adapter-13-238x300.jpg 238w, https:\/\/imiapower.com\/wp-content\/uploads\/Travel-Adapter-13-600x755.jpg 600w, https:\/\/imiapower.com\/wp-content\/uploads\/Travel-Adapter-13-64x81.jpg 64w, https:\/\/imiapower.com\/wp-content\/uploads\/Travel-Adapter-13-768x966.jpg 768w, https:\/\/imiapower.com\/wp-content\/uploads\/Travel-Adapter-13-10x12.jpg 10w, https:\/\/imiapower.com\/wp-content\/uploads\/Travel-Adapter-13.jpg 778w\" sizes=\"(max-width: 238px) 100vw, 238px\" \/> <img decoding=\"async\" class=\"alignnone size-medium wp-image-8729\" src=\"https:\/\/imiapower.com\/wp-content\/uploads\/Travel-Adapter-14-216x300.jpg\" alt=\"adaptateur de voyage universel\" width=\"216\" height=\"300\" srcset=\"https:\/\/imiapower.com\/wp-content\/uploads\/Travel-Adapter-14-216x300.jpg 216w, https:\/\/imiapower.com\/wp-content\/uploads\/Travel-Adapter-14-600x833.jpg 600w, https:\/\/imiapower.com\/wp-content\/uploads\/Travel-Adapter-14-64x89.jpg 64w, https:\/\/imiapower.com\/wp-content\/uploads\/Travel-Adapter-14-737x1024.jpg 737w, https:\/\/imiapower.com\/wp-content\/uploads\/Travel-Adapter-14-768x1067.jpg 768w, https:\/\/imiapower.com\/wp-content\/uploads\/Travel-Adapter-14-9x12.jpg 9w, https:\/\/imiapower.com\/wp-content\/uploads\/Travel-Adapter-14.jpg 800w\" sizes=\"(max-width: 216px) 100vw, 216px\" \/><\/p>\n<p>&nbsp;<\/p>\n<p>Il s&#039;agit d&#039;un produit n\u00e9cessaire pour voyager dans diff\u00e9rents pays, car diff\u00e9rents pays, la prise de charge est diff\u00e9rente, cet adaptateur comprenant une prise EU, US, AUS, UK peut r\u00e9pondre aux demandes de prise de la plupart des pays.<\/p>\n<p>Cet adaptateur de voyage avec 4 ports de charge de type C, car les c\u00e2bles de type C jouent un r\u00f4le important sur le march\u00e9 \u00e9lectronique, notre conception suit la tendance du march\u00e9 et r\u00e9pond en m\u00eame temps au chargement des appareils \u00e9lectroniques.<\/p>\n<p>Cet adaptateur de voyage universel attire de nombreux clients de marque apr\u00e8s son lancement<\/p>\n<p>Cet adaptateur de voyage universel convient aux petites prises sud-africaines pour lesquelles d&#039;autres fournisseurs n&#039;ont pas remarqu\u00e9 ce probl\u00e8me<\/p>\n<p>Pour cet adaptateur de voyage universel, nous avons appliqu\u00e9 des certifications populaires telles que CE, UKCA, FCC, LVD, ERP, REACH, ROHS.<\/p>\n<p>Nous proposons \u00e9galement des logos personnalis\u00e9s. Lorsque l&#039;utilisateur charge le t\u00e9l\u00e9phone avec cet adaptateur, le logo appara\u00eetra sur le dessus de l&#039;adaptateur.<\/p>\n<p>Nous fournissons des \u00e9chantillons gratuits \u00e0 nos pr\u00e9cieux clients pour tester<\/p>\n<p>Le plus important est notre prix inf\u00e9rieur \u00e0 celui de nos concurrents<\/p>\n<p>Prenez notre adaptateur de voyage universel pour profiter de vos vacances dans tous les pays<\/p>\n<p>USBA D+,D-intelligent.\/USB D+,D-Reconnaissance intelligente, prise en charge QC3.0,QC2.0,SCP,FCP,AFC,APPLE2.4A,BC1.2. TYPE-C1 prend en charge PD3.0, QC3.0, QC2.0, SCP, FCP, AFC, APPLE2.4A, BC1.2.<\/p>\n<p>D\u00e9lai de production : 25-30 jours<\/p>\n<div id=\"gtx-trans\" style=\"position: absolute; left: -152px; top: -3px;\">\n<div class=\"gtx-trans-icon\"><\/div>\n<\/div>","protected":false},"featured_media":7636,"comment_status":"closed","ping_status":"closed","template":"","meta":{"rank_math_lock_modified_date":false,"site-sidebar-layout":"default","site-content-layout":"","ast-site-content-layout":"default","site-content-style":"default","site-sidebar-style":"default","ast-global-header-display":"","ast-banner-title-visibility":"","ast-main-header-display":"","ast-hfb-above-header-display":"","ast-hfb-below-header-display":"","ast-hfb-mobile-header-display":"","site-post-title":"","ast-breadcrumbs-content":"","ast-featured-img":"","footer-sml-layout":"","ast-disable-related-posts":"","theme-transparent-header-meta":"default","adv-header-id-meta":"","stick-header-meta":"","header-above-stick-meta":"","header-main-stick-meta":"","header-below-stick-meta":"","astra-migrate-meta-layouts":"set","ast-page-background-enabled":"default","ast-page-background-meta":{"desktop":{"background-color":"","background-image":"","background-repeat":"repeat","background-position":"center center","background-size":"auto","background-attachment":"scroll","background-type":"","background-media":"","overlay-type":"","overlay-color":"","overlay-opacity":"","overlay-gradient":""},"tablet":{"background-color":"","background-image":"","background-repeat":"repeat","background-position":"center center","background-size":"auto","background-attachment":"scroll","background-type":"","background-media":"","overlay-type":"","overlay-color":"","overlay-opacity":"","overlay-gradient":""},"mobile":{"background-color":"","background-image":"","background-repeat":"repeat","background-position":"center center","background-size":"auto","background-attachment":"scroll","background-type":"","background-media":"","overlay-type":"","overlay-color":"","overlay-opacity":"","overlay-gradient":""}},"ast-content-background-meta":{"desktop":{"background-color":"var(--ast-global-color-5)","background-image":"","background-repeat":"repeat","background-position":"center center","background-size":"auto","background-attachment":"scroll","background-type":"","background-media":"","overlay-type":"","overlay-color":"","overlay-opacity":"","overlay-gradient":""},"tablet":{"background-color":"var(--ast-global-color-5)","background-image":"","background-repeat":"repeat","background-position":"center center","background-size":"auto","background-attachment":"scroll","background-type":"","background-media":"","overlay-type":"","overlay-color":"","overlay-opacity":"","overlay-gradient":""},"mobile":{"background-color":"var(--ast-global-color-5)","background-image":"","background-repeat":"repeat","background-position":"center center","background-size":"auto","background-attachment":"scroll","background-type":"","background-media":"","overlay-type":"","overlay-color":"","overlay-opacity":"","overlay-gradient":""}}},"product_cat":[64],"product_tag":[],"class_list":{"0":"post-6499","1":"product","2":"type-product","3":"status-publish","4":"has-post-thumbnail","6":"product_cat-travel-adapter","7":"desktop-align-center","8":"tablet-align-center","9":"mobile-align-center","11":"first","12":"instock","13":"featured","14":"shipping-taxable","15":"product-type-simple"},"_links":{"self":[{"href":"https:\/\/imiapower.com\/fr\/wp-json\/wp\/v2\/product\/6499","targetHints":{"allow":["GET"]}}],"collection":[{"href":"https:\/\/imiapower.com\/fr\/wp-json\/wp\/v2\/product"}],"about":[{"href":"https:\/\/imiapower.com\/fr\/wp-json\/wp\/v2\/types\/product"}],"replies":[{"embeddable":true,"href":"https:\/\/imiapower.com\/fr\/wp-json\/wp\/v2\/comments?post=6499"}],"version-history":[{"count":5,"href":"https:\/\/imiapower.com\/fr\/wp-json\/wp\/v2\/product\/6499\/revisions"}],"predecessor-version":[{"id":8108,"href":"https:\/\/imiapower.com\/fr\/wp-json\/wp\/v2\/product\/6499\/revisions\/8108"}],"wp:featuredmedia":[{"embeddable":true,"href":"https:\/\/imiapower.com\/fr\/wp-json\/wp\/v2\/media\/7636"}],"wp:attachment":[{"href":"https:\/\/imiapower.com\/fr\/wp-json\/wp\/v2\/media?parent=6499"}],"wp:term":[{"taxonomy":"product_cat","embeddable":true,"href":"https:\/\/imiapower.com\/fr\/wp-json\/wp\/v2\/product_cat?post=6499"},{"taxonomy":"product_tag","embeddable":true,"href":"https:\/\/imiapower.com\/fr\/wp-json\/wp\/v2\/product_tag?post=6499"}],"curies":[{"name":"wp","href":"https:\/\/api.w.org\/{rel}","templated":true}]}}