{"id":7122,"date":"2024-03-15T03:50:30","date_gmt":"2024-03-15T03:50:30","guid":{"rendered":"https:\/\/imia.com.cn\/?post_type=product&#038;p=7122"},"modified":"2026-01-05T08:15:11","modified_gmt":"2026-01-05T08:15:11","slug":"65w-usb-c-laptop-charger","status":"publish","type":"product","link":"https:\/\/imiapower.com\/fr\/products\/wall-charger\/65w-usb-c-laptop-charger\/","title":{"rendered":"Chargeur cr\u00e9atif pour ordinateur portable USB C 65 W avec c\u00e2ble de 1,2 m"},"content":{"rendered":"<ul>\n<li><strong>Chargeur pour ordinateur portable USB C 65 W<\/strong><\/li>\n<li><strong>Dimension:<\/strong>65*65*29MM<\/li>\n<li><strong>Caract\u00e9ristique:<\/strong> Prise am\u00e9ricaine pliable<\/li>\n<li><strong>Sortir<\/strong> 5 V\/3 A, 9 V\/3 A, 12 V\/3 A, 15 V\/3 A, 20 V\/3,25 A (65 W max.)<\/li>\n<li><strong>Couleur:<\/strong> Noir blanc<\/li>\n<li><strong>Saisir :<\/strong> 100-240 VCA 50\/60 Hz<\/li>\n<li><strong>Certificat :<\/strong> UL\/FCC\/CE\/CB\/UKCA\/PSE<\/li>\n<li><strong>Suppl\u00e9mentaire:<\/strong> C\u00e2ble de type C de 1,2\u00a0M<\/li>\n<li><strong>Couverture:<\/strong> Mat\u00e9riau r\u00e9sistant au feu<\/li>\n<\/ul>","protected":false},"excerpt":{"rendered":"<p>Cet adaptateur secteur de 65 W est certifi\u00e9 dans le monde entier. Les clients qui l&#039;ach\u00e8tent chez nous peuvent le vendre dans n&#039;importe quel pays et c&#039;est une bonne option pour charger un ordinateur portable \u00e0 vitesse rapide.<\/p>\n<p>Il s&#039;agit d&#039;un remplacement ultra fin et compact pour les adaptateurs d&#039;alimentation d&#039;origine d\u00e9fectueux ou perdus. Il convient \u00e9galement parfaitement comme deuxi\u00e8me adaptateur secteur au bureau, en voyage ou \u00e0 la maison.<\/p>\n<p>Compatible avec les derniers ordinateurs portables\/ordinateurs portables\/smartphones charg\u00e9s via le connecteur USB-C<\/p>\n<p>Des prises USA\/UK\/EU\/AUS sont disponibles<\/p>\n<p>Des \u00e9chantillons gratuits peuvent \u00eatre fournis<\/p>\n<p>Compar\u00e9 \u00e0 d&#039;autres, ce chargeur USB C pour ordinateur portable de 65 W offre une garantie de 3 ans.<\/p>\n<p>&nbsp;<\/p>\n<p>&nbsp;<\/p>\n<p>&nbsp;<\/p>\n<p>&nbsp;<\/p>","protected":false},"featured_media":7390,"comment_status":"open","ping_status":"closed","template":"","meta":{"rank_math_lock_modified_date":false,"site-sidebar-layout":"default","site-content-layout":"","ast-site-content-layout":"default","site-content-style":"default","site-sidebar-style":"default","ast-global-header-display":"","ast-banner-title-visibility":"","ast-main-header-display":"","ast-hfb-above-header-display":"","ast-hfb-below-header-display":"","ast-hfb-mobile-header-display":"","site-post-title":"","ast-breadcrumbs-content":"","ast-featured-img":"","footer-sml-layout":"","ast-disable-related-posts":"","theme-transparent-header-meta":"default","adv-header-id-meta":"","stick-header-meta":"","header-above-stick-meta":"","header-main-stick-meta":"","header-below-stick-meta":"","astra-migrate-meta-layouts":"set","ast-page-background-enabled":"default","ast-page-background-meta":{"desktop":{"background-color":"","background-image":"","background-repeat":"repeat","background-position":"center center","background-size":"auto","background-attachment":"scroll","background-type":"","background-media":"","overlay-type":"","overlay-color":"","overlay-opacity":"","overlay-gradient":""},"tablet":{"background-color":"","background-image":"","background-repeat":"repeat","background-position":"center center","background-size":"auto","background-attachment":"scroll","background-type":"","background-media":"","overlay-type":"","overlay-color":"","overlay-opacity":"","overlay-gradient":""},"mobile":{"background-color":"","background-image":"","background-repeat":"repeat","background-position":"center center","background-size":"auto","background-attachment":"scroll","background-type":"","background-media":"","overlay-type":"","overlay-color":"","overlay-opacity":"","overlay-gradient":""}},"ast-content-background-meta":{"desktop":{"background-color":"var(--ast-global-color-5)","background-image":"","background-repeat":"repeat","background-position":"center center","background-size":"auto","background-attachment":"scroll","background-type":"","background-media":"","overlay-type":"","overlay-color":"","overlay-opacity":"","overlay-gradient":""},"tablet":{"background-color":"var(--ast-global-color-5)","background-image":"","background-repeat":"repeat","background-position":"center center","background-size":"auto","background-attachment":"scroll","background-type":"","background-media":"","overlay-type":"","overlay-color":"","overlay-opacity":"","overlay-gradient":""},"mobile":{"background-color":"var(--ast-global-color-5)","background-image":"","background-repeat":"repeat","background-position":"center center","background-size":"auto","background-attachment":"scroll","background-type":"","background-media":"","overlay-type":"","overlay-color":"","overlay-opacity":"","overlay-gradient":""}}},"product_cat":[43],"product_tag":[],"class_list":{"0":"post-7122","1":"product","2":"type-product","3":"status-publish","4":"has-post-thumbnail","6":"product_cat-wall-charger","7":"desktop-align-center","8":"tablet-align-center","9":"mobile-align-center","11":"first","12":"instock","13":"featured","14":"shipping-taxable","15":"product-type-simple"},"_links":{"self":[{"href":"https:\/\/imiapower.com\/fr\/wp-json\/wp\/v2\/product\/7122","targetHints":{"allow":["GET"]}}],"collection":[{"href":"https:\/\/imiapower.com\/fr\/wp-json\/wp\/v2\/product"}],"about":[{"href":"https:\/\/imiapower.com\/fr\/wp-json\/wp\/v2\/types\/product"}],"replies":[{"embeddable":true,"href":"https:\/\/imiapower.com\/fr\/wp-json\/wp\/v2\/comments?post=7122"}],"version-history":[{"count":3,"href":"https:\/\/imiapower.com\/fr\/wp-json\/wp\/v2\/product\/7122\/revisions"}],"predecessor-version":[{"id":7904,"href":"https:\/\/imiapower.com\/fr\/wp-json\/wp\/v2\/product\/7122\/revisions\/7904"}],"wp:featuredmedia":[{"embeddable":true,"href":"https:\/\/imiapower.com\/fr\/wp-json\/wp\/v2\/media\/7390"}],"wp:attachment":[{"href":"https:\/\/imiapower.com\/fr\/wp-json\/wp\/v2\/media?parent=7122"}],"wp:term":[{"taxonomy":"product_cat","embeddable":true,"href":"https:\/\/imiapower.com\/fr\/wp-json\/wp\/v2\/product_cat?post=7122"},{"taxonomy":"product_tag","embeddable":true,"href":"https:\/\/imiapower.com\/fr\/wp-json\/wp\/v2\/product_tag?post=7122"}],"curies":[{"name":"wp","href":"https:\/\/api.w.org\/{rel}","templated":true}]}}