{"id":7141,"date":"2024-03-18T01:08:25","date_gmt":"2024-03-18T01:08:25","guid":{"rendered":"https:\/\/imia.com.cn\/?post_type=product&#038;p=7141"},"modified":"2024-11-29T01:37:07","modified_gmt":"2024-11-29T01:37:07","slug":"china-usb-charger-manufacturer","status":"publish","type":"product","link":"https:\/\/imiapower.com\/fr\/products\/wall-charger\/china-usb-charger-manufacturer\/","title":{"rendered":"Puissant fabricant de chargeur USB mini 33w en Chine"},"content":{"rendered":"<ul>\n<li><strong>fabricant de chargeur USB en Chine<\/strong><\/li>\n<li><strong>Saisir :<\/strong> 110-240 V CA 50-60 Hz<\/li>\n<li><strong>Sortir<\/strong> USB A\u00a0: 5V3A\/9V2A\/12V1,5A QC18W<\/li>\n<li><strong>Tapez C1\u00a0:<\/strong> 5V3A\/9V3A\/12V1,5A\/15V2A\/20V1,5A<\/li>\n<li><strong>PP\u00a0:<\/strong> 3,3V-11V 3A 3,3V-16V2A 33W MAX A+C\u00a0: 5V3A<\/li>\n<li><strong>Mat\u00e9riel:<\/strong> Mat\u00e9riau ignifuge PC<\/li>\n<li><strong>Taille:<\/strong> 30*30*68cm<\/li>\n<li><strong>Couleur:<\/strong> Rose, Bleu, Vert<\/li>\n<li><strong>Certificat :<\/strong> KC, CE, FCC, ROHS<\/li>\n<\/ul>","protected":false},"excerpt":{"rendered":"<p>En tant que fabricant de chargeurs USB en Chine, nous fournissons toujours diff\u00e9rentes s\u00e9ries de produits li\u00e9s \u00e0 l&#039;alimentation.<\/p>\n<p>C&#039;est un excellent appareil que vous pouvez utiliser facilement car la technologie prend soin de la batterie de votre t\u00e9l\u00e9phone de la meilleure fa\u00e7on.<\/p>\n<p>\u00c9quip\u00e9 de la technologie PD, il alimente efficacement vos appareils jusqu&#039;\u00e0 3 fois plus rapidement que les chargeurs standards.<\/p>\n<p>Prend en charge une large gamme d&#039;appareils t\u00e9l\u00e9phoniques de marque, nous utilisons toujours des smartphones de marques diff\u00e9rentes pour effectuer le test et nous assurons de leur compatibilit\u00e9. La technologie de charge intelligente s&#039;adapte automatiquement pour fournir la puissance optimale \u00e0 votre appareil<\/p>\n<p>&nbsp;<\/p>","protected":false},"featured_media":8240,"comment_status":"open","ping_status":"closed","template":"","meta":{"rank_math_lock_modified_date":false,"site-sidebar-layout":"default","site-content-layout":"","ast-site-content-layout":"default","site-content-style":"default","site-sidebar-style":"default","ast-global-header-display":"","ast-banner-title-visibility":"","ast-main-header-display":"","ast-hfb-above-header-display":"","ast-hfb-below-header-display":"","ast-hfb-mobile-header-display":"","site-post-title":"","ast-breadcrumbs-content":"","ast-featured-img":"","footer-sml-layout":"","ast-disable-related-posts":"","theme-transparent-header-meta":"default","adv-header-id-meta":"","stick-header-meta":"","header-above-stick-meta":"","header-main-stick-meta":"","header-below-stick-meta":"","astra-migrate-meta-layouts":"set","ast-page-background-enabled":"default","ast-page-background-meta":{"desktop":{"background-color":"","background-image":"","background-repeat":"repeat","background-position":"center center","background-size":"auto","background-attachment":"scroll","background-type":"","background-media":"","overlay-type":"","overlay-color":"","overlay-opacity":"","overlay-gradient":""},"tablet":{"background-color":"","background-image":"","background-repeat":"repeat","background-position":"center center","background-size":"auto","background-attachment":"scroll","background-type":"","background-media":"","overlay-type":"","overlay-color":"","overlay-opacity":"","overlay-gradient":""},"mobile":{"background-color":"","background-image":"","background-repeat":"repeat","background-position":"center center","background-size":"auto","background-attachment":"scroll","background-type":"","background-media":"","overlay-type":"","overlay-color":"","overlay-opacity":"","overlay-gradient":""}},"ast-content-background-meta":{"desktop":{"background-color":"var(--ast-global-color-5)","background-image":"","background-repeat":"repeat","background-position":"center center","background-size":"auto","background-attachment":"scroll","background-type":"","background-media":"","overlay-type":"","overlay-color":"","overlay-opacity":"","overlay-gradient":""},"tablet":{"background-color":"var(--ast-global-color-5)","background-image":"","background-repeat":"repeat","background-position":"center center","background-size":"auto","background-attachment":"scroll","background-type":"","background-media":"","overlay-type":"","overlay-color":"","overlay-opacity":"","overlay-gradient":""},"mobile":{"background-color":"var(--ast-global-color-5)","background-image":"","background-repeat":"repeat","background-position":"center center","background-size":"auto","background-attachment":"scroll","background-type":"","background-media":"","overlay-type":"","overlay-color":"","overlay-opacity":"","overlay-gradient":""}}},"product_cat":[43],"product_tag":[],"class_list":{"0":"post-7141","1":"product","2":"type-product","3":"status-publish","4":"has-post-thumbnail","6":"product_cat-wall-charger","7":"desktop-align-center","8":"tablet-align-center","9":"mobile-align-center","11":"first","12":"instock","13":"shipping-taxable","14":"product-type-simple"},"_links":{"self":[{"href":"https:\/\/imiapower.com\/fr\/wp-json\/wp\/v2\/product\/7141","targetHints":{"allow":["GET"]}}],"collection":[{"href":"https:\/\/imiapower.com\/fr\/wp-json\/wp\/v2\/product"}],"about":[{"href":"https:\/\/imiapower.com\/fr\/wp-json\/wp\/v2\/types\/product"}],"replies":[{"embeddable":true,"href":"https:\/\/imiapower.com\/fr\/wp-json\/wp\/v2\/comments?post=7141"}],"version-history":[{"count":5,"href":"https:\/\/imiapower.com\/fr\/wp-json\/wp\/v2\/product\/7141\/revisions"}],"predecessor-version":[{"id":8706,"href":"https:\/\/imiapower.com\/fr\/wp-json\/wp\/v2\/product\/7141\/revisions\/8706"}],"wp:featuredmedia":[{"embeddable":true,"href":"https:\/\/imiapower.com\/fr\/wp-json\/wp\/v2\/media\/8240"}],"wp:attachment":[{"href":"https:\/\/imiapower.com\/fr\/wp-json\/wp\/v2\/media?parent=7141"}],"wp:term":[{"taxonomy":"product_cat","embeddable":true,"href":"https:\/\/imiapower.com\/fr\/wp-json\/wp\/v2\/product_cat?post=7141"},{"taxonomy":"product_tag","embeddable":true,"href":"https:\/\/imiapower.com\/fr\/wp-json\/wp\/v2\/product_tag?post=7141"}],"curies":[{"name":"wp","href":"https:\/\/api.w.org\/{rel}","templated":true}]}}