{"id":7197,"date":"2024-03-22T00:15:10","date_gmt":"2024-03-22T00:15:10","guid":{"rendered":"https:\/\/imia.com.cn\/?post_type=product&#038;p=7197"},"modified":"2024-08-02T02:16:18","modified_gmt":"2024-08-02T02:16:18","slug":"usb-car-charger","status":"publish","type":"product","link":"https:\/\/imiapower.com\/fr\/products\/car-charger\/usb-car-charger\/","title":{"rendered":"Chargeur de voiture USB puissant 38W en provenance de Chine"},"content":{"rendered":"<ul>\n<li><strong>chargeur de voiture USB<\/strong><\/li>\n<li><strong>Saisir :<\/strong> DC12V-24V<\/li>\n<li><strong>Version de sortie 1# 1usb\u00a0:<\/strong> 5V2.1A<\/li>\n<li><strong>Version2# 1usb\u00a0:<\/strong> 5V3A\/9V2A\/12V1,5A (Max.18W)<\/li>\n<li><strong>Version 3# 2usb\u00a0:<\/strong> usb1 5V2.1A, usb2 5V2.1A usb1+usb2 5V3.4A<\/li>\n<li><strong>Version 4# 2usb\u00a0:<\/strong> usb1 5V3A\/9V2A\/12V1.5A(Max.18W) usb2 5V3A\/9V2A\/12V1.5A(Max.18W) Total : 36W(Max.)<\/li>\n<li><strong>Version 5# 1usb+1 type-c\u00a0:<\/strong> type\u00a0: 5V3A\/9V2.22A\/12V1.67A (Max.20W) usb1\u00a0: 5V3A\/9V2A\/12V1.5A (Max.18W) Total\u00a0: 38W (Max.)<\/li>\n<li><strong>Attestation\u00a0:<\/strong> CE, ROHS, CCC<\/li>\n<li><strong>D\u00e9lais de production<\/strong>: environ 30-35 jours<\/li>\n<\/ul>","protected":false},"excerpt":{"rendered":"<p>Le chargeur de voiture USB est commun\u00e9ment appel\u00e9 prise allume-cigare et fournit un ou plusieurs ports USB pour charger des appareils \u00e9lectroniques tels que des smartphones, des tablettes et d&#039;autres gadgets \u00e9lectroniques.<\/p>\n<p>Ce chargeur de voiture utilise un moule avec diff\u00e9rentes conceptions de puissance (diverses options 10,5 W, 18 W, 36 W, 38 W), les grossistes peuvent les vendre s\u00e9par\u00e9ment ou les d\u00e9finir \u00e0 un prix r\u00e9duit.<\/p>\n<p>Nous fournissons toujours une garantie d&#039;un an et des \u00e9chantillons gratuits<\/p>\n<p>&nbsp;<\/p>","protected":false},"featured_media":8236,"comment_status":"open","ping_status":"closed","template":"","meta":{"rank_math_lock_modified_date":false,"site-sidebar-layout":"default","site-content-layout":"","ast-site-content-layout":"default","site-content-style":"default","site-sidebar-style":"default","ast-global-header-display":"","ast-banner-title-visibility":"","ast-main-header-display":"","ast-hfb-above-header-display":"","ast-hfb-below-header-display":"","ast-hfb-mobile-header-display":"","site-post-title":"","ast-breadcrumbs-content":"","ast-featured-img":"","footer-sml-layout":"","ast-disable-related-posts":"","theme-transparent-header-meta":"default","adv-header-id-meta":"","stick-header-meta":"","header-above-stick-meta":"","header-main-stick-meta":"","header-below-stick-meta":"","astra-migrate-meta-layouts":"set","ast-page-background-enabled":"default","ast-page-background-meta":{"desktop":{"background-color":"","background-image":"","background-repeat":"repeat","background-position":"center center","background-size":"auto","background-attachment":"scroll","background-type":"","background-media":"","overlay-type":"","overlay-color":"","overlay-opacity":"","overlay-gradient":""},"tablet":{"background-color":"","background-image":"","background-repeat":"repeat","background-position":"center center","background-size":"auto","background-attachment":"scroll","background-type":"","background-media":"","overlay-type":"","overlay-color":"","overlay-opacity":"","overlay-gradient":""},"mobile":{"background-color":"","background-image":"","background-repeat":"repeat","background-position":"center center","background-size":"auto","background-attachment":"scroll","background-type":"","background-media":"","overlay-type":"","overlay-color":"","overlay-opacity":"","overlay-gradient":""}},"ast-content-background-meta":{"desktop":{"background-color":"var(--ast-global-color-5)","background-image":"","background-repeat":"repeat","background-position":"center center","background-size":"auto","background-attachment":"scroll","background-type":"","background-media":"","overlay-type":"","overlay-color":"","overlay-opacity":"","overlay-gradient":""},"tablet":{"background-color":"var(--ast-global-color-5)","background-image":"","background-repeat":"repeat","background-position":"center center","background-size":"auto","background-attachment":"scroll","background-type":"","background-media":"","overlay-type":"","overlay-color":"","overlay-opacity":"","overlay-gradient":""},"mobile":{"background-color":"var(--ast-global-color-5)","background-image":"","background-repeat":"repeat","background-position":"center center","background-size":"auto","background-attachment":"scroll","background-type":"","background-media":"","overlay-type":"","overlay-color":"","overlay-opacity":"","overlay-gradient":""}}},"product_cat":[41],"product_tag":[],"class_list":{"0":"post-7197","1":"product","2":"type-product","3":"status-publish","4":"has-post-thumbnail","6":"product_cat-car-charger","7":"desktop-align-center","8":"tablet-align-center","9":"mobile-align-center","11":"first","12":"instock","13":"shipping-taxable","14":"product-type-simple"},"_links":{"self":[{"href":"https:\/\/imiapower.com\/fr\/wp-json\/wp\/v2\/product\/7197","targetHints":{"allow":["GET"]}}],"collection":[{"href":"https:\/\/imiapower.com\/fr\/wp-json\/wp\/v2\/product"}],"about":[{"href":"https:\/\/imiapower.com\/fr\/wp-json\/wp\/v2\/types\/product"}],"replies":[{"embeddable":true,"href":"https:\/\/imiapower.com\/fr\/wp-json\/wp\/v2\/comments?post=7197"}],"version-history":[{"count":2,"href":"https:\/\/imiapower.com\/fr\/wp-json\/wp\/v2\/product\/7197\/revisions"}],"predecessor-version":[{"id":8202,"href":"https:\/\/imiapower.com\/fr\/wp-json\/wp\/v2\/product\/7197\/revisions\/8202"}],"wp:featuredmedia":[{"embeddable":true,"href":"https:\/\/imiapower.com\/fr\/wp-json\/wp\/v2\/media\/8236"}],"wp:attachment":[{"href":"https:\/\/imiapower.com\/fr\/wp-json\/wp\/v2\/media?parent=7197"}],"wp:term":[{"taxonomy":"product_cat","embeddable":true,"href":"https:\/\/imiapower.com\/fr\/wp-json\/wp\/v2\/product_cat?post=7197"},{"taxonomy":"product_tag","embeddable":true,"href":"https:\/\/imiapower.com\/fr\/wp-json\/wp\/v2\/product_tag?post=7197"}],"curies":[{"name":"wp","href":"https:\/\/api.w.org\/{rel}","templated":true}]}}